{"id":5262,"date":"2024-10-23T11:42:10","date_gmt":"2024-10-23T09:42:10","guid":{"rendered":"https:\/\/webmuestra.com\/quelagrow\/uncategorized\/trips\/"},"modified":"2025-04-06T15:46:07","modified_gmt":"2025-04-06T13:46:07","slug":"trips","status":"publish","type":"product","link":"https:\/\/www.quelagrow.com\/mx\/bioprotectores-agricultura\/insecticidas-agricultura\/trips\/","title":{"rendered":"QUELAFERT\u00ae AZOR"},"content":{"rendered":"<p>Producto con base jabonosa especialmente dise\u00f1ado para el control de mosca blanca y trips. Controla dichas plagas con residuo cero. Act\u00faa por ingesti\u00f3n y contacto.  <\/p>\n","protected":false},"excerpt":{"rendered":"<p>Producto con base jabonosa especialmente dise\u00f1ado para el control de mosca blanca y trips. Controla dichas plagas con residuo cero. Act\u00faa por ingesti\u00f3n y contacto.<\/p>\n","protected":false},"featured_media":6923,"comment_status":"closed","ping_status":"closed","template":"","meta":{"_acf_changed":false},"product_brand":[],"product_cat":[169,173],"product_tag":[],"class_list":{"0":"post-5262","1":"product","2":"type-product","3":"status-publish","4":"has-post-thumbnail","6":"product_cat-bioprotectores-agricultura","7":"product_cat-insecticidas-agricultura","9":"first","10":"instock","11":"taxable","12":"shipping-taxable","13":"product-type-simple"},"acf":[],"_links":{"self":[{"href":"https:\/\/www.quelagrow.com\/mx\/wp-json\/wp\/v2\/product\/5262","targetHints":{"allow":["GET"]}}],"collection":[{"href":"https:\/\/www.quelagrow.com\/mx\/wp-json\/wp\/v2\/product"}],"about":[{"href":"https:\/\/www.quelagrow.com\/mx\/wp-json\/wp\/v2\/types\/product"}],"replies":[{"embeddable":true,"href":"https:\/\/www.quelagrow.com\/mx\/wp-json\/wp\/v2\/comments?post=5262"}],"version-history":[{"count":1,"href":"https:\/\/www.quelagrow.com\/mx\/wp-json\/wp\/v2\/product\/5262\/revisions"}],"predecessor-version":[{"id":7223,"href":"https:\/\/www.quelagrow.com\/mx\/wp-json\/wp\/v2\/product\/5262\/revisions\/7223"}],"wp:featuredmedia":[{"embeddable":true,"href":"https:\/\/www.quelagrow.com\/mx\/wp-json\/wp\/v2\/media\/6923"}],"wp:attachment":[{"href":"https:\/\/www.quelagrow.com\/mx\/wp-json\/wp\/v2\/media?parent=5262"}],"wp:term":[{"taxonomy":"product_brand","embeddable":true,"href":"https:\/\/www.quelagrow.com\/mx\/wp-json\/wp\/v2\/product_brand?post=5262"},{"taxonomy":"product_cat","embeddable":true,"href":"https:\/\/www.quelagrow.com\/mx\/wp-json\/wp\/v2\/product_cat?post=5262"},{"taxonomy":"product_tag","embeddable":true,"href":"https:\/\/www.quelagrow.com\/mx\/wp-json\/wp\/v2\/product_tag?post=5262"}],"curies":[{"name":"wp","href":"https:\/\/api.w.org\/{rel}","templated":true}]}}