{"id":5263,"date":"2024-10-23T11:24:56","date_gmt":"2024-10-23T09:24:56","guid":{"rendered":"https:\/\/webmuestra.com\/quelagrow\/uncategorized\/natural-plantas\/"},"modified":"2025-04-06T16:34:06","modified_gmt":"2025-04-06T14:34:06","slug":"natural-plantas","status":"publish","type":"product","link":"https:\/\/www.quelagrow.com\/mx\/bioprotectores-agricultura\/insecticidas-agricultura\/natural-plantas\/","title":{"rendered":"QUELAFERT\u00ae QUELAKAN"},"content":{"rendered":"<p>Producto a base de extractos de plantas (Cinnamomum verum J. Presl.) con acci\u00f3n insecticida frente a insectos de cuerpo blando con una doble acci\u00f3n:<\/p>\n<ul>\n<li>Congesti\u00f3n de los orificios (espir\u00e1culos) por donde respiran los insectos provocando su ahogo.<\/li>\n<li>Repelencia al irritar el cuerpo del insecto.<\/li>\n<\/ul>\n","protected":false},"excerpt":{"rendered":"<p>Producto a base de extractos de plantas (Cinnamomum verum J. Presl.) con acci\u00f3n insecticida frente a insectos de cuerpo blando con una doble acci\u00f3n: Congesti\u00f3n de los orificios (espir\u00e1culos) por donde respiran los insectos provocando su ahogo. Repelencia al irritar el cuerpo del insecto.<\/p>\n","protected":false},"featured_media":7124,"comment_status":"closed","ping_status":"closed","template":"","meta":{"_acf_changed":false},"product_brand":[],"product_cat":[169,173],"product_tag":[],"class_list":{"0":"post-5263","1":"product","2":"type-product","3":"status-publish","4":"has-post-thumbnail","6":"product_cat-bioprotectores-agricultura","7":"product_cat-insecticidas-agricultura","9":"first","10":"instock","11":"taxable","12":"shipping-taxable","13":"product-type-simple"},"acf":[],"_links":{"self":[{"href":"https:\/\/www.quelagrow.com\/mx\/wp-json\/wp\/v2\/product\/5263","targetHints":{"allow":["GET"]}}],"collection":[{"href":"https:\/\/www.quelagrow.com\/mx\/wp-json\/wp\/v2\/product"}],"about":[{"href":"https:\/\/www.quelagrow.com\/mx\/wp-json\/wp\/v2\/types\/product"}],"replies":[{"embeddable":true,"href":"https:\/\/www.quelagrow.com\/mx\/wp-json\/wp\/v2\/comments?post=5263"}],"version-history":[{"count":1,"href":"https:\/\/www.quelagrow.com\/mx\/wp-json\/wp\/v2\/product\/5263\/revisions"}],"predecessor-version":[{"id":7243,"href":"https:\/\/www.quelagrow.com\/mx\/wp-json\/wp\/v2\/product\/5263\/revisions\/7243"}],"wp:featuredmedia":[{"embeddable":true,"href":"https:\/\/www.quelagrow.com\/mx\/wp-json\/wp\/v2\/media\/7124"}],"wp:attachment":[{"href":"https:\/\/www.quelagrow.com\/mx\/wp-json\/wp\/v2\/media?parent=5263"}],"wp:term":[{"taxonomy":"product_brand","embeddable":true,"href":"https:\/\/www.quelagrow.com\/mx\/wp-json\/wp\/v2\/product_brand?post=5263"},{"taxonomy":"product_cat","embeddable":true,"href":"https:\/\/www.quelagrow.com\/mx\/wp-json\/wp\/v2\/product_cat?post=5263"},{"taxonomy":"product_tag","embeddable":true,"href":"https:\/\/www.quelagrow.com\/mx\/wp-json\/wp\/v2\/product_tag?post=5263"}],"curies":[{"name":"wp","href":"https:\/\/api.w.org\/{rel}","templated":true}]}}