{"id":5264,"date":"2024-10-23T11:19:14","date_gmt":"2024-10-23T09:19:14","guid":{"rendered":"https:\/\/webmuestra.com\/quelagrow\/uncategorized\/quelafert-az-3000\/"},"modified":"2025-03-30T13:51:39","modified_gmt":"2025-03-30T11:51:39","slug":"quelafert-az-3000","status":"publish","type":"product","link":"https:\/\/www.quelagrow.com\/mx\/bioprotectores-agricultura\/insecticidas-agricultura\/quelafert-az-3000\/","title":{"rendered":"QUELAFERT\u00ae Az3000"},"content":{"rendered":"<p>QUELAFERT\u00ae AZ3000. Extractos de aceites naturales que act\u00faan como elicitor y posee un efecto insecticida mediante la estimulaci\u00f3n de los mecanismos naturales de defensa de los cultivos. Confiere un efecto protector ante pulg\u00f3n en hort\u00edcolas y frutales.<\/p>\n","protected":false},"excerpt":{"rendered":"<p>QUELAFERT\u00ae AZ3000. Extractos de aceites naturales que act\u00faan como elicitor y posee un efecto insecticida mediante la estimulaci\u00f3n de los mecanismos naturales de defensa de los cultivos. Confiere un efecto protector ante pulg\u00f3n en hort\u00edcolas y frutales.<\/p>\n","protected":false},"featured_media":8053,"comment_status":"closed","ping_status":"closed","template":"","meta":{"_acf_changed":false},"product_brand":[],"product_cat":[169,173],"product_tag":[],"class_list":{"0":"post-5264","1":"product","2":"type-product","3":"status-publish","4":"has-post-thumbnail","6":"product_cat-bioprotectores-agricultura","7":"product_cat-insecticidas-agricultura","9":"first","10":"instock","11":"taxable","12":"shipping-taxable","13":"product-type-simple"},"acf":[],"_links":{"self":[{"href":"https:\/\/www.quelagrow.com\/mx\/wp-json\/wp\/v2\/product\/5264","targetHints":{"allow":["GET"]}}],"collection":[{"href":"https:\/\/www.quelagrow.com\/mx\/wp-json\/wp\/v2\/product"}],"about":[{"href":"https:\/\/www.quelagrow.com\/mx\/wp-json\/wp\/v2\/types\/product"}],"replies":[{"embeddable":true,"href":"https:\/\/www.quelagrow.com\/mx\/wp-json\/wp\/v2\/comments?post=5264"}],"version-history":[{"count":1,"href":"https:\/\/www.quelagrow.com\/mx\/wp-json\/wp\/v2\/product\/5264\/revisions"}],"predecessor-version":[{"id":7196,"href":"https:\/\/www.quelagrow.com\/mx\/wp-json\/wp\/v2\/product\/5264\/revisions\/7196"}],"wp:featuredmedia":[{"embeddable":true,"href":"https:\/\/www.quelagrow.com\/mx\/wp-json\/wp\/v2\/media\/8053"}],"wp:attachment":[{"href":"https:\/\/www.quelagrow.com\/mx\/wp-json\/wp\/v2\/media?parent=5264"}],"wp:term":[{"taxonomy":"product_brand","embeddable":true,"href":"https:\/\/www.quelagrow.com\/mx\/wp-json\/wp\/v2\/product_brand?post=5264"},{"taxonomy":"product_cat","embeddable":true,"href":"https:\/\/www.quelagrow.com\/mx\/wp-json\/wp\/v2\/product_cat?post=5264"},{"taxonomy":"product_tag","embeddable":true,"href":"https:\/\/www.quelagrow.com\/mx\/wp-json\/wp\/v2\/product_tag?post=5264"}],"curies":[{"name":"wp","href":"https:\/\/api.w.org\/{rel}","templated":true}]}}