{"id":5267,"date":"2024-10-23T11:09:36","date_gmt":"2024-10-23T09:09:36","guid":{"rendered":"https:\/\/webmuestra.com\/quelagrow\/uncategorized\/jabon-fosforico\/"},"modified":"2025-04-06T16:27:11","modified_gmt":"2025-04-06T14:27:11","slug":"jabon-fosforico","status":"publish","type":"product","link":"https:\/\/www.quelagrow.com\/mx\/bioprotectores-agricultura\/insecticidas-agricultura\/jabon-fosforico\/","title":{"rendered":"QUELAFERT\u00ae OLEO-P"},"content":{"rendered":"<p>Producto a base de sales de aceites vegetales con alto contenido en nitr\u00f3geno y f\u00f3sforo (<strong>jab\u00f3n fosf\u00f3rico<\/strong>). Indicado como insecticida y como limpiador de las partes a\u00e9reas de los cultivos de melazas y manchas producidas por insectos y \u00e1caros como mosca blanca, pulgones, cochinillas. El producto es un <strong>jab\u00f3n fosf\u00f3rico<\/strong> que no crea resistencias y que act\u00faa por contacto, destruyendo la membrana celular de insectos, \u00e1caros y ninfas, as\u00ed como disolviendo la quitina del exoesqueleto del insecto. Debido a su capacidad para disolver la melaza, permite aumentar la sensibilidad de los insectos frente a cualquier otro agroqu\u00edmico e incluso llegar a deshidratarlos provocando su muerte. Por ello, se recomienda su uso como humectante ya que mezclado con otros productos act\u00faa como potenciador del efecto insecticida. <\/p>\n","protected":false},"excerpt":{"rendered":"<p>Producto a base de sales de aceites vegetales con alto contenido en nitr\u00f3geno y f\u00f3sforo (jab\u00f3n fosf\u00f3rico). Indicado como insecticida y como limpiador de las partes a\u00e9reas de los cultivos de melazas y manchas producidas por insectos y \u00e1caros como mosca blanca, pulgones, cochinillas. El producto es un jab\u00f3n fosf\u00f3rico que no crea resistencias y [&hellip;]<\/p>\n","protected":false},"featured_media":7118,"comment_status":"closed","ping_status":"closed","template":"","meta":{"_acf_changed":false},"product_brand":[],"product_cat":[169,173],"product_tag":[],"class_list":{"0":"post-5267","1":"product","2":"type-product","3":"status-publish","4":"has-post-thumbnail","6":"product_cat-bioprotectores-agricultura","7":"product_cat-insecticidas-agricultura","9":"first","10":"instock","11":"taxable","12":"shipping-taxable","13":"product-type-simple"},"acf":[],"_links":{"self":[{"href":"https:\/\/www.quelagrow.com\/mx\/wp-json\/wp\/v2\/product\/5267","targetHints":{"allow":["GET"]}}],"collection":[{"href":"https:\/\/www.quelagrow.com\/mx\/wp-json\/wp\/v2\/product"}],"about":[{"href":"https:\/\/www.quelagrow.com\/mx\/wp-json\/wp\/v2\/types\/product"}],"replies":[{"embeddable":true,"href":"https:\/\/www.quelagrow.com\/mx\/wp-json\/wp\/v2\/comments?post=5267"}],"version-history":[{"count":1,"href":"https:\/\/www.quelagrow.com\/mx\/wp-json\/wp\/v2\/product\/5267\/revisions"}],"predecessor-version":[{"id":7239,"href":"https:\/\/www.quelagrow.com\/mx\/wp-json\/wp\/v2\/product\/5267\/revisions\/7239"}],"wp:featuredmedia":[{"embeddable":true,"href":"https:\/\/www.quelagrow.com\/mx\/wp-json\/wp\/v2\/media\/7118"}],"wp:attachment":[{"href":"https:\/\/www.quelagrow.com\/mx\/wp-json\/wp\/v2\/media?parent=5267"}],"wp:term":[{"taxonomy":"product_brand","embeddable":true,"href":"https:\/\/www.quelagrow.com\/mx\/wp-json\/wp\/v2\/product_brand?post=5267"},{"taxonomy":"product_cat","embeddable":true,"href":"https:\/\/www.quelagrow.com\/mx\/wp-json\/wp\/v2\/product_cat?post=5267"},{"taxonomy":"product_tag","embeddable":true,"href":"https:\/\/www.quelagrow.com\/mx\/wp-json\/wp\/v2\/product_tag?post=5267"}],"curies":[{"name":"wp","href":"https:\/\/api.w.org\/{rel}","templated":true}]}}