{"id":5268,"date":"2024-10-22T22:33:55","date_gmt":"2024-10-22T20:33:55","guid":{"rendered":"https:\/\/webmuestra.com\/quelagrow\/uncategorized\/organico\/"},"modified":"2025-08-26T21:57:43","modified_gmt":"2025-08-26T19:57:43","slug":"organico","status":"publish","type":"product","link":"https:\/\/www.quelagrow.com\/mx\/fertilizantes-agricultura\/bioestimulantes-agricultura\/organico\/","title":{"rendered":"QUELAFERT\u00ae VITALIM FORTE"},"content":{"rendered":"<p><strong>VITALIM FORTE<\/strong> es un bioestimulante org\u00e1nico a base de amino\u00e1cidos hidrolizados de bajo peso molecular, polisac\u00e1ridos y microelementos.<\/p>\n<p>Presenta un alto contenido en extractos h\u00famicos y materia org\u00e1nica, estimulando el cultivo en los momentos cr\u00edticos de crecimiento (enraizamiento, brotaci\u00f3n, floraci\u00f3n (horticultura) o engorde de fruto), o cuando existen situaciones de estr\u00e9s por condiciones agron\u00f3micas o ambientales.<\/p>\n","protected":false},"excerpt":{"rendered":"<p>VITALIM FORTE es un bioestimulante org\u00e1nico a base de amino\u00e1cidos hidrolizados de bajo peso molecular, polisac\u00e1ridos y microelementos. Presenta un alto contenido en extractos h\u00famicos y materia org\u00e1nica, estimulando el cultivo en los momentos cr\u00edticos de crecimiento (enraizamiento, brotaci\u00f3n, floraci\u00f3n (horticultura) o engorde de fruto), o cuando existen situaciones de estr\u00e9s por condiciones agron\u00f3micas o [&hellip;]<\/p>\n","protected":false},"featured_media":6918,"comment_status":"closed","ping_status":"closed","template":"","meta":{"_acf_changed":false},"product_brand":[],"product_cat":[175,174],"product_tag":[177,176],"class_list":{"0":"post-5268","1":"product","2":"type-product","3":"status-publish","4":"has-post-thumbnail","6":"product_cat-bioestimulantes-agricultura","7":"product_cat-fertilizantes-agricultura","8":"product_tag-bioestimulantes-ecologicos-mx","9":"product_tag-ecologico-mx","11":"first","12":"instock","13":"taxable","14":"shipping-taxable","15":"product-type-simple"},"acf":[],"_links":{"self":[{"href":"https:\/\/www.quelagrow.com\/mx\/wp-json\/wp\/v2\/product\/5268","targetHints":{"allow":["GET"]}}],"collection":[{"href":"https:\/\/www.quelagrow.com\/mx\/wp-json\/wp\/v2\/product"}],"about":[{"href":"https:\/\/www.quelagrow.com\/mx\/wp-json\/wp\/v2\/types\/product"}],"replies":[{"embeddable":true,"href":"https:\/\/www.quelagrow.com\/mx\/wp-json\/wp\/v2\/comments?post=5268"}],"version-history":[{"count":1,"href":"https:\/\/www.quelagrow.com\/mx\/wp-json\/wp\/v2\/product\/5268\/revisions"}],"predecessor-version":[{"id":7637,"href":"https:\/\/www.quelagrow.com\/mx\/wp-json\/wp\/v2\/product\/5268\/revisions\/7637"}],"wp:featuredmedia":[{"embeddable":true,"href":"https:\/\/www.quelagrow.com\/mx\/wp-json\/wp\/v2\/media\/6918"}],"wp:attachment":[{"href":"https:\/\/www.quelagrow.com\/mx\/wp-json\/wp\/v2\/media?parent=5268"}],"wp:term":[{"taxonomy":"product_brand","embeddable":true,"href":"https:\/\/www.quelagrow.com\/mx\/wp-json\/wp\/v2\/product_brand?post=5268"},{"taxonomy":"product_cat","embeddable":true,"href":"https:\/\/www.quelagrow.com\/mx\/wp-json\/wp\/v2\/product_cat?post=5268"},{"taxonomy":"product_tag","embeddable":true,"href":"https:\/\/www.quelagrow.com\/mx\/wp-json\/wp\/v2\/product_tag?post=5268"}],"curies":[{"name":"wp","href":"https:\/\/api.w.org\/{rel}","templated":true}]}}