{"id":5273,"date":"2024-10-22T22:16:23","date_gmt":"2024-10-22T20:16:23","guid":{"rendered":"https:\/\/webmuestra.com\/quelagrow\/uncategorized\/inductor-crecimiento-y-produccion\/"},"modified":"2024-10-22T22:16:23","modified_gmt":"2024-10-22T20:16:23","slug":"inductor-crecimiento-y-produccion","status":"publish","type":"product","link":"https:\/\/www.quelagrow.com\/mx\/fertilizantes-agricultura\/bioestimulantes-agricultura\/inductor-crecimiento-y-produccion\/","title":{"rendered":"QUELAFERT\u00ae ACTIV"},"content":{"rendered":"<p>Producto a base de amino\u00e1cidos de alta calidad nutricional, f\u00e1cilmente asimilables por la planta. Activa el crecimiento vegetativo y desbloquea la planta ante situaciones de estr\u00e9s tales como: <\/p>\n<ul>\n<li>Primeras etapas del cultivo, mejorando el enraizamiento.<\/li>\n<li>Deficiencias t\u00e9rmicas e h\u00eddricas que debilitan la planta o la paralizan.<\/li>\n<li>Ayuda en los procesos metab\u00f3licos del cuajado y engorde.<\/li>\n<li>Cultivos en plena producci\u00f3n, donde hay elevadas demandas nutricionales, con lo que se consigue una mejora en los rendimientos y calidad del fruto (calibres homog\u00e9neos y mayores).<\/li>\n<li>Adelanto de las cosechas<\/li>\n<li>Mejora la coloraci\u00f3n y grados brix.<\/li>\n<\/ul>\n<p>En definitiva, <strong>Q. ACTIV <\/strong> ayuda a los cultivos a alcanzar su potencial gen\u00e9tico de cosecha y calidad.<\/p>\n","protected":false},"excerpt":{"rendered":"<p>Producto a base de amino\u00e1cidos de alta calidad nutricional, f\u00e1cilmente asimilables por la planta. Activa el crecimiento vegetativo y desbloquea la planta ante situaciones de estr\u00e9s tales como: Primeras etapas del cultivo, mejorando el enraizamiento. Deficiencias t\u00e9rmicas e h\u00eddricas que debilitan la planta o la paralizan. Ayuda en los procesos metab\u00f3licos del cuajado y engorde. [&hellip;]<\/p>\n","protected":false},"featured_media":6290,"comment_status":"closed","ping_status":"closed","template":"","meta":{"_acf_changed":false},"product_brand":[],"product_cat":[175,174],"product_tag":[],"class_list":{"0":"post-5273","1":"product","2":"type-product","3":"status-publish","4":"has-post-thumbnail","6":"product_cat-bioestimulantes-agricultura","7":"product_cat-fertilizantes-agricultura","9":"first","10":"instock","11":"taxable","12":"shipping-taxable","13":"product-type-simple"},"acf":[],"_links":{"self":[{"href":"https:\/\/www.quelagrow.com\/mx\/wp-json\/wp\/v2\/product\/5273","targetHints":{"allow":["GET"]}}],"collection":[{"href":"https:\/\/www.quelagrow.com\/mx\/wp-json\/wp\/v2\/product"}],"about":[{"href":"https:\/\/www.quelagrow.com\/mx\/wp-json\/wp\/v2\/types\/product"}],"replies":[{"embeddable":true,"href":"https:\/\/www.quelagrow.com\/mx\/wp-json\/wp\/v2\/comments?post=5273"}],"version-history":[{"count":0,"href":"https:\/\/www.quelagrow.com\/mx\/wp-json\/wp\/v2\/product\/5273\/revisions"}],"wp:featuredmedia":[{"embeddable":true,"href":"https:\/\/www.quelagrow.com\/mx\/wp-json\/wp\/v2\/media\/6290"}],"wp:attachment":[{"href":"https:\/\/www.quelagrow.com\/mx\/wp-json\/wp\/v2\/media?parent=5273"}],"wp:term":[{"taxonomy":"product_brand","embeddable":true,"href":"https:\/\/www.quelagrow.com\/mx\/wp-json\/wp\/v2\/product_brand?post=5273"},{"taxonomy":"product_cat","embeddable":true,"href":"https:\/\/www.quelagrow.com\/mx\/wp-json\/wp\/v2\/product_cat?post=5273"},{"taxonomy":"product_tag","embeddable":true,"href":"https:\/\/www.quelagrow.com\/mx\/wp-json\/wp\/v2\/product_tag?post=5273"}],"curies":[{"name":"wp","href":"https:\/\/api.w.org\/{rel}","templated":true}]}}