{"id":5274,"date":"2024-10-22T22:06:43","date_gmt":"2024-10-22T20:06:43","guid":{"rendered":"https:\/\/webmuestra.com\/quelagrow\/uncategorized\/estimulante-produccion\/"},"modified":"2024-10-22T22:06:43","modified_gmt":"2024-10-22T20:06:43","slug":"estimulante-produccion","status":"publish","type":"product","link":"https:\/\/www.quelagrow.com\/mx\/fertilizantes-agricultura\/bioestimulantes-agricultura\/estimulante-produccion\/","title":{"rendered":"QUELAFERT\u00ae ESTIM"},"content":{"rendered":"<p><strong>QUELAFERT\u00ae ESTIM<\/strong> es un concentrado de amino\u00e1cidos, \u00e1cido f\u00f3lico y AATC (en su precursor, L-cite\u00edna) formulado para estimular la brotaci\u00f3n y el crecimiento de las plantas y de sus frutos.<\/p>\n","protected":false},"excerpt":{"rendered":"<p>QUELAFERT\u00ae ESTIM es un concentrado de amino\u00e1cidos, \u00e1cido f\u00f3lico y AATC (en su precursor, L-cite\u00edna) formulado para estimular la brotaci\u00f3n y el crecimiento de las plantas y de sus frutos.<\/p>\n","protected":false},"featured_media":6985,"comment_status":"closed","ping_status":"closed","template":"","meta":{"_acf_changed":false},"product_brand":[],"product_cat":[175,174],"product_tag":[],"class_list":{"0":"post-5274","1":"product","2":"type-product","3":"status-publish","4":"has-post-thumbnail","6":"product_cat-bioestimulantes-agricultura","7":"product_cat-fertilizantes-agricultura","9":"first","10":"instock","11":"taxable","12":"shipping-taxable","13":"product-type-simple"},"acf":[],"_links":{"self":[{"href":"https:\/\/www.quelagrow.com\/mx\/wp-json\/wp\/v2\/product\/5274","targetHints":{"allow":["GET"]}}],"collection":[{"href":"https:\/\/www.quelagrow.com\/mx\/wp-json\/wp\/v2\/product"}],"about":[{"href":"https:\/\/www.quelagrow.com\/mx\/wp-json\/wp\/v2\/types\/product"}],"replies":[{"embeddable":true,"href":"https:\/\/www.quelagrow.com\/mx\/wp-json\/wp\/v2\/comments?post=5274"}],"version-history":[{"count":0,"href":"https:\/\/www.quelagrow.com\/mx\/wp-json\/wp\/v2\/product\/5274\/revisions"}],"wp:featuredmedia":[{"embeddable":true,"href":"https:\/\/www.quelagrow.com\/mx\/wp-json\/wp\/v2\/media\/6985"}],"wp:attachment":[{"href":"https:\/\/www.quelagrow.com\/mx\/wp-json\/wp\/v2\/media?parent=5274"}],"wp:term":[{"taxonomy":"product_brand","embeddable":true,"href":"https:\/\/www.quelagrow.com\/mx\/wp-json\/wp\/v2\/product_brand?post=5274"},{"taxonomy":"product_cat","embeddable":true,"href":"https:\/\/www.quelagrow.com\/mx\/wp-json\/wp\/v2\/product_cat?post=5274"},{"taxonomy":"product_tag","embeddable":true,"href":"https:\/\/www.quelagrow.com\/mx\/wp-json\/wp\/v2\/product_tag?post=5274"}],"curies":[{"name":"wp","href":"https:\/\/api.w.org\/{rel}","templated":true}]}}