{"id":5277,"date":"2024-10-22T19:57:59","date_gmt":"2024-10-22T17:57:59","guid":{"rendered":"https:\/\/webmuestra.com\/quelagrow\/uncategorized\/liquido\/"},"modified":"2024-10-22T19:57:59","modified_gmt":"2024-10-22T17:57:59","slug":"liquido","status":"publish","type":"product","link":"https:\/\/www.quelagrow.com\/mx\/fertilizantes-agricultura\/aminoacidos-agricultura\/liquido\/","title":{"rendered":"QUELAFERT\u00ae AMINO 60"},"content":{"rendered":"<p><strong>QUELAFERT\u00ae AMINO 60<\/strong> es un producto l\u00edquido a base de amino\u00e1cidos, p\u00e9ptidos, polip\u00e9ptidos, y polisac\u00e1ridos procedentes de hidr\u00f3lisis de prote\u00ednas purificadas de origen animal (epitelio) y alto contenido en materia org\u00e1nica.<\/p>\n<p>Con <strong>QUELAFERT\u00ae AMINO 60<\/strong> se ayuda a la planta ante situaciones de estr\u00e9s (sequ\u00eda, temperaturas extremas, enfermedades, \u2026) y se favorece el cuajado y desarrollo de los frutos.<\/p>\n","protected":false},"excerpt":{"rendered":"<p>QUELAFERT\u00ae AMINO 60 es un producto l\u00edquido a base de amino\u00e1cidos, p\u00e9ptidos, polip\u00e9ptidos, y polisac\u00e1ridos procedentes de hidr\u00f3lisis de prote\u00ednas purificadas de origen animal (epitelio) y alto contenido en materia org\u00e1nica. Con QUELAFERT\u00ae AMINO 60 se ayuda a la planta ante situaciones de estr\u00e9s (sequ\u00eda, temperaturas extremas, enfermedades, \u2026) y se favorece el cuajado y [&hellip;]<\/p>\n","protected":false},"featured_media":6818,"comment_status":"closed","ping_status":"closed","template":"","meta":{"_acf_changed":false},"product_brand":[],"product_cat":[178,174],"product_tag":[179,176],"class_list":{"0":"post-5277","1":"product","2":"type-product","3":"status-publish","4":"has-post-thumbnail","6":"product_cat-aminoacidos-agricultura","7":"product_cat-fertilizantes-agricultura","8":"product_tag-aminoacidos-ecologicos-mx","9":"product_tag-ecologico-mx","11":"first","12":"instock","13":"taxable","14":"shipping-taxable","15":"product-type-simple"},"acf":[],"_links":{"self":[{"href":"https:\/\/www.quelagrow.com\/mx\/wp-json\/wp\/v2\/product\/5277","targetHints":{"allow":["GET"]}}],"collection":[{"href":"https:\/\/www.quelagrow.com\/mx\/wp-json\/wp\/v2\/product"}],"about":[{"href":"https:\/\/www.quelagrow.com\/mx\/wp-json\/wp\/v2\/types\/product"}],"replies":[{"embeddable":true,"href":"https:\/\/www.quelagrow.com\/mx\/wp-json\/wp\/v2\/comments?post=5277"}],"version-history":[{"count":0,"href":"https:\/\/www.quelagrow.com\/mx\/wp-json\/wp\/v2\/product\/5277\/revisions"}],"wp:featuredmedia":[{"embeddable":true,"href":"https:\/\/www.quelagrow.com\/mx\/wp-json\/wp\/v2\/media\/6818"}],"wp:attachment":[{"href":"https:\/\/www.quelagrow.com\/mx\/wp-json\/wp\/v2\/media?parent=5277"}],"wp:term":[{"taxonomy":"product_brand","embeddable":true,"href":"https:\/\/www.quelagrow.com\/mx\/wp-json\/wp\/v2\/product_brand?post=5277"},{"taxonomy":"product_cat","embeddable":true,"href":"https:\/\/www.quelagrow.com\/mx\/wp-json\/wp\/v2\/product_cat?post=5277"},{"taxonomy":"product_tag","embeddable":true,"href":"https:\/\/www.quelagrow.com\/mx\/wp-json\/wp\/v2\/product_tag?post=5277"}],"curies":[{"name":"wp","href":"https:\/\/api.w.org\/{rel}","templated":true}]}}