{"id":5278,"date":"2024-10-22T19:56:02","date_gmt":"2024-10-22T17:56:02","guid":{"rendered":"https:\/\/webmuestra.com\/quelagrow\/uncategorized\/quelafert-quelamin-24\/"},"modified":"2024-10-22T19:56:02","modified_gmt":"2024-10-22T17:56:02","slug":"quelafert-quelamin-24","status":"publish","type":"product","link":"https:\/\/www.quelagrow.com\/mx\/fertilizantes-agricultura\/aminoacidos-agricultura\/quelafert-quelamin-24\/","title":{"rendered":"QUELAFERT\u00ae QUELAMIN 24"},"content":{"rendered":"<p><strong>QUELAMIN 24<\/strong> es un bioactivador a base de amino\u00e1cidos vegetales hidrolizados de bajo peso molecular, f\u00e1cilmente absorbibles por el tejido vegetal.<\/p>\n<p>Presenta un alto contenido en amino\u00e1cidos esenciales y materia org\u00e1nica que unido a los microelementos que aporta se convierte en un producto que mejora la actividad fotosint\u00e9tica y la s\u00edntesis de prote\u00ednas, y en general cualquier proceso fisiol\u00f3gico ya que la adici\u00f3n de amino\u00e1cidos al cultivo se ha visto que mejora en gran medida muchos de los procesos naturales de la planta.<\/p>\n","protected":false},"excerpt":{"rendered":"<p>QUELAMIN 24 es un bioactivador a base de amino\u00e1cidos vegetales hidrolizados de bajo peso molecular, f\u00e1cilmente absorbibles por el tejido vegetal. Presenta un alto contenido en amino\u00e1cidos esenciales y materia org\u00e1nica que unido a los microelementos que aporta se convierte en un producto que mejora la actividad fotosint\u00e9tica y la s\u00edntesis de prote\u00ednas, y en [&hellip;]<\/p>\n","protected":false},"featured_media":6813,"comment_status":"closed","ping_status":"closed","template":"","meta":{"_acf_changed":false},"product_brand":[],"product_cat":[178,174],"product_tag":[179,176],"class_list":{"0":"post-5278","1":"product","2":"type-product","3":"status-publish","4":"has-post-thumbnail","6":"product_cat-aminoacidos-agricultura","7":"product_cat-fertilizantes-agricultura","8":"product_tag-aminoacidos-ecologicos-mx","9":"product_tag-ecologico-mx","11":"first","12":"instock","13":"taxable","14":"shipping-taxable","15":"product-type-simple"},"acf":[],"_links":{"self":[{"href":"https:\/\/www.quelagrow.com\/mx\/wp-json\/wp\/v2\/product\/5278","targetHints":{"allow":["GET"]}}],"collection":[{"href":"https:\/\/www.quelagrow.com\/mx\/wp-json\/wp\/v2\/product"}],"about":[{"href":"https:\/\/www.quelagrow.com\/mx\/wp-json\/wp\/v2\/types\/product"}],"replies":[{"embeddable":true,"href":"https:\/\/www.quelagrow.com\/mx\/wp-json\/wp\/v2\/comments?post=5278"}],"version-history":[{"count":0,"href":"https:\/\/www.quelagrow.com\/mx\/wp-json\/wp\/v2\/product\/5278\/revisions"}],"wp:featuredmedia":[{"embeddable":true,"href":"https:\/\/www.quelagrow.com\/mx\/wp-json\/wp\/v2\/media\/6813"}],"wp:attachment":[{"href":"https:\/\/www.quelagrow.com\/mx\/wp-json\/wp\/v2\/media?parent=5278"}],"wp:term":[{"taxonomy":"product_brand","embeddable":true,"href":"https:\/\/www.quelagrow.com\/mx\/wp-json\/wp\/v2\/product_brand?post=5278"},{"taxonomy":"product_cat","embeddable":true,"href":"https:\/\/www.quelagrow.com\/mx\/wp-json\/wp\/v2\/product_cat?post=5278"},{"taxonomy":"product_tag","embeddable":true,"href":"https:\/\/www.quelagrow.com\/mx\/wp-json\/wp\/v2\/product_tag?post=5278"}],"curies":[{"name":"wp","href":"https:\/\/api.w.org\/{rel}","templated":true}]}}