{"id":5279,"date":"2024-10-22T19:41:33","date_gmt":"2024-10-22T17:41:33","guid":{"rendered":"https:\/\/webmuestra.com\/quelagrow\/uncategorized\/microelementos\/"},"modified":"2024-10-22T19:41:33","modified_gmt":"2024-10-22T17:41:33","slug":"microelementos","status":"publish","type":"product","link":"https:\/\/www.quelagrow.com\/mx\/fertilizantes-agricultura\/aminoacidos-agricultura\/microelementos\/","title":{"rendered":"QUELAFERT\u00ae RADICULAR"},"content":{"rendered":"<p><strong>QUELAFERT\u00ae RADICULAR<\/strong> es un bioactivador a base de amino\u00e1cidos vegetales hidrolizados de bajo peso molecular, f\u00e1cilmente absorbibles por el tejido vegetal; es un producto que mejora la actividad fotosint\u00e9tica y la s\u00edntesis de prote\u00ednas.<\/p>\n<p>Con <strong>QUELAFERT\u00ae RADICULAR<\/strong> se ayuda a la planta ante situaciones de estr\u00e9s (sequ\u00eda, temperaturas extremas, enfermedades\u2026) y se favorece el cuajado y desarrollo de los frutos.<\/p>\n","protected":false},"excerpt":{"rendered":"<p>QUELAFERT\u00ae RADICULAR es un bioactivador a base de amino\u00e1cidos vegetales hidrolizados de bajo peso molecular, f\u00e1cilmente absorbibles por el tejido vegetal; es un producto que mejora la actividad fotosint\u00e9tica y la s\u00edntesis de prote\u00ednas. Con QUELAFERT\u00ae RADICULAR se ayuda a la planta ante situaciones de estr\u00e9s (sequ\u00eda, temperaturas extremas, enfermedades\u2026) y se favorece el cuajado [&hellip;]<\/p>\n","protected":false},"featured_media":6808,"comment_status":"closed","ping_status":"closed","template":"","meta":{"_acf_changed":false},"product_brand":[],"product_cat":[178,174],"product_tag":[],"class_list":{"0":"post-5279","1":"product","2":"type-product","3":"status-publish","4":"has-post-thumbnail","6":"product_cat-aminoacidos-agricultura","7":"product_cat-fertilizantes-agricultura","9":"first","10":"instock","11":"taxable","12":"shipping-taxable","13":"product-type-simple"},"acf":[],"_links":{"self":[{"href":"https:\/\/www.quelagrow.com\/mx\/wp-json\/wp\/v2\/product\/5279","targetHints":{"allow":["GET"]}}],"collection":[{"href":"https:\/\/www.quelagrow.com\/mx\/wp-json\/wp\/v2\/product"}],"about":[{"href":"https:\/\/www.quelagrow.com\/mx\/wp-json\/wp\/v2\/types\/product"}],"replies":[{"embeddable":true,"href":"https:\/\/www.quelagrow.com\/mx\/wp-json\/wp\/v2\/comments?post=5279"}],"version-history":[{"count":0,"href":"https:\/\/www.quelagrow.com\/mx\/wp-json\/wp\/v2\/product\/5279\/revisions"}],"wp:featuredmedia":[{"embeddable":true,"href":"https:\/\/www.quelagrow.com\/mx\/wp-json\/wp\/v2\/media\/6808"}],"wp:attachment":[{"href":"https:\/\/www.quelagrow.com\/mx\/wp-json\/wp\/v2\/media?parent=5279"}],"wp:term":[{"taxonomy":"product_brand","embeddable":true,"href":"https:\/\/www.quelagrow.com\/mx\/wp-json\/wp\/v2\/product_brand?post=5279"},{"taxonomy":"product_cat","embeddable":true,"href":"https:\/\/www.quelagrow.com\/mx\/wp-json\/wp\/v2\/product_cat?post=5279"},{"taxonomy":"product_tag","embeddable":true,"href":"https:\/\/www.quelagrow.com\/mx\/wp-json\/wp\/v2\/product_tag?post=5279"}],"curies":[{"name":"wp","href":"https:\/\/api.w.org\/{rel}","templated":true}]}}