{"id":5280,"date":"2024-10-14T19:37:18","date_gmt":"2024-10-14T17:37:18","guid":{"rendered":"https:\/\/webmuestra.com\/quelagrow\/uncategorized\/quelafert-quelagib-16\/"},"modified":"2024-10-14T19:37:18","modified_gmt":"2024-10-14T17:37:18","slug":"quelafert-quelagib-16","status":"publish","type":"product","link":"https:\/\/www.quelagrow.com\/mx\/fertilizantes-agricultura\/fitorreguladores-agricultura\/quelafert-quelagib-16\/","title":{"rendered":"QUELAFERT\u00ae QUELAGIB 1.6"},"content":{"rendered":"<p><strong>QUELAGIB 1.6<\/strong> es un formulado de prote\u00ednas, amino\u00e1cidos y giberelinas. Con <strong>QUELAGIB 1.6<\/strong> se favorecen los procesos fitohormonales que influyen en la floraci\u00f3n hasta la maduraci\u00f3n, consiguiendo una mayor fecundaci\u00f3n y unos frutos m\u00e1s homog\u00e9neos. <strong>QUELAGIB 1.6 <\/strong>act\u00faa homogenizando la floraci\u00f3n, consiguiendo un mejor amarre y desarrollo del fruto. Se aplica en: tomate, pepino y sand\u00eda, en plena floraci\u00f3n y hasta 21 d\u00edas antes de la cosecha. En c\u00edtricos, un mes antes de la cosecha. En uvas con semillas, con racimos de 2-4 cm. de longitud, y sin semillas antes de floraci\u00f3n, en plena floraci\u00f3n, y a la ca\u00edda de los p\u00e9talos.<\/p>\n","protected":false},"excerpt":{"rendered":"<p>QUELAGIB 1.6 es un formulado de prote\u00ednas, amino\u00e1cidos y giberelinas. Con QUELAGIB 1.6 se favorecen los procesos fitohormonales que influyen en la floraci\u00f3n hasta la maduraci\u00f3n, consiguiendo una mayor fecundaci\u00f3n y unos frutos m\u00e1s homog\u00e9neos. QUELAGIB 1.6 act\u00faa homogenizando la floraci\u00f3n, consiguiendo un mejor amarre y desarrollo del fruto. Se aplica en: tomate, pepino y [&hellip;]<\/p>\n","protected":false},"featured_media":7100,"comment_status":"closed","ping_status":"closed","template":"","meta":{"_acf_changed":false},"product_brand":[],"product_cat":[174,180],"product_tag":[],"class_list":{"0":"post-5280","1":"product","2":"type-product","3":"status-publish","4":"has-post-thumbnail","6":"product_cat-fertilizantes-agricultura","7":"product_cat-fitorreguladores-agricultura","9":"first","10":"instock","11":"taxable","12":"shipping-taxable","13":"product-type-simple"},"acf":[],"_links":{"self":[{"href":"https:\/\/www.quelagrow.com\/mx\/wp-json\/wp\/v2\/product\/5280","targetHints":{"allow":["GET"]}}],"collection":[{"href":"https:\/\/www.quelagrow.com\/mx\/wp-json\/wp\/v2\/product"}],"about":[{"href":"https:\/\/www.quelagrow.com\/mx\/wp-json\/wp\/v2\/types\/product"}],"replies":[{"embeddable":true,"href":"https:\/\/www.quelagrow.com\/mx\/wp-json\/wp\/v2\/comments?post=5280"}],"version-history":[{"count":0,"href":"https:\/\/www.quelagrow.com\/mx\/wp-json\/wp\/v2\/product\/5280\/revisions"}],"wp:featuredmedia":[{"embeddable":true,"href":"https:\/\/www.quelagrow.com\/mx\/wp-json\/wp\/v2\/media\/7100"}],"wp:attachment":[{"href":"https:\/\/www.quelagrow.com\/mx\/wp-json\/wp\/v2\/media?parent=5280"}],"wp:term":[{"taxonomy":"product_brand","embeddable":true,"href":"https:\/\/www.quelagrow.com\/mx\/wp-json\/wp\/v2\/product_brand?post=5280"},{"taxonomy":"product_cat","embeddable":true,"href":"https:\/\/www.quelagrow.com\/mx\/wp-json\/wp\/v2\/product_cat?post=5280"},{"taxonomy":"product_tag","embeddable":true,"href":"https:\/\/www.quelagrow.com\/mx\/wp-json\/wp\/v2\/product_tag?post=5280"}],"curies":[{"name":"wp","href":"https:\/\/api.w.org\/{rel}","templated":true}]}}