{"id":5283,"date":"2024-10-14T18:55:34","date_gmt":"2024-10-14T16:55:34","guid":{"rendered":"https:\/\/webmuestra.com\/quelagrow\/uncategorized\/bioactivador-cuajado-maduracion\/"},"modified":"2024-10-14T18:55:34","modified_gmt":"2024-10-14T16:55:34","slug":"bioactivador-cuajado-maduracion","status":"publish","type":"product","link":"https:\/\/www.quelagrow.com\/mx\/fertilizantes-agricultura\/fitorreguladores-agricultura\/bioactivador-cuajado-maduracion\/","title":{"rendered":"QUELAFERT\u00ae MAX"},"content":{"rendered":"<p>Formulado l\u00edquido dise\u00f1ado para su aplicaci\u00f3n en cultivos hort\u00edcolas y frutales, para estimular y favorecer de forma natural los procesos de cuajado y engorde de los frutos.<br \/>\nMAX es un producto a base de extractos marinos, polisac\u00e1ridos y prote\u00ednas.<\/p>\n<p>Los extractos marinos son fuentes naturales de fitohormonas naturales, las cuales influyen en los procesos de floraci\u00f3n y engorde de los frutos, mediante el favorecimiento de la divisi\u00f3n celular del fruto.<\/p>\n<p>Este producto contiene una mezcla de benziladenina y amino\u00e1cidos de s\u00edntesis que potencian los efectos de los extractos marinos que contiene.<\/p>\n","protected":false},"excerpt":{"rendered":"<p>Formulado l\u00edquido dise\u00f1ado para su aplicaci\u00f3n en cultivos hort\u00edcolas y frutales, para estimular y favorecer de forma natural los procesos de cuajado y engorde de los frutos. MAX es un producto a base de extractos marinos, polisac\u00e1ridos y prote\u00ednas. Los extractos marinos son fuentes naturales de fitohormonas naturales, las cuales influyen en los procesos de [&hellip;]<\/p>\n","protected":false},"featured_media":7106,"comment_status":"closed","ping_status":"closed","template":"","meta":{"_acf_changed":false},"product_brand":[],"product_cat":[174,180],"product_tag":[],"class_list":{"0":"post-5283","1":"product","2":"type-product","3":"status-publish","4":"has-post-thumbnail","6":"product_cat-fertilizantes-agricultura","7":"product_cat-fitorreguladores-agricultura","9":"first","10":"instock","11":"taxable","12":"shipping-taxable","13":"product-type-simple"},"acf":[],"_links":{"self":[{"href":"https:\/\/www.quelagrow.com\/mx\/wp-json\/wp\/v2\/product\/5283","targetHints":{"allow":["GET"]}}],"collection":[{"href":"https:\/\/www.quelagrow.com\/mx\/wp-json\/wp\/v2\/product"}],"about":[{"href":"https:\/\/www.quelagrow.com\/mx\/wp-json\/wp\/v2\/types\/product"}],"replies":[{"embeddable":true,"href":"https:\/\/www.quelagrow.com\/mx\/wp-json\/wp\/v2\/comments?post=5283"}],"version-history":[{"count":0,"href":"https:\/\/www.quelagrow.com\/mx\/wp-json\/wp\/v2\/product\/5283\/revisions"}],"wp:featuredmedia":[{"embeddable":true,"href":"https:\/\/www.quelagrow.com\/mx\/wp-json\/wp\/v2\/media\/7106"}],"wp:attachment":[{"href":"https:\/\/www.quelagrow.com\/mx\/wp-json\/wp\/v2\/media?parent=5283"}],"wp:term":[{"taxonomy":"product_brand","embeddable":true,"href":"https:\/\/www.quelagrow.com\/mx\/wp-json\/wp\/v2\/product_brand?post=5283"},{"taxonomy":"product_cat","embeddable":true,"href":"https:\/\/www.quelagrow.com\/mx\/wp-json\/wp\/v2\/product_cat?post=5283"},{"taxonomy":"product_tag","embeddable":true,"href":"https:\/\/www.quelagrow.com\/mx\/wp-json\/wp\/v2\/product_tag?post=5283"}],"curies":[{"name":"wp","href":"https:\/\/api.w.org\/{rel}","templated":true}]}}