{"id":5284,"date":"2024-10-14T18:44:06","date_gmt":"2024-10-14T16:44:06","guid":{"rendered":"https:\/\/webmuestra.com\/quelagrow\/uncategorized\/enrizante\/"},"modified":"2024-10-14T18:44:06","modified_gmt":"2024-10-14T16:44:06","slug":"enrizante","status":"publish","type":"product","link":"https:\/\/www.quelagrow.com\/mx\/fertilizantes-agricultura\/fitorreguladores-agricultura\/enrizante\/","title":{"rendered":"QUELAFERT\u00ae RAICINE"},"content":{"rendered":"<p>Formulado completo que engloba una serie de componentes favorecedores del desarrollo radicular de la planta, en especial en momentos de estr\u00e9s. Gracias a los amino\u00e1cidos, polisac\u00e1ridos, \u00e1cidos policarbox\u00edlicos y fitohormonas de origen natural provenientes del extracto seco de algas, se consigue un r\u00e1pido y fuerte desarrollo radicular. <strong>QUELAFERT\u00ae RAICINE<\/strong> se puede aplicar en los primero estadios del cultivo o cuando la planta est\u00e1 en plena producci\u00f3n para ayudar a la ra\u00edz a obtener los nutrientes necesarios que demanda la parte a\u00e9rea de la planta. <\/p>\n","protected":false},"excerpt":{"rendered":"<p>Formulado completo que engloba una serie de componentes favorecedores del desarrollo radicular de la planta, en especial en momentos de estr\u00e9s. Gracias a los amino\u00e1cidos, polisac\u00e1ridos, \u00e1cidos policarbox\u00edlicos y fitohormonas de origen natural provenientes del extracto seco de algas, se consigue un r\u00e1pido y fuerte desarrollo radicular. QUELAFERT\u00ae RAICINE se puede aplicar en los primero [&hellip;]<\/p>\n","protected":false},"featured_media":6609,"comment_status":"closed","ping_status":"closed","template":"","meta":{"_acf_changed":false},"product_brand":[],"product_cat":[174,180],"product_tag":[240],"class_list":{"0":"post-5284","1":"product","2":"type-product","3":"status-publish","4":"has-post-thumbnail","6":"product_cat-fertilizantes-agricultura","7":"product_cat-fitorreguladores-agricultura","8":"product_tag-fitorreguladores-ecologicos-agricolas","10":"first","11":"instock","12":"taxable","13":"shipping-taxable","14":"product-type-simple"},"acf":[],"_links":{"self":[{"href":"https:\/\/www.quelagrow.com\/mx\/wp-json\/wp\/v2\/product\/5284","targetHints":{"allow":["GET"]}}],"collection":[{"href":"https:\/\/www.quelagrow.com\/mx\/wp-json\/wp\/v2\/product"}],"about":[{"href":"https:\/\/www.quelagrow.com\/mx\/wp-json\/wp\/v2\/types\/product"}],"replies":[{"embeddable":true,"href":"https:\/\/www.quelagrow.com\/mx\/wp-json\/wp\/v2\/comments?post=5284"}],"version-history":[{"count":0,"href":"https:\/\/www.quelagrow.com\/mx\/wp-json\/wp\/v2\/product\/5284\/revisions"}],"wp:featuredmedia":[{"embeddable":true,"href":"https:\/\/www.quelagrow.com\/mx\/wp-json\/wp\/v2\/media\/6609"}],"wp:attachment":[{"href":"https:\/\/www.quelagrow.com\/mx\/wp-json\/wp\/v2\/media?parent=5284"}],"wp:term":[{"taxonomy":"product_brand","embeddable":true,"href":"https:\/\/www.quelagrow.com\/mx\/wp-json\/wp\/v2\/product_brand?post=5284"},{"taxonomy":"product_cat","embeddable":true,"href":"https:\/\/www.quelagrow.com\/mx\/wp-json\/wp\/v2\/product_cat?post=5284"},{"taxonomy":"product_tag","embeddable":true,"href":"https:\/\/www.quelagrow.com\/mx\/wp-json\/wp\/v2\/product_tag?post=5284"}],"curies":[{"name":"wp","href":"https:\/\/api.w.org\/{rel}","templated":true}]}}