{"id":5286,"date":"2024-10-14T18:29:10","date_gmt":"2024-10-14T16:29:10","guid":{"rendered":"https:\/\/webmuestra.com\/quelagrow\/uncategorized\/bioinductor-floracion-boro-molibdeno\/"},"modified":"2024-10-14T18:29:10","modified_gmt":"2024-10-14T16:29:10","slug":"bioinductor-floracion-boro-molibdeno","status":"publish","type":"product","link":"https:\/\/www.quelagrow.com\/mx\/fertilizantes-agricultura\/corrector-de-carencias\/bioinductor-floracion-boro-molibdeno\/","title":{"rendered":"QUELAFERT\u00ae ECOCUAJE"},"content":{"rendered":"<p>Formulaci\u00f3n en polvo a base de boro y molibdeno favorecedora de la floraci\u00f3n y el cuajado del fruto. Presenta un alto contenido en potasio y magnesio que favorece los procesos fisiol\u00f3gicos en los que est\u00e1n involucrados dichos microelementos.<\/p>\n<p>Con <strong>QUELAFERT\u00ae ECOCUAJE<\/strong> se previenen o corrigen las deficiencias o desequilibrios en la asimilaci\u00f3n de los microelementos boro y molibdeno, indispensables para la planta en los procesos de floraci\u00f3n y cuajado del fruto.<\/p>\n<p>Contiene coadyuvantes que favorecen la absorci\u00f3n tanto foliar como radicular de los microelementos que aporta.<\/p>\n","protected":false},"excerpt":{"rendered":"<p>Formulaci\u00f3n en polvo a base de boro y molibdeno favorecedora de la floraci\u00f3n y el cuajado del fruto. Presenta un alto contenido en potasio y magnesio que favorece los procesos fisiol\u00f3gicos en los que est\u00e1n involucrados dichos microelementos. Con QUELAFERT\u00ae ECOCUAJE se previenen o corrigen las deficiencias o desequilibrios en la asimilaci\u00f3n de los microelementos [&hellip;]<\/p>\n","protected":false},"featured_media":6484,"comment_status":"closed","ping_status":"closed","template":"","meta":{"_acf_changed":false},"product_brand":[],"product_cat":[181,174],"product_tag":[182,176],"class_list":{"0":"post-5286","1":"product","2":"type-product","3":"status-publish","4":"has-post-thumbnail","6":"product_cat-corrector-de-carencias","7":"product_cat-fertilizantes-agricultura","8":"product_tag-correctores-de-carencias-ecologicos-mx","9":"product_tag-ecologico-mx","11":"first","12":"instock","13":"taxable","14":"shipping-taxable","15":"product-type-simple"},"acf":[],"_links":{"self":[{"href":"https:\/\/www.quelagrow.com\/mx\/wp-json\/wp\/v2\/product\/5286","targetHints":{"allow":["GET"]}}],"collection":[{"href":"https:\/\/www.quelagrow.com\/mx\/wp-json\/wp\/v2\/product"}],"about":[{"href":"https:\/\/www.quelagrow.com\/mx\/wp-json\/wp\/v2\/types\/product"}],"replies":[{"embeddable":true,"href":"https:\/\/www.quelagrow.com\/mx\/wp-json\/wp\/v2\/comments?post=5286"}],"version-history":[{"count":0,"href":"https:\/\/www.quelagrow.com\/mx\/wp-json\/wp\/v2\/product\/5286\/revisions"}],"wp:featuredmedia":[{"embeddable":true,"href":"https:\/\/www.quelagrow.com\/mx\/wp-json\/wp\/v2\/media\/6484"}],"wp:attachment":[{"href":"https:\/\/www.quelagrow.com\/mx\/wp-json\/wp\/v2\/media?parent=5286"}],"wp:term":[{"taxonomy":"product_brand","embeddable":true,"href":"https:\/\/www.quelagrow.com\/mx\/wp-json\/wp\/v2\/product_brand?post=5286"},{"taxonomy":"product_cat","embeddable":true,"href":"https:\/\/www.quelagrow.com\/mx\/wp-json\/wp\/v2\/product_cat?post=5286"},{"taxonomy":"product_tag","embeddable":true,"href":"https:\/\/www.quelagrow.com\/mx\/wp-json\/wp\/v2\/product_tag?post=5286"}],"curies":[{"name":"wp","href":"https:\/\/api.w.org\/{rel}","templated":true}]}}