{"id":5289,"date":"2024-10-14T18:00:04","date_gmt":"2024-10-14T16:00:04","guid":{"rendered":"https:\/\/webmuestra.com\/quelagrow\/uncategorized\/corrector-carencias-zn-mn-solido\/"},"modified":"2024-10-14T18:00:04","modified_gmt":"2024-10-14T16:00:04","slug":"corrector-carencias-zn-mn-solido","status":"publish","type":"product","link":"https:\/\/www.quelagrow.com\/mx\/fertilizantes-agricultura\/corrector-de-carencias\/corrector-carencias-zn-mn-solido\/","title":{"rendered":"QUELAFERT\u00ae CINC-MANGANESO S"},"content":{"rendered":"<p>Corrector de carencias de Cinc y Manganeso S constituido por una mezcla s\u00f3lida de dichos microelementos. Con <strong>QUELAFERT\u00ae Cinc-Manganeso-S<\/strong> se consigue la prevenci\u00f3n y control de estados carenciales ocasionados por desequilibrios o deficiencias de asimilaci\u00f3n de estos elementos en la planta. La formulaci\u00f3n especial de <strong>QUELAFERT\u00ae Cinc-Manganeso-S<\/strong> ofrece las siguientes ventajas:<\/p>\n<ul>\n<li>Mejora la floraci\u00f3n y frutos de mayor calidad.<\/li>\n<li>Aumenta el peso y el tama\u00f1o de los frutos en la fase de engrosamiento.<\/li>\n<li>Anticipa la cosecha.<\/li>\n<li>Aumento del rendimiento.<\/li>\n<\/ul>\n<p>La aplicaci\u00f3n de <strong>QUELAFERT\u00ae Cinc-Manganeso-S<\/strong> puede hacerse a lo largo de todo el a\u00f1o, pero principalmente coincidiendo con la floraci\u00f3n y las fases de engorde del cultivo.<\/p>\n","protected":false},"excerpt":{"rendered":"<p>Corrector de carencias de Cinc y Manganeso S constituido por una mezcla s\u00f3lida de dichos microelementos. Con QUELAFERT\u00ae Cinc-Manganeso-S se consigue la prevenci\u00f3n y control de estados carenciales ocasionados por desequilibrios o deficiencias de asimilaci\u00f3n de estos elementos en la planta. La formulaci\u00f3n especial de QUELAFERT\u00ae Cinc-Manganeso-S ofrece las siguientes ventajas: Mejora la floraci\u00f3n y [&hellip;]<\/p>\n","protected":false},"featured_media":6489,"comment_status":"closed","ping_status":"closed","template":"","meta":{"_acf_changed":false},"product_brand":[],"product_cat":[181,174],"product_tag":[182,176],"class_list":{"0":"post-5289","1":"product","2":"type-product","3":"status-publish","4":"has-post-thumbnail","6":"product_cat-corrector-de-carencias","7":"product_cat-fertilizantes-agricultura","8":"product_tag-correctores-de-carencias-ecologicos-mx","9":"product_tag-ecologico-mx","11":"first","12":"instock","13":"taxable","14":"shipping-taxable","15":"product-type-simple"},"acf":[],"_links":{"self":[{"href":"https:\/\/www.quelagrow.com\/mx\/wp-json\/wp\/v2\/product\/5289","targetHints":{"allow":["GET"]}}],"collection":[{"href":"https:\/\/www.quelagrow.com\/mx\/wp-json\/wp\/v2\/product"}],"about":[{"href":"https:\/\/www.quelagrow.com\/mx\/wp-json\/wp\/v2\/types\/product"}],"replies":[{"embeddable":true,"href":"https:\/\/www.quelagrow.com\/mx\/wp-json\/wp\/v2\/comments?post=5289"}],"version-history":[{"count":0,"href":"https:\/\/www.quelagrow.com\/mx\/wp-json\/wp\/v2\/product\/5289\/revisions"}],"wp:featuredmedia":[{"embeddable":true,"href":"https:\/\/www.quelagrow.com\/mx\/wp-json\/wp\/v2\/media\/6489"}],"wp:attachment":[{"href":"https:\/\/www.quelagrow.com\/mx\/wp-json\/wp\/v2\/media?parent=5289"}],"wp:term":[{"taxonomy":"product_brand","embeddable":true,"href":"https:\/\/www.quelagrow.com\/mx\/wp-json\/wp\/v2\/product_brand?post=5289"},{"taxonomy":"product_cat","embeddable":true,"href":"https:\/\/www.quelagrow.com\/mx\/wp-json\/wp\/v2\/product_cat?post=5289"},{"taxonomy":"product_tag","embeddable":true,"href":"https:\/\/www.quelagrow.com\/mx\/wp-json\/wp\/v2\/product_tag?post=5289"}],"curies":[{"name":"wp","href":"https:\/\/api.w.org\/{rel}","templated":true}]}}