{"id":5290,"date":"2024-10-14T17:55:39","date_gmt":"2024-10-14T15:55:39","guid":{"rendered":"https:\/\/webmuestra.com\/quelagrow\/uncategorized\/calcio-magnesio-microelementos\/"},"modified":"2024-10-14T17:55:39","modified_gmt":"2024-10-14T15:55:39","slug":"calcio-magnesio-microelementos","status":"publish","type":"product","link":"https:\/\/www.quelagrow.com\/mx\/fertilizantes-agricultura\/corrector-de-carencias\/calcio-magnesio-microelementos\/","title":{"rendered":"QUELAFERT\u00ae CALCIPLUS"},"content":{"rendered":"<p><strong>QUELAFERT\u00ae CALCI-PLUS<\/strong> es una fuente natural de calcio y magnesio gracias a su composici\u00f3n rica en \u00e1cidos policarbox\u00edlicos y enzimas que facilitan la absorci\u00f3n del calcio por la planta al mismo tiempo que la estimulan. Adem\u00e1s est\u00e1 complementado con una serie de microelementos quelatados que reduce la posibilidad de fisiopat\u00edas en la planta por la falta de alg\u00fan microelemento. Con <strong>QUELAFERT\u00ae CALCI-PLUS<\/strong> evitamos diversas fisiopat\u00edas que sufren los cultivos como el bitter-pit (manzano), blosson-en-rot (hortalizas de fruto), tip-burn (hortalizas de hoja y fresa), cracking (cerezo y ciruelo) debido a las deficiencias en calcio. <\/p>\n","protected":false},"excerpt":{"rendered":"<p>QUELAFERT\u00ae CALCI-PLUS es una fuente natural de calcio y magnesio gracias a su composici\u00f3n rica en \u00e1cidos policarbox\u00edlicos y enzimas que facilitan la absorci\u00f3n del calcio por la planta al mismo tiempo que la estimulan. Adem\u00e1s est\u00e1 complementado con una serie de microelementos quelatados que reduce la posibilidad de fisiopat\u00edas en la planta por la [&hellip;]<\/p>\n","protected":false},"featured_media":6582,"comment_status":"closed","ping_status":"closed","template":"","meta":{"_acf_changed":false},"product_brand":[],"product_cat":[181,174],"product_tag":[],"class_list":{"0":"post-5290","1":"product","2":"type-product","3":"status-publish","4":"has-post-thumbnail","6":"product_cat-corrector-de-carencias","7":"product_cat-fertilizantes-agricultura","9":"first","10":"instock","11":"taxable","12":"shipping-taxable","13":"product-type-simple"},"acf":[],"_links":{"self":[{"href":"https:\/\/www.quelagrow.com\/mx\/wp-json\/wp\/v2\/product\/5290","targetHints":{"allow":["GET"]}}],"collection":[{"href":"https:\/\/www.quelagrow.com\/mx\/wp-json\/wp\/v2\/product"}],"about":[{"href":"https:\/\/www.quelagrow.com\/mx\/wp-json\/wp\/v2\/types\/product"}],"replies":[{"embeddable":true,"href":"https:\/\/www.quelagrow.com\/mx\/wp-json\/wp\/v2\/comments?post=5290"}],"version-history":[{"count":0,"href":"https:\/\/www.quelagrow.com\/mx\/wp-json\/wp\/v2\/product\/5290\/revisions"}],"wp:featuredmedia":[{"embeddable":true,"href":"https:\/\/www.quelagrow.com\/mx\/wp-json\/wp\/v2\/media\/6582"}],"wp:attachment":[{"href":"https:\/\/www.quelagrow.com\/mx\/wp-json\/wp\/v2\/media?parent=5290"}],"wp:term":[{"taxonomy":"product_brand","embeddable":true,"href":"https:\/\/www.quelagrow.com\/mx\/wp-json\/wp\/v2\/product_brand?post=5290"},{"taxonomy":"product_cat","embeddable":true,"href":"https:\/\/www.quelagrow.com\/mx\/wp-json\/wp\/v2\/product_cat?post=5290"},{"taxonomy":"product_tag","embeddable":true,"href":"https:\/\/www.quelagrow.com\/mx\/wp-json\/wp\/v2\/product_tag?post=5290"}],"curies":[{"name":"wp","href":"https:\/\/api.w.org\/{rel}","templated":true}]}}