{"id":5291,"date":"2024-10-14T17:49:56","date_gmt":"2024-10-14T15:49:56","guid":{"rendered":"https:\/\/webmuestra.com\/quelagrow\/uncategorized\/corrector-calcio\/"},"modified":"2024-10-14T17:49:56","modified_gmt":"2024-10-14T15:49:56","slug":"corrector-calcio","status":"publish","type":"product","link":"https:\/\/www.quelagrow.com\/mx\/fertilizantes-agricultura\/corrector-de-carencias\/corrector-calcio\/","title":{"rendered":"QUELAFERT\u00ae CALCIO"},"content":{"rendered":"<p><strong>QUELAFERT\u00ae CALCIO<\/strong> es una fuente activa de calcio para los cultivos gracias a su composici\u00f3n rica en \u00e1cidos policarbox\u00edlicos y az\u00facares reductores que facilitan la absorci\u00f3n del calcio por la planta al mismo tiempo que la estimulan.<\/p>\n<p>Con <strong>QUELAFERT\u00ae CALCIO<\/strong> evitamos diversas fisiopat\u00edas que sufren los cultivos como el bitter-pit (manzano), blosson-en-rot (hortalizas de fruto), tip-burn (hortalizas de hoja y fresa), cracking (cerezo y ciruelo) y adem\u00e1s se aporta nutrientes esenciales para el desarrollo del cultivo.<\/p>\n<p>Producto libre de cloruros y sulfatos.<\/p>\n","protected":false},"excerpt":{"rendered":"<p>QUELAFERT\u00ae CALCIO es una fuente activa de calcio para los cultivos gracias a su composici\u00f3n rica en \u00e1cidos policarbox\u00edlicos y az\u00facares reductores que facilitan la absorci\u00f3n del calcio por la planta al mismo tiempo que la estimulan. Con QUELAFERT\u00ae CALCIO evitamos diversas fisiopat\u00edas que sufren los cultivos como el bitter-pit (manzano), blosson-en-rot (hortalizas de fruto), [&hellip;]<\/p>\n","protected":false},"featured_media":7080,"comment_status":"closed","ping_status":"closed","template":"","meta":{"_acf_changed":false},"product_brand":[],"product_cat":[181,174],"product_tag":[],"class_list":{"0":"post-5291","1":"product","2":"type-product","3":"status-publish","4":"has-post-thumbnail","6":"product_cat-corrector-de-carencias","7":"product_cat-fertilizantes-agricultura","9":"first","10":"instock","11":"taxable","12":"shipping-taxable","13":"product-type-simple"},"acf":[],"_links":{"self":[{"href":"https:\/\/www.quelagrow.com\/mx\/wp-json\/wp\/v2\/product\/5291","targetHints":{"allow":["GET"]}}],"collection":[{"href":"https:\/\/www.quelagrow.com\/mx\/wp-json\/wp\/v2\/product"}],"about":[{"href":"https:\/\/www.quelagrow.com\/mx\/wp-json\/wp\/v2\/types\/product"}],"replies":[{"embeddable":true,"href":"https:\/\/www.quelagrow.com\/mx\/wp-json\/wp\/v2\/comments?post=5291"}],"version-history":[{"count":0,"href":"https:\/\/www.quelagrow.com\/mx\/wp-json\/wp\/v2\/product\/5291\/revisions"}],"wp:featuredmedia":[{"embeddable":true,"href":"https:\/\/www.quelagrow.com\/mx\/wp-json\/wp\/v2\/media\/7080"}],"wp:attachment":[{"href":"https:\/\/www.quelagrow.com\/mx\/wp-json\/wp\/v2\/media?parent=5291"}],"wp:term":[{"taxonomy":"product_brand","embeddable":true,"href":"https:\/\/www.quelagrow.com\/mx\/wp-json\/wp\/v2\/product_brand?post=5291"},{"taxonomy":"product_cat","embeddable":true,"href":"https:\/\/www.quelagrow.com\/mx\/wp-json\/wp\/v2\/product_cat?post=5291"},{"taxonomy":"product_tag","embeddable":true,"href":"https:\/\/www.quelagrow.com\/mx\/wp-json\/wp\/v2\/product_tag?post=5291"}],"curies":[{"name":"wp","href":"https:\/\/api.w.org\/{rel}","templated":true}]}}