{"id":5292,"date":"2024-10-14T17:39:45","date_gmt":"2024-10-14T15:39:45","guid":{"rendered":"https:\/\/webmuestra.com\/quelagrow\/uncategorized\/complejado-liquido\/"},"modified":"2024-10-14T17:39:45","modified_gmt":"2024-10-14T15:39:45","slug":"complejado-liquido","status":"publish","type":"product","link":"https:\/\/www.quelagrow.com\/mx\/fertilizantes-agricultura\/corrector-de-carencias\/complejado-liquido\/","title":{"rendered":"QUELAFERT\u00ae BORO"},"content":{"rendered":"<p>Corrector l\u00edquido de boro, preparado para mantener los niveles de dicho microelemento en los cultivos exigentes en \u00e9l. <strong>QUELAFERT\u00ae BORO<\/strong> puede ser aplicado tanto en pulverizaci\u00f3n foliar como mediante fertirrigaci\u00f3n.<\/p>\n<p>La presencia del agente complejante etanolamina refuerza el coeficiente de asimilaci\u00f3n del boro facilitando la r\u00e1pida penetraci\u00f3n y la acci\u00f3n de este oligoelemento en la planta.<\/p>\n","protected":false},"excerpt":{"rendered":"<p>Corrector l\u00edquido de boro, preparado para mantener los niveles de dicho microelemento en los cultivos exigentes en \u00e9l. QUELAFERT\u00ae BORO puede ser aplicado tanto en pulverizaci\u00f3n foliar como mediante fertirrigaci\u00f3n. La presencia del agente complejante etanolamina refuerza el coeficiente de asimilaci\u00f3n del boro facilitando la r\u00e1pida penetraci\u00f3n y la acci\u00f3n de este oligoelemento en la [&hellip;]<\/p>\n","protected":false},"featured_media":6571,"comment_status":"closed","ping_status":"closed","template":"","meta":{"_acf_changed":false},"product_brand":[],"product_cat":[181,174],"product_tag":[182,176],"class_list":{"0":"post-5292","1":"product","2":"type-product","3":"status-publish","4":"has-post-thumbnail","6":"product_cat-corrector-de-carencias","7":"product_cat-fertilizantes-agricultura","8":"product_tag-correctores-de-carencias-ecologicos-mx","9":"product_tag-ecologico-mx","11":"first","12":"instock","13":"taxable","14":"shipping-taxable","15":"product-type-simple"},"acf":[],"_links":{"self":[{"href":"https:\/\/www.quelagrow.com\/mx\/wp-json\/wp\/v2\/product\/5292","targetHints":{"allow":["GET"]}}],"collection":[{"href":"https:\/\/www.quelagrow.com\/mx\/wp-json\/wp\/v2\/product"}],"about":[{"href":"https:\/\/www.quelagrow.com\/mx\/wp-json\/wp\/v2\/types\/product"}],"replies":[{"embeddable":true,"href":"https:\/\/www.quelagrow.com\/mx\/wp-json\/wp\/v2\/comments?post=5292"}],"version-history":[{"count":0,"href":"https:\/\/www.quelagrow.com\/mx\/wp-json\/wp\/v2\/product\/5292\/revisions"}],"wp:featuredmedia":[{"embeddable":true,"href":"https:\/\/www.quelagrow.com\/mx\/wp-json\/wp\/v2\/media\/6571"}],"wp:attachment":[{"href":"https:\/\/www.quelagrow.com\/mx\/wp-json\/wp\/v2\/media?parent=5292"}],"wp:term":[{"taxonomy":"product_brand","embeddable":true,"href":"https:\/\/www.quelagrow.com\/mx\/wp-json\/wp\/v2\/product_brand?post=5292"},{"taxonomy":"product_cat","embeddable":true,"href":"https:\/\/www.quelagrow.com\/mx\/wp-json\/wp\/v2\/product_cat?post=5292"},{"taxonomy":"product_tag","embeddable":true,"href":"https:\/\/www.quelagrow.com\/mx\/wp-json\/wp\/v2\/product_tag?post=5292"}],"curies":[{"name":"wp","href":"https:\/\/api.w.org\/{rel}","templated":true}]}}