{"id":5295,"date":"2024-10-14T17:13:13","date_gmt":"2024-10-14T15:13:13","guid":{"rendered":"https:\/\/webmuestra.com\/quelagrow\/uncategorized\/quelato-hierro-6-eddha-4-8-orto-orto\/"},"modified":"2024-10-14T17:13:13","modified_gmt":"2024-10-14T15:13:13","slug":"quelato-hierro-6-eddha-4-8-orto-orto","status":"publish","type":"product","link":"https:\/\/www.quelagrow.com\/mx\/fertilizantes-agricultura\/corrector-de-carencias\/quelato-hierro-6-eddha-4-8-orto-orto\/","title":{"rendered":"QUELAFERT\u00ae HIERRO"},"content":{"rendered":"<p>Corrector de carencias de hierro de alta efectividad gracias al agente quelatante y la proporci\u00f3n Orto-Orto, que asegura un rango de estabilidad de la fracci\u00f3n quelatada para un pH de 3 a 11.<\/p>\n<p><strong>QUELAFERT\u00ae HIERRO<\/strong> evita la deficiencia de hierro en frutales, hort\u00edcolas, y ornamentales por efecto del pH; que se puede acentuar por exceso de agua, falta de aireaci\u00f3n del suelo o por la acci\u00f3n antagonista de otros oligoelementos.<\/p>\n","protected":false},"excerpt":{"rendered":"<p>Corrector de carencias de hierro de alta efectividad gracias al agente quelatante y la proporci\u00f3n Orto-Orto, que asegura un rango de estabilidad de la fracci\u00f3n quelatada para un pH de 3 a 11. QUELAFERT\u00ae HIERRO evita la deficiencia de hierro en frutales, hort\u00edcolas, y ornamentales por efecto del pH; que se puede acentuar por exceso [&hellip;]<\/p>\n","protected":false},"featured_media":6473,"comment_status":"closed","ping_status":"closed","template":"","meta":{"_acf_changed":false},"product_brand":[],"product_cat":[181,174],"product_tag":[],"class_list":{"0":"post-5295","1":"product","2":"type-product","3":"status-publish","4":"has-post-thumbnail","6":"product_cat-corrector-de-carencias","7":"product_cat-fertilizantes-agricultura","9":"first","10":"instock","11":"taxable","12":"shipping-taxable","13":"product-type-simple"},"acf":[],"_links":{"self":[{"href":"https:\/\/www.quelagrow.com\/mx\/wp-json\/wp\/v2\/product\/5295","targetHints":{"allow":["GET"]}}],"collection":[{"href":"https:\/\/www.quelagrow.com\/mx\/wp-json\/wp\/v2\/product"}],"about":[{"href":"https:\/\/www.quelagrow.com\/mx\/wp-json\/wp\/v2\/types\/product"}],"replies":[{"embeddable":true,"href":"https:\/\/www.quelagrow.com\/mx\/wp-json\/wp\/v2\/comments?post=5295"}],"version-history":[{"count":0,"href":"https:\/\/www.quelagrow.com\/mx\/wp-json\/wp\/v2\/product\/5295\/revisions"}],"wp:featuredmedia":[{"embeddable":true,"href":"https:\/\/www.quelagrow.com\/mx\/wp-json\/wp\/v2\/media\/6473"}],"wp:attachment":[{"href":"https:\/\/www.quelagrow.com\/mx\/wp-json\/wp\/v2\/media?parent=5295"}],"wp:term":[{"taxonomy":"product_brand","embeddable":true,"href":"https:\/\/www.quelagrow.com\/mx\/wp-json\/wp\/v2\/product_brand?post=5295"},{"taxonomy":"product_cat","embeddable":true,"href":"https:\/\/www.quelagrow.com\/mx\/wp-json\/wp\/v2\/product_cat?post=5295"},{"taxonomy":"product_tag","embeddable":true,"href":"https:\/\/www.quelagrow.com\/mx\/wp-json\/wp\/v2\/product_tag?post=5295"}],"curies":[{"name":"wp","href":"https:\/\/api.w.org\/{rel}","templated":true}]}}