{"id":5297,"date":"2024-10-14T16:32:15","date_gmt":"2024-10-14T14:32:15","guid":{"rendered":"https:\/\/webmuestra.com\/quelagrow\/uncategorized\/microelementos-quelatados\/"},"modified":"2024-10-14T16:32:15","modified_gmt":"2024-10-14T14:32:15","slug":"microelementos-quelatados","status":"publish","type":"product","link":"https:\/\/www.quelagrow.com\/mx\/fertilizantes-agricultura\/corrector-de-carencias\/microelementos-quelatados\/","title":{"rendered":"QUELAFERT\u00ae MICROS S"},"content":{"rendered":"<p>Mezcla f\u00edsica de micronutrientes. Los elementos met\u00e1licos est\u00e1n quelatados por EDTA y los no met\u00e1licos son solubles en agua. Posee un elevado contenido (7%) en Hierro (Fe), por lo que es un formulado muy indicado en tratamientos correctivos urgentes (tratamientos de rescate) de la clorosis f\u00e9rrica, ya que la respuesta por parte del vegetal tratado es inmediata. <\/p>\n","protected":false},"excerpt":{"rendered":"<p>Mezcla f\u00edsica de micronutrientes. Los elementos met\u00e1licos est\u00e1n quelatados por EDTA y los no met\u00e1licos son solubles en agua. Posee un elevado contenido (7%) en Hierro (Fe), por lo que es un formulado muy indicado en tratamientos correctivos urgentes (tratamientos de rescate) de la clorosis f\u00e9rrica, ya que la respuesta por parte del vegetal tratado [&hellip;]<\/p>\n","protected":false},"featured_media":6461,"comment_status":"closed","ping_status":"closed","template":"","meta":{"_acf_changed":false},"product_brand":[],"product_cat":[181,174],"product_tag":[],"class_list":{"0":"post-5297","1":"product","2":"type-product","3":"status-publish","4":"has-post-thumbnail","6":"product_cat-corrector-de-carencias","7":"product_cat-fertilizantes-agricultura","9":"first","10":"instock","11":"taxable","12":"shipping-taxable","13":"product-type-simple"},"acf":[],"_links":{"self":[{"href":"https:\/\/www.quelagrow.com\/mx\/wp-json\/wp\/v2\/product\/5297","targetHints":{"allow":["GET"]}}],"collection":[{"href":"https:\/\/www.quelagrow.com\/mx\/wp-json\/wp\/v2\/product"}],"about":[{"href":"https:\/\/www.quelagrow.com\/mx\/wp-json\/wp\/v2\/types\/product"}],"replies":[{"embeddable":true,"href":"https:\/\/www.quelagrow.com\/mx\/wp-json\/wp\/v2\/comments?post=5297"}],"version-history":[{"count":0,"href":"https:\/\/www.quelagrow.com\/mx\/wp-json\/wp\/v2\/product\/5297\/revisions"}],"wp:featuredmedia":[{"embeddable":true,"href":"https:\/\/www.quelagrow.com\/mx\/wp-json\/wp\/v2\/media\/6461"}],"wp:attachment":[{"href":"https:\/\/www.quelagrow.com\/mx\/wp-json\/wp\/v2\/media?parent=5297"}],"wp:term":[{"taxonomy":"product_brand","embeddable":true,"href":"https:\/\/www.quelagrow.com\/mx\/wp-json\/wp\/v2\/product_brand?post=5297"},{"taxonomy":"product_cat","embeddable":true,"href":"https:\/\/www.quelagrow.com\/mx\/wp-json\/wp\/v2\/product_cat?post=5297"},{"taxonomy":"product_tag","embeddable":true,"href":"https:\/\/www.quelagrow.com\/mx\/wp-json\/wp\/v2\/product_tag?post=5297"}],"curies":[{"name":"wp","href":"https:\/\/api.w.org\/{rel}","templated":true}]}}