{"id":5300,"date":"2024-10-14T15:42:08","date_gmt":"2024-10-14T13:42:08","guid":{"rendered":"https:\/\/webmuestra.com\/quelagrow\/uncategorized\/liquidos\/"},"modified":"2025-06-17T21:01:39","modified_gmt":"2025-06-17T19:01:39","slug":"liquidos","status":"publish","type":"product","link":"https:\/\/www.quelagrow.com\/mx\/fertilizantes-agricultura\/abonos-foliares-agricultura\/liquidos\/","title":{"rendered":"QUELAFERT\u00ae FOLIARES L\u00cdQUIDOS"},"content":{"rendered":"<p>Distintas formulaciones foliares enriquecidas con micoelementos (hierro, cobre, cinc, manganeso en forma de quelato y boro y molibdeno en forma mineral), de f\u00e1cil aplicaci\u00f3n y disoluci\u00f3n.<\/p>\n<p>Son formulaciones desarrolladas para aplicarlas en los distintos estadios de desarrollo de los cultivos tanto frutales como hort\u00edcolas.<\/p>\n","protected":false},"excerpt":{"rendered":"<p>Distintas formulaciones foliares enriquecidas con micoelementos (hierro, cobre, cinc, manganeso en forma de quelato y boro y molibdeno en forma mineral), de f\u00e1cil aplicaci\u00f3n y disoluci\u00f3n. Son formulaciones desarrolladas para aplicarlas en los distintos estadios de desarrollo de los cultivos tanto frutales como hort\u00edcolas.<\/p>\n","protected":false},"featured_media":7450,"comment_status":"closed","ping_status":"closed","template":"","meta":{"_acf_changed":false},"product_brand":[],"product_cat":[183,174],"product_tag":[236],"class_list":{"0":"post-5300","1":"product","2":"type-product","3":"status-publish","4":"has-post-thumbnail","6":"product_cat-abonos-foliares-agricultura","7":"product_cat-fertilizantes-agricultura","8":"product_tag-abonos-foliares-liquidos-ecologicos-agricolas","10":"first","11":"instock","12":"taxable","13":"shipping-taxable","14":"product-type-simple"},"acf":[],"_links":{"self":[{"href":"https:\/\/www.quelagrow.com\/mx\/wp-json\/wp\/v2\/product\/5300","targetHints":{"allow":["GET"]}}],"collection":[{"href":"https:\/\/www.quelagrow.com\/mx\/wp-json\/wp\/v2\/product"}],"about":[{"href":"https:\/\/www.quelagrow.com\/mx\/wp-json\/wp\/v2\/types\/product"}],"replies":[{"embeddable":true,"href":"https:\/\/www.quelagrow.com\/mx\/wp-json\/wp\/v2\/comments?post=5300"}],"version-history":[{"count":2,"href":"https:\/\/www.quelagrow.com\/mx\/wp-json\/wp\/v2\/product\/5300\/revisions"}],"predecessor-version":[{"id":7347,"href":"https:\/\/www.quelagrow.com\/mx\/wp-json\/wp\/v2\/product\/5300\/revisions\/7347"}],"wp:featuredmedia":[{"embeddable":true,"href":"https:\/\/www.quelagrow.com\/mx\/wp-json\/wp\/v2\/media\/7450"}],"wp:attachment":[{"href":"https:\/\/www.quelagrow.com\/mx\/wp-json\/wp\/v2\/media?parent=5300"}],"wp:term":[{"taxonomy":"product_brand","embeddable":true,"href":"https:\/\/www.quelagrow.com\/mx\/wp-json\/wp\/v2\/product_brand?post=5300"},{"taxonomy":"product_cat","embeddable":true,"href":"https:\/\/www.quelagrow.com\/mx\/wp-json\/wp\/v2\/product_cat?post=5300"},{"taxonomy":"product_tag","embeddable":true,"href":"https:\/\/www.quelagrow.com\/mx\/wp-json\/wp\/v2\/product_tag?post=5300"}],"curies":[{"name":"wp","href":"https:\/\/api.w.org\/{rel}","templated":true}]}}