{"id":5302,"date":"2024-10-04T17:23:29","date_gmt":"2024-10-04T15:23:29","guid":{"rendered":"https:\/\/webmuestra.com\/quelagrow\/uncategorized\/solidos\/"},"modified":"2024-10-04T17:23:29","modified_gmt":"2024-10-04T15:23:29","slug":"solidos","status":"publish","type":"product","link":"https:\/\/www.quelagrow.com\/mx\/fertilizantes-agricultura\/mejoradores-del-suelo\/solidos\/","title":{"rendered":"QUELAFERT\u00ae HUMIC GOLD"},"content":{"rendered":"<p>QUELAFERT\u00ae HUMIC GOLD mejora la estructura del suelo, intensifica la vida microbiana, crea condiciones \u00f3ptimas para la germinaci\u00f3n de las semillas, favorece la absorci\u00f3n de los macro y micronutrientes reduciendo los aportes de abonos minerales y refuerza el desarrollo de las ra\u00edces.<\/p>\n<p>QUELAFERT\u00ae HUMIC GOLD no provoca la obturaci\u00f3n de los filtros en el riego localizado y se disuelve perfectamente en el tanque de riego.<\/p>\n<p>Es un concentrado del producto l\u00edquido, correspondiendo 3,5 kg a 20 litros de la formulaci\u00f3n l\u00edquida en su fracci\u00f3n h\u00famica.<\/p>\n","protected":false},"excerpt":{"rendered":"<p>QUELAFERT\u00ae HUMIC GOLD mejora la estructura del suelo, intensifica la vida microbiana, crea condiciones \u00f3ptimas para la germinaci\u00f3n de las semillas, favorece la absorci\u00f3n de los macro y micronutrientes reduciendo los aportes de abonos minerales y refuerza el desarrollo de las ra\u00edces. QUELAFERT\u00ae HUMIC GOLD no provoca la obturaci\u00f3n de los filtros en el riego [&hellip;]<\/p>\n","protected":false},"featured_media":6479,"comment_status":"closed","ping_status":"closed","template":"","meta":{"_acf_changed":false},"product_brand":[],"product_cat":[174,184],"product_tag":[],"class_list":{"0":"post-5302","1":"product","2":"type-product","3":"status-publish","4":"has-post-thumbnail","6":"product_cat-fertilizantes-agricultura","7":"product_cat-mejoradores-del-suelo","9":"first","10":"instock","11":"taxable","12":"shipping-taxable","13":"product-type-simple"},"acf":[],"_links":{"self":[{"href":"https:\/\/www.quelagrow.com\/mx\/wp-json\/wp\/v2\/product\/5302","targetHints":{"allow":["GET"]}}],"collection":[{"href":"https:\/\/www.quelagrow.com\/mx\/wp-json\/wp\/v2\/product"}],"about":[{"href":"https:\/\/www.quelagrow.com\/mx\/wp-json\/wp\/v2\/types\/product"}],"replies":[{"embeddable":true,"href":"https:\/\/www.quelagrow.com\/mx\/wp-json\/wp\/v2\/comments?post=5302"}],"version-history":[{"count":0,"href":"https:\/\/www.quelagrow.com\/mx\/wp-json\/wp\/v2\/product\/5302\/revisions"}],"wp:featuredmedia":[{"embeddable":true,"href":"https:\/\/www.quelagrow.com\/mx\/wp-json\/wp\/v2\/media\/6479"}],"wp:attachment":[{"href":"https:\/\/www.quelagrow.com\/mx\/wp-json\/wp\/v2\/media?parent=5302"}],"wp:term":[{"taxonomy":"product_brand","embeddable":true,"href":"https:\/\/www.quelagrow.com\/mx\/wp-json\/wp\/v2\/product_brand?post=5302"},{"taxonomy":"product_cat","embeddable":true,"href":"https:\/\/www.quelagrow.com\/mx\/wp-json\/wp\/v2\/product_cat?post=5302"},{"taxonomy":"product_tag","embeddable":true,"href":"https:\/\/www.quelagrow.com\/mx\/wp-json\/wp\/v2\/product_tag?post=5302"}],"curies":[{"name":"wp","href":"https:\/\/api.w.org\/{rel}","templated":true}]}}