{"id":5303,"date":"2024-10-03T11:12:31","date_gmt":"2024-10-03T09:12:31","guid":{"rendered":"https:\/\/webmuestra.com\/quelagrow\/uncategorized\/abono-con-acido\/"},"modified":"2024-10-03T11:12:31","modified_gmt":"2024-10-03T09:12:31","slug":"abono-con-acido","status":"publish","type":"product","link":"https:\/\/www.quelagrow.com\/mx\/fertilizantes-agricultura\/mejoradores-del-suelo\/abono-con-acido\/","title":{"rendered":"QUELAFERT\u00ae ORGANIC40"},"content":{"rendered":"<p><strong>QUELAFERT\u00ae ORGANIC<\/strong> es una enmienda org\u00e1nica procedente de subproductos vegetales de elevada riqueza en materia org\u00e1nica. Su empleo mejora la estructura del suelo, incrementa la absorci\u00f3n de macro y micronutrientes, favorece y activa el metabolismo de la planta y desarrolla las ra\u00edces. <strong>QUELAFERT\u00ae ORGANIC<\/strong> gracias al proceso de microfiltrado no obstruye los filtros y puede ser mezclado con microelementos, calcio, amino\u00e1cidos y la mayor\u00eda de fertilizantes. <\/p>\n","protected":false},"excerpt":{"rendered":"<p>QUELAFERT\u00ae ORGANIC es una enmienda org\u00e1nica procedente de subproductos vegetales de elevada riqueza en materia org\u00e1nica. Su empleo mejora la estructura del suelo, incrementa la absorci\u00f3n de macro y micronutrientes, favorece y activa el metabolismo de la planta y desarrolla las ra\u00edces. QUELAFERT\u00ae ORGANIC gracias al proceso de microfiltrado no obstruye los filtros y puede [&hellip;]<\/p>\n","protected":false},"featured_media":6732,"comment_status":"closed","ping_status":"closed","template":"","meta":{"_acf_changed":false},"product_brand":[],"product_cat":[174,184],"product_tag":[185,176],"class_list":{"0":"post-5303","1":"product","2":"type-product","3":"status-publish","4":"has-post-thumbnail","6":"product_cat-fertilizantes-agricultura","7":"product_cat-mejoradores-del-suelo","8":"product_tag-acidos-humicos-y-materias-organicas-ecologicos-mx","9":"product_tag-ecologico-mx","11":"first","12":"instock","13":"taxable","14":"shipping-taxable","15":"product-type-simple"},"acf":[],"_links":{"self":[{"href":"https:\/\/www.quelagrow.com\/mx\/wp-json\/wp\/v2\/product\/5303","targetHints":{"allow":["GET"]}}],"collection":[{"href":"https:\/\/www.quelagrow.com\/mx\/wp-json\/wp\/v2\/product"}],"about":[{"href":"https:\/\/www.quelagrow.com\/mx\/wp-json\/wp\/v2\/types\/product"}],"replies":[{"embeddable":true,"href":"https:\/\/www.quelagrow.com\/mx\/wp-json\/wp\/v2\/comments?post=5303"}],"version-history":[{"count":0,"href":"https:\/\/www.quelagrow.com\/mx\/wp-json\/wp\/v2\/product\/5303\/revisions"}],"wp:featuredmedia":[{"embeddable":true,"href":"https:\/\/www.quelagrow.com\/mx\/wp-json\/wp\/v2\/media\/6732"}],"wp:attachment":[{"href":"https:\/\/www.quelagrow.com\/mx\/wp-json\/wp\/v2\/media?parent=5303"}],"wp:term":[{"taxonomy":"product_brand","embeddable":true,"href":"https:\/\/www.quelagrow.com\/mx\/wp-json\/wp\/v2\/product_brand?post=5303"},{"taxonomy":"product_cat","embeddable":true,"href":"https:\/\/www.quelagrow.com\/mx\/wp-json\/wp\/v2\/product_cat?post=5303"},{"taxonomy":"product_tag","embeddable":true,"href":"https:\/\/www.quelagrow.com\/mx\/wp-json\/wp\/v2\/product_tag?post=5303"}],"curies":[{"name":"wp","href":"https:\/\/api.w.org\/{rel}","templated":true}]}}