{"id":5304,"date":"2024-10-02T21:51:27","date_gmt":"2024-10-02T19:51:27","guid":{"rendered":"https:\/\/webmuestra.com\/quelagrow\/uncategorized\/quelafert-organic-hierro\/"},"modified":"2024-10-02T21:51:27","modified_gmt":"2024-10-02T19:51:27","slug":"quelafert-organic-hierro","status":"publish","type":"product","link":"https:\/\/www.quelagrow.com\/mx\/fertilizantes-agricultura\/mejoradores-del-suelo\/quelafert-organic-hierro\/","title":{"rendered":"QUELAFERT\u00ae ORGANIC HIERRO"},"content":{"rendered":"<p>QUELAFERT\u00ae ORGANIC HIERRO es un producto l\u00edquido a base de hierro completado con lignosulfonatos. Tiene diversas acciones sobre el suelo y sobre la planta: <\/p>\n<ul>\n<li>Mejora la estructura y la aireaci\u00f3n del suelo.<\/li>\n<li>Facilita la absorci\u00f3n de micorelementos y gracias a su elevada concentraci\u00f3n en hierro, previene los problemas relacionados con la deficiencia en este micronutriente.<\/li>\n<li>Act\u00faa sobre formas minerales no asimilables.<\/li>\n<li>Favorece la germinaci\u00f3n de las semillas y desarrollo de ra\u00edces.<\/li>\n<li>Mejora el medio en el que se asienta el cultivo.<\/li>\n<li>Aumenta la Capacidad de Intercambio Cati\u00f3nico.<\/li>\n<\/ul>\n<p>No mezclar con productos de fuerte reacci\u00f3n alcalina, f\u00f3sforo y calcio.<\/p>\n","protected":false},"excerpt":{"rendered":"<p>QUELAFERT\u00ae ORGANIC HIERRO es un producto l\u00edquido a base de hierro completado con lignosulfonatos. Tiene diversas acciones sobre el suelo y sobre la planta: Mejora la estructura y la aireaci\u00f3n del suelo. Facilita la absorci\u00f3n de micorelementos y gracias a su elevada concentraci\u00f3n en hierro, previene los problemas relacionados con la deficiencia en este micronutriente. [&hellip;]<\/p>\n","protected":false},"featured_media":6727,"comment_status":"closed","ping_status":"closed","template":"","meta":{"_acf_changed":false},"product_brand":[],"product_cat":[174,184],"product_tag":[185,176],"class_list":{"0":"post-5304","1":"product","2":"type-product","3":"status-publish","4":"has-post-thumbnail","6":"product_cat-fertilizantes-agricultura","7":"product_cat-mejoradores-del-suelo","8":"product_tag-acidos-humicos-y-materias-organicas-ecologicos-mx","9":"product_tag-ecologico-mx","11":"first","12":"instock","13":"taxable","14":"shipping-taxable","15":"product-type-simple"},"acf":[],"_links":{"self":[{"href":"https:\/\/www.quelagrow.com\/mx\/wp-json\/wp\/v2\/product\/5304","targetHints":{"allow":["GET"]}}],"collection":[{"href":"https:\/\/www.quelagrow.com\/mx\/wp-json\/wp\/v2\/product"}],"about":[{"href":"https:\/\/www.quelagrow.com\/mx\/wp-json\/wp\/v2\/types\/product"}],"replies":[{"embeddable":true,"href":"https:\/\/www.quelagrow.com\/mx\/wp-json\/wp\/v2\/comments?post=5304"}],"version-history":[{"count":0,"href":"https:\/\/www.quelagrow.com\/mx\/wp-json\/wp\/v2\/product\/5304\/revisions"}],"wp:featuredmedia":[{"embeddable":true,"href":"https:\/\/www.quelagrow.com\/mx\/wp-json\/wp\/v2\/media\/6727"}],"wp:attachment":[{"href":"https:\/\/www.quelagrow.com\/mx\/wp-json\/wp\/v2\/media?parent=5304"}],"wp:term":[{"taxonomy":"product_brand","embeddable":true,"href":"https:\/\/www.quelagrow.com\/mx\/wp-json\/wp\/v2\/product_brand?post=5304"},{"taxonomy":"product_cat","embeddable":true,"href":"https:\/\/www.quelagrow.com\/mx\/wp-json\/wp\/v2\/product_cat?post=5304"},{"taxonomy":"product_tag","embeddable":true,"href":"https:\/\/www.quelagrow.com\/mx\/wp-json\/wp\/v2\/product_tag?post=5304"}],"curies":[{"name":"wp","href":"https:\/\/api.w.org\/{rel}","templated":true}]}}