{"id":5305,"date":"2024-10-01T22:00:52","date_gmt":"2024-10-01T20:00:52","guid":{"rendered":"https:\/\/webmuestra.com\/quelagrow\/uncategorized\/desplasante-sales-calcio-complejado-mezcla\/"},"modified":"2024-10-01T22:00:52","modified_gmt":"2024-10-01T20:00:52","slug":"desplasante-sales-calcio-complejado-mezcla","status":"publish","type":"product","link":"https:\/\/www.quelagrow.com\/mx\/fertilizantes-agricultura\/mejoradores-del-suelo\/desplasante-sales-calcio-complejado-mezcla\/","title":{"rendered":"QUELAFERT\u00ae DESPLASAL"},"content":{"rendered":"<p>QUELAFERT\u00ae DESPLASAL es un producto l\u00edquido con un 9% de Oxido de Calcio, libre de cloruros, que lo convierte en una excelente fuente de calcio. QUELAFERT\u00ae DESPLASAL act\u00faa como:<\/p>\n<ol>\n<li>Corrector eficaz de suelos salinos y salino-s\u00f3dicos.<\/li>\n<li>Fuente de calcio, totalmente activo y f\u00e1cilmente asimilable por la planta<\/li>\n<li>Reductor de la conductividad el\u00e9ctrica (CE) al disminuir las sales solubles.<\/li>\n<li>Reductor del porcentaje de sodio intercambiable (PSI) al disminuir las sales de cambio.<\/li>\n<\/ol>\n","protected":false},"excerpt":{"rendered":"<p>QUELAFERT\u00ae DESPLASAL es un producto l\u00edquido con un 9% de Oxido de Calcio, libre de cloruros, que lo convierte en una excelente fuente de calcio. QUELAFERT\u00ae DESPLASAL act\u00faa como: Corrector eficaz de suelos salinos y salino-s\u00f3dicos. Fuente de calcio, totalmente activo y f\u00e1cilmente asimilable por la planta Reductor de la conductividad el\u00e9ctrica (CE) al disminuir [&hellip;]<\/p>\n","protected":false},"featured_media":6717,"comment_status":"closed","ping_status":"closed","template":"","meta":{"_acf_changed":false},"product_brand":[],"product_cat":[174,184],"product_tag":[],"class_list":{"0":"post-5305","1":"product","2":"type-product","3":"status-publish","4":"has-post-thumbnail","6":"product_cat-fertilizantes-agricultura","7":"product_cat-mejoradores-del-suelo","9":"first","10":"instock","11":"taxable","12":"shipping-taxable","13":"product-type-simple"},"acf":[],"_links":{"self":[{"href":"https:\/\/www.quelagrow.com\/mx\/wp-json\/wp\/v2\/product\/5305","targetHints":{"allow":["GET"]}}],"collection":[{"href":"https:\/\/www.quelagrow.com\/mx\/wp-json\/wp\/v2\/product"}],"about":[{"href":"https:\/\/www.quelagrow.com\/mx\/wp-json\/wp\/v2\/types\/product"}],"replies":[{"embeddable":true,"href":"https:\/\/www.quelagrow.com\/mx\/wp-json\/wp\/v2\/comments?post=5305"}],"version-history":[{"count":0,"href":"https:\/\/www.quelagrow.com\/mx\/wp-json\/wp\/v2\/product\/5305\/revisions"}],"wp:featuredmedia":[{"embeddable":true,"href":"https:\/\/www.quelagrow.com\/mx\/wp-json\/wp\/v2\/media\/6717"}],"wp:attachment":[{"href":"https:\/\/www.quelagrow.com\/mx\/wp-json\/wp\/v2\/media?parent=5305"}],"wp:term":[{"taxonomy":"product_brand","embeddable":true,"href":"https:\/\/www.quelagrow.com\/mx\/wp-json\/wp\/v2\/product_brand?post=5305"},{"taxonomy":"product_cat","embeddable":true,"href":"https:\/\/www.quelagrow.com\/mx\/wp-json\/wp\/v2\/product_cat?post=5305"},{"taxonomy":"product_tag","embeddable":true,"href":"https:\/\/www.quelagrow.com\/mx\/wp-json\/wp\/v2\/product_tag?post=5305"}],"curies":[{"name":"wp","href":"https:\/\/api.w.org\/{rel}","templated":true}]}}