{"id":6739,"date":"2025-02-09T19:44:56","date_gmt":"2025-02-09T18:44:56","guid":{"rendered":"https:\/\/www.quelagrow.com\/?post_type=product&#038;p=6739"},"modified":"2025-04-17T09:50:04","modified_gmt":"2025-04-17T07:50:04","slug":"quelafert-dhiveno","status":"publish","type":"product","link":"https:\/\/www.quelagrow.com\/mx\/bioprotectores-agricultura\/desinfectantes-de-suelo\/quelafert-dhiveno\/","title":{"rendered":"QUELAFERT\u00ae DHIVENO"},"content":{"rendered":"<p class=\"\" data-start=\"56\" data-end=\"420\">DHIVENO es un producto elaborado a base de \u00e1cidos carbox\u00edlicos obtenidos mediante la fermentaci\u00f3n de compuestos org\u00e1nicos. Este formulado act\u00faa directamente sobre la membrana celular de los nem\u00e1todos que se encuentran en el suelo, alterando su permeabilidad y afectando las enzimas asociadas a esa membrana, lo que provoca su ruptura y la eliminaci\u00f3n del pat\u00f3geno.<\/p>\n<p class=\"\" data-start=\"422\" data-end=\"563\">DHIVENO se presenta como una alternativa ecol\u00f3gica frente a los desinfectantes qu\u00edmicos convencionales, y cuenta con las siguientes ventajas:<\/p>\n<ul data-start=\"565\" data-end=\"794\">\n<li class=\"\" data-start=\"565\" data-end=\"613\">\n<p class=\"\" data-start=\"567\" data-end=\"613\">Es completamente biodegradable y 100% natural.<\/p>\n<\/li>\n<li class=\"\" data-start=\"614\" data-end=\"794\">\n<p class=\"\" data-start=\"616\" data-end=\"794\">No deja residuos, por lo que se recomienda su uso en combinaci\u00f3n con solarizaci\u00f3n, manteniendo un periodo de 14 d\u00edas bajo pl\u00e1stico para garantizar la efectividad del tratamiento.<\/p>\n<\/li>\n<\/ul>\n<p class=\"\" data-start=\"796\" data-end=\"1011\">Con DHIVENO, conseguimos eliminar los nem\u00e1todos que afectan los suelos agr\u00edcolas, protegiendo las ra\u00edces de estos par\u00e1sitos, especialmente en las etapas iniciales del cultivo, cuando las plantas son m\u00e1s vulnerables.<\/p>\n","protected":false},"excerpt":{"rendered":"<p>DHIVENO es un producto elaborado a base de \u00e1cidos carbox\u00edlicos obtenidos mediante la fermentaci\u00f3n de compuestos org\u00e1nicos. Este formulado act\u00faa directamente sobre la membrana celular de los nem\u00e1todos que se encuentran en el suelo, alterando su permeabilidad y afectando las enzimas asociadas a esa membrana, lo que provoca su ruptura y la eliminaci\u00f3n del pat\u00f3geno. [&hellip;]<\/p>\n","protected":false},"featured_media":6756,"comment_status":"closed","ping_status":"closed","template":"","meta":{"_acf_changed":false},"product_brand":[],"product_cat":[169,170],"product_tag":[],"class_list":{"0":"post-6739","1":"product","2":"type-product","3":"status-publish","4":"has-post-thumbnail","6":"product_cat-bioprotectores-agricultura","7":"product_cat-desinfectantes-de-suelo","9":"first","10":"instock","11":"taxable","12":"shipping-taxable","13":"product-type-simple"},"acf":[],"_links":{"self":[{"href":"https:\/\/www.quelagrow.com\/mx\/wp-json\/wp\/v2\/product\/6739","targetHints":{"allow":["GET"]}}],"collection":[{"href":"https:\/\/www.quelagrow.com\/mx\/wp-json\/wp\/v2\/product"}],"about":[{"href":"https:\/\/www.quelagrow.com\/mx\/wp-json\/wp\/v2\/types\/product"}],"replies":[{"embeddable":true,"href":"https:\/\/www.quelagrow.com\/mx\/wp-json\/wp\/v2\/comments?post=6739"}],"version-history":[{"count":3,"href":"https:\/\/www.quelagrow.com\/mx\/wp-json\/wp\/v2\/product\/6739\/revisions"}],"predecessor-version":[{"id":7260,"href":"https:\/\/www.quelagrow.com\/mx\/wp-json\/wp\/v2\/product\/6739\/revisions\/7260"}],"wp:featuredmedia":[{"embeddable":true,"href":"https:\/\/www.quelagrow.com\/mx\/wp-json\/wp\/v2\/media\/6756"}],"wp:attachment":[{"href":"https:\/\/www.quelagrow.com\/mx\/wp-json\/wp\/v2\/media?parent=6739"}],"wp:term":[{"taxonomy":"product_brand","embeddable":true,"href":"https:\/\/www.quelagrow.com\/mx\/wp-json\/wp\/v2\/product_brand?post=6739"},{"taxonomy":"product_cat","embeddable":true,"href":"https:\/\/www.quelagrow.com\/mx\/wp-json\/wp\/v2\/product_cat?post=6739"},{"taxonomy":"product_tag","embeddable":true,"href":"https:\/\/www.quelagrow.com\/mx\/wp-json\/wp\/v2\/product_tag?post=6739"}],"curies":[{"name":"wp","href":"https:\/\/api.w.org\/{rel}","templated":true}]}}