{"id":6768,"date":"2025-02-09T20:36:53","date_gmt":"2025-02-09T19:36:53","guid":{"rendered":"https:\/\/www.quelagrow.com\/?post_type=product&#038;p=6768"},"modified":"2025-04-14T22:11:25","modified_gmt":"2025-04-14T20:11:25","slug":"quelafert-regenerator","status":"publish","type":"product","link":"https:\/\/www.quelagrow.com\/mx\/fertilizantes-agricultura\/mejoradores-del-suelo\/quelafert-regenerator\/","title":{"rendered":"QUELAFERT\u00ae REGENERATOR"},"content":{"rendered":"<p style=\"font-weight: 400;\"><strong>REGENERATOR<\/strong>\u00a0(producto perteneciente a la l\u00ednea\u00a0<strong>RE<\/strong>\u00a0de QUELAGROW) es un complejo de microorganismos formado por B. megaterium, Pseudomona fluorescens y Azotobacter sp. que se han mostrado eficaces en la captaci\u00f3n del nitr\u00f3geno atmosf\u00e9rico y la fijaci\u00f3n del f\u00f3sforo y potasio, con lo que conseguimos una mayor eficacia en el uso de los fertilizantes qu\u00edmicos tradicionales y de esta forma:<\/p>\n<ul>\n<li>Reducimos el aporte de fertilizantes qu\u00edmicos con el consiguiente ahorro econ\u00f3mico<\/li>\n<li>Disminuimos el impacto medioambiental del uso de abono convencionales.<\/li>\n<\/ul>\n<p style=\"font-weight: 400;\">Adem\u00e1s\u00a0<strong>REGENERATOR<\/strong>\u00a0presenta otros beneficios para la planta:<\/p>\n<ul>\n<li>Producci\u00f3n de matebolitos secundarios y fitohormas naturales<\/li>\n<li>Estimulaci\u00f3n de la producci\u00f3n de ra\u00edces secundarias<\/li>\n<li>Favorece la interacci\u00f3n ra\u00edz-suelo, mejorando la simbiosis natural entre planta y suelo<\/li>\n<li>Aumenta la poblaci\u00f3n de microorganismos beneficiosos en la rizosfera<\/li>\n<\/ul>\n<p><span style=\"font-weight: 400;\">En definitiva, REGENATOR es un producto que regenera los suelos agr\u00edcolas da\u00f1ados por el uso continuado de agroqu\u00edmicos.<\/span><\/p>\n","protected":false},"excerpt":{"rendered":"<p>REGENERATOR\u00a0(producto perteneciente a la l\u00ednea\u00a0RE\u00a0de QUELAGROW) es un complejo de microorganismos formado por B. megaterium, Pseudomona fluorescens y Azotobacter sp. que se han mostrado eficaces en la captaci\u00f3n del nitr\u00f3geno atmosf\u00e9rico y la fijaci\u00f3n del f\u00f3sforo y potasio, con lo que conseguimos una mayor eficacia en el uso de los fertilizantes qu\u00edmicos tradicionales y de [&hellip;]<\/p>\n","protected":false},"featured_media":6773,"comment_status":"closed","ping_status":"closed","template":"","meta":{"_acf_changed":false},"product_brand":[],"product_cat":[174,184],"product_tag":[],"class_list":{"0":"post-6768","1":"product","2":"type-product","3":"status-publish","4":"has-post-thumbnail","6":"product_cat-fertilizantes-agricultura","7":"product_cat-mejoradores-del-suelo","9":"first","10":"instock","11":"taxable","12":"shipping-taxable","13":"product-type-simple"},"acf":[],"_links":{"self":[{"href":"https:\/\/www.quelagrow.com\/mx\/wp-json\/wp\/v2\/product\/6768","targetHints":{"allow":["GET"]}}],"collection":[{"href":"https:\/\/www.quelagrow.com\/mx\/wp-json\/wp\/v2\/product"}],"about":[{"href":"https:\/\/www.quelagrow.com\/mx\/wp-json\/wp\/v2\/types\/product"}],"replies":[{"embeddable":true,"href":"https:\/\/www.quelagrow.com\/mx\/wp-json\/wp\/v2\/comments?post=6768"}],"version-history":[{"count":2,"href":"https:\/\/www.quelagrow.com\/mx\/wp-json\/wp\/v2\/product\/6768\/revisions"}],"predecessor-version":[{"id":7257,"href":"https:\/\/www.quelagrow.com\/mx\/wp-json\/wp\/v2\/product\/6768\/revisions\/7257"}],"wp:featuredmedia":[{"embeddable":true,"href":"https:\/\/www.quelagrow.com\/mx\/wp-json\/wp\/v2\/media\/6773"}],"wp:attachment":[{"href":"https:\/\/www.quelagrow.com\/mx\/wp-json\/wp\/v2\/media?parent=6768"}],"wp:term":[{"taxonomy":"product_brand","embeddable":true,"href":"https:\/\/www.quelagrow.com\/mx\/wp-json\/wp\/v2\/product_brand?post=6768"},{"taxonomy":"product_cat","embeddable":true,"href":"https:\/\/www.quelagrow.com\/mx\/wp-json\/wp\/v2\/product_cat?post=6768"},{"taxonomy":"product_tag","embeddable":true,"href":"https:\/\/www.quelagrow.com\/mx\/wp-json\/wp\/v2\/product_tag?post=6768"}],"curies":[{"name":"wp","href":"https:\/\/api.w.org\/{rel}","templated":true}]}}