{"id":7389,"date":"2025-06-21T15:19:59","date_gmt":"2025-06-21T13:19:59","guid":{"rendered":"https:\/\/www.quelagrow.com\/?post_type=product&#038;p=7389"},"modified":"2025-06-21T16:58:57","modified_gmt":"2025-06-21T14:58:57","slug":"quelafert-max-eco-amioacidos-algas-marinas","status":"publish","type":"product","link":"https:\/\/www.quelagrow.com\/mx\/fertilizantes-agricultura\/fitorreguladores-agricultura\/quelafert-max-eco-amioacidos-algas-marinas\/","title":{"rendered":"QUELAFERT\u00ae MAX ECO"},"content":{"rendered":"<p class=\"ds-markdown-paragraph\"><strong>F\u00f3rmula l\u00edquida especial para cultivos de hortalizas y frutales<\/strong>\u00a0que ayuda a potenciar el amarre y desarrollo de los frutos de manera natural.<\/p>\n<p class=\"ds-markdown-paragraph\"><strong>MAX ECO<\/strong>\u00a0est\u00e1 elaborado con extractos de algas marinas, polisac\u00e1ridos y prote\u00ednas. Estas algas son ricas en hormonas vegetales naturales que activan la floraci\u00f3n y el llenado de los frutos, promoviendo la multiplicaci\u00f3n de sus c\u00e9lulas para un crecimiento m\u00e1s abundante.<\/p>\n","protected":false},"excerpt":{"rendered":"<p>F\u00f3rmula l\u00edquida especial para cultivos de hortalizas y frutales\u00a0que ayuda a potenciar el amarre y desarrollo de los frutos de manera natural. MAX ECO\u00a0est\u00e1 elaborado con extractos de algas marinas, polisac\u00e1ridos y prote\u00ednas. Estas algas son ricas en hormonas vegetales naturales que activan la floraci\u00f3n y el llenado de los frutos, promoviendo la multiplicaci\u00f3n de [&hellip;]<\/p>\n","protected":false},"featured_media":7409,"comment_status":"closed","ping_status":"closed","template":"","meta":{"_acf_changed":false},"product_brand":[],"product_cat":[174,180],"product_tag":[240],"class_list":{"0":"post-7389","1":"product","2":"type-product","3":"status-publish","4":"has-post-thumbnail","6":"product_cat-fertilizantes-agricultura","7":"product_cat-fitorreguladores-agricultura","8":"product_tag-fitorreguladores-ecologicos-agricolas","10":"first","11":"instock","12":"taxable","13":"shipping-taxable","14":"product-type-simple"},"acf":[],"_links":{"self":[{"href":"https:\/\/www.quelagrow.com\/mx\/wp-json\/wp\/v2\/product\/7389","targetHints":{"allow":["GET"]}}],"collection":[{"href":"https:\/\/www.quelagrow.com\/mx\/wp-json\/wp\/v2\/product"}],"about":[{"href":"https:\/\/www.quelagrow.com\/mx\/wp-json\/wp\/v2\/types\/product"}],"replies":[{"embeddable":true,"href":"https:\/\/www.quelagrow.com\/mx\/wp-json\/wp\/v2\/comments?post=7389"}],"version-history":[{"count":2,"href":"https:\/\/www.quelagrow.com\/mx\/wp-json\/wp\/v2\/product\/7389\/revisions"}],"predecessor-version":[{"id":7416,"href":"https:\/\/www.quelagrow.com\/mx\/wp-json\/wp\/v2\/product\/7389\/revisions\/7416"}],"wp:featuredmedia":[{"embeddable":true,"href":"https:\/\/www.quelagrow.com\/mx\/wp-json\/wp\/v2\/media\/7409"}],"wp:attachment":[{"href":"https:\/\/www.quelagrow.com\/mx\/wp-json\/wp\/v2\/media?parent=7389"}],"wp:term":[{"taxonomy":"product_brand","embeddable":true,"href":"https:\/\/www.quelagrow.com\/mx\/wp-json\/wp\/v2\/product_brand?post=7389"},{"taxonomy":"product_cat","embeddable":true,"href":"https:\/\/www.quelagrow.com\/mx\/wp-json\/wp\/v2\/product_cat?post=7389"},{"taxonomy":"product_tag","embeddable":true,"href":"https:\/\/www.quelagrow.com\/mx\/wp-json\/wp\/v2\/product_tag?post=7389"}],"curies":[{"name":"wp","href":"https:\/\/api.w.org\/{rel}","templated":true}]}}