{"id":7480,"date":"2025-06-24T21:29:59","date_gmt":"2025-06-24T19:29:59","guid":{"rendered":"https:\/\/www.quelagrow.com\/uncategorized\/quelafert-solarblock-m\/"},"modified":"2025-06-24T21:29:59","modified_gmt":"2025-06-24T19:29:59","slug":"quelafert-solarblock-m","status":"publish","type":"product","link":"https:\/\/www.quelagrow.com\/mx\/bioprotectores-agricultura\/otros-bioprotectores\/quelafert-solarblock-m\/","title":{"rendered":"QUELAFERT\u00ae SOLARBLOCK-M"},"content":{"rendered":"<p>F\u00f3rmula concentrada rica en calcio, presentada como suspensi\u00f3n, pensada para prevenir desajustes nutricionales en cultivos de frutas y verduras. El calcio, en su forma de carbonato c\u00e1lcico, se libera de manera controlada en el suelo, favoreciendo la correcci\u00f3n de posibles deficiencias. Su aplicaci\u00f3n contribuye a mejorar el tama\u00f1o de los frutos, alargando su vida \u00fatil y aumentando su resistencia a golpes y raspones. Al aplicarse en dosis elevadas, crea una capa protectora que protege la cosecha de los da\u00f1os provocados por la exposici\u00f3n al sol.<\/p>\n","protected":false},"excerpt":{"rendered":"<p>F\u00f3rmula concentrada rica en calcio, presentada como suspensi\u00f3n, pensada para prevenir desajustes nutricionales en cultivos de frutas y verduras. El calcio, en su forma de carbonato c\u00e1lcico, se libera de manera controlada en el suelo, favoreciendo la correcci\u00f3n de posibles deficiencias. Su aplicaci\u00f3n contribuye a mejorar el tama\u00f1o de los frutos, alargando su vida \u00fatil [&hellip;]<\/p>\n","protected":false},"featured_media":7467,"comment_status":"closed","ping_status":"closed","template":"","meta":{"_acf_changed":false},"product_brand":[],"product_cat":[244],"product_tag":[],"class_list":{"0":"post-7480","1":"product","2":"type-product","3":"status-publish","4":"has-post-thumbnail","6":"product_cat-otros-bioprotectores","8":"first","9":"instock","10":"taxable","11":"shipping-taxable","12":"product-type-simple"},"acf":[],"_links":{"self":[{"href":"https:\/\/www.quelagrow.com\/mx\/wp-json\/wp\/v2\/product\/7480","targetHints":{"allow":["GET"]}}],"collection":[{"href":"https:\/\/www.quelagrow.com\/mx\/wp-json\/wp\/v2\/product"}],"about":[{"href":"https:\/\/www.quelagrow.com\/mx\/wp-json\/wp\/v2\/types\/product"}],"replies":[{"embeddable":true,"href":"https:\/\/www.quelagrow.com\/mx\/wp-json\/wp\/v2\/comments?post=7480"}],"version-history":[{"count":0,"href":"https:\/\/www.quelagrow.com\/mx\/wp-json\/wp\/v2\/product\/7480\/revisions"}],"wp:featuredmedia":[{"embeddable":true,"href":"https:\/\/www.quelagrow.com\/mx\/wp-json\/wp\/v2\/media\/7467"}],"wp:attachment":[{"href":"https:\/\/www.quelagrow.com\/mx\/wp-json\/wp\/v2\/media?parent=7480"}],"wp:term":[{"taxonomy":"product_brand","embeddable":true,"href":"https:\/\/www.quelagrow.com\/mx\/wp-json\/wp\/v2\/product_brand?post=7480"},{"taxonomy":"product_cat","embeddable":true,"href":"https:\/\/www.quelagrow.com\/mx\/wp-json\/wp\/v2\/product_cat?post=7480"},{"taxonomy":"product_tag","embeddable":true,"href":"https:\/\/www.quelagrow.com\/mx\/wp-json\/wp\/v2\/product_tag?post=7480"}],"curies":[{"name":"wp","href":"https:\/\/api.w.org\/{rel}","templated":true}]}}