{"id":7549,"date":"2025-07-29T11:56:33","date_gmt":"2025-07-29T09:56:33","guid":{"rendered":"https:\/\/www.quelagrow.com\/?post_type=product&#038;p=7549"},"modified":"2026-03-16T14:41:07","modified_gmt":"2026-03-16T13:41:07","slug":"quelafert-poseidon","status":"publish","type":"product","link":"https:\/\/www.quelagrow.com\/mx\/bioprotectores-agricultura\/nematicidas-agricultura\/quelafert-poseidon\/","title":{"rendered":"QUELAFERT\u00ae POSEIDON"},"content":{"rendered":"<p>QUELAFERT\u00ae POSEIDON es una formulaci\u00f3n l\u00edquida soluble compuesta por aceites esenciales y \u00e1cidos org\u00e1nicos con acci\u00f3n nematicida. Su aplicaci\u00f3n mediante fertirrigaci\u00f3n permite reducir de forma eficaz las poblaciones de nematodos en cultivos hort\u00edcolas, sin dejar residuos ni requerir plazo de seguridad. Gracias a su origen natural, es compatible con programas de agricultura ecol\u00f3gica y puede aplicarse en cualquier fase del cultivo, sin riesgo de fitotoxicidad.<\/p>\n","protected":false},"excerpt":{"rendered":"<p>QUELAFERT\u00ae POSEIDON es una formulaci\u00f3n l\u00edquida soluble compuesta por aceites esenciales y \u00e1cidos org\u00e1nicos con acci\u00f3n nematicida. Su aplicaci\u00f3n mediante fertirrigaci\u00f3n permite reducir de forma eficaz las poblaciones de nematodos en cultivos hort\u00edcolas, sin dejar residuos ni requerir plazo de seguridad. Gracias a su origen natural, es compatible con programas de agricultura ecol\u00f3gica y puede [&hellip;]<\/p>\n","protected":false},"featured_media":7685,"comment_status":"closed","ping_status":"closed","template":"","meta":{"_acf_changed":false},"product_brand":[],"product_cat":[169,171],"product_tag":[],"class_list":{"0":"post-7549","1":"product","2":"type-product","3":"status-publish","4":"has-post-thumbnail","6":"product_cat-bioprotectores-agricultura","7":"product_cat-nematicidas-agricultura","9":"first","10":"instock","11":"taxable","12":"shipping-taxable","13":"product-type-simple"},"acf":[],"_links":{"self":[{"href":"https:\/\/www.quelagrow.com\/mx\/wp-json\/wp\/v2\/product\/7549","targetHints":{"allow":["GET"]}}],"collection":[{"href":"https:\/\/www.quelagrow.com\/mx\/wp-json\/wp\/v2\/product"}],"about":[{"href":"https:\/\/www.quelagrow.com\/mx\/wp-json\/wp\/v2\/types\/product"}],"replies":[{"embeddable":true,"href":"https:\/\/www.quelagrow.com\/mx\/wp-json\/wp\/v2\/comments?post=7549"}],"version-history":[{"count":2,"href":"https:\/\/www.quelagrow.com\/mx\/wp-json\/wp\/v2\/product\/7549\/revisions"}],"predecessor-version":[{"id":7987,"href":"https:\/\/www.quelagrow.com\/mx\/wp-json\/wp\/v2\/product\/7549\/revisions\/7987"}],"wp:featuredmedia":[{"embeddable":true,"href":"https:\/\/www.quelagrow.com\/mx\/wp-json\/wp\/v2\/media\/7685"}],"wp:attachment":[{"href":"https:\/\/www.quelagrow.com\/mx\/wp-json\/wp\/v2\/media?parent=7549"}],"wp:term":[{"taxonomy":"product_brand","embeddable":true,"href":"https:\/\/www.quelagrow.com\/mx\/wp-json\/wp\/v2\/product_brand?post=7549"},{"taxonomy":"product_cat","embeddable":true,"href":"https:\/\/www.quelagrow.com\/mx\/wp-json\/wp\/v2\/product_cat?post=7549"},{"taxonomy":"product_tag","embeddable":true,"href":"https:\/\/www.quelagrow.com\/mx\/wp-json\/wp\/v2\/product_tag?post=7549"}],"curies":[{"name":"wp","href":"https:\/\/api.w.org\/{rel}","templated":true}]}}