{"id":8029,"date":"2025-02-10T21:10:51","date_gmt":"2025-02-10T20:10:51","guid":{"rendered":"https:\/\/www.quelagrow.com\/uncategorized\/quelafert-booster\/"},"modified":"2025-02-10T21:10:51","modified_gmt":"2025-02-10T20:10:51","slug":"quelafert-booster","status":"publish","type":"product","link":"https:\/\/www.quelagrow.com\/mx\/bioprotectores-agricultura\/insecticidas-agricultura\/quelafert-booster\/","title":{"rendered":"QUELAFERT\u00ae BOOSTER"},"content":{"rendered":"<div>\n<div>\n<div>\n<p><strong>QUELAFERT\u00ae BOOSTER<\/strong><\/p>\n<p>Es un potenciador vegetal en presentaci\u00f3n l\u00edquida, dise\u00f1ado para aumentar la efectividad de los productos fitosanitarios, sobre todo en el caso de los insecticidas.<\/p>\n<p>Gracias a su alto contenido de carbohidratos y potasio, act\u00faa como un humectante de origen natural que favorece la penetraci\u00f3n de los agroqu\u00edmicos y prolonga su efecto sobre el cultivo.<\/p>\n<p>Al descomponer la melaza que secretan los insectos, los deja m\u00e1s expuestos y susceptibles a la acci\u00f3n de los tratamientos. Su aplicaci\u00f3n constante tambi\u00e9n puede ayudar a disminuir la presencia de plagas menores, provocando deshidrataci\u00f3n en ciertas especies.<\/p>\n<\/div>\n<\/div>\n<\/div>\n","protected":false},"excerpt":{"rendered":"<p>QUELAFERT\u00ae BOOSTER Es un potenciador vegetal en presentaci\u00f3n l\u00edquida, dise\u00f1ado para aumentar la efectividad de los productos fitosanitarios, sobre todo en el caso de los insecticidas. Gracias a su alto contenido de carbohidratos y potasio, act\u00faa como un humectante de origen natural que favorece la penetraci\u00f3n de los agroqu\u00edmicos y prolonga su efecto sobre el [&hellip;]<\/p>\n","protected":false},"featured_media":6877,"comment_status":"closed","ping_status":"closed","template":"","meta":{"_acf_changed":false},"product_brand":[],"product_cat":[169,173],"product_tag":[],"class_list":{"0":"post-8029","1":"product","2":"type-product","3":"status-publish","4":"has-post-thumbnail","6":"product_cat-bioprotectores-agricultura","7":"product_cat-insecticidas-agricultura","9":"first","10":"instock","11":"taxable","12":"shipping-taxable","13":"product-type-simple"},"acf":[],"_links":{"self":[{"href":"https:\/\/www.quelagrow.com\/mx\/wp-json\/wp\/v2\/product\/8029","targetHints":{"allow":["GET"]}}],"collection":[{"href":"https:\/\/www.quelagrow.com\/mx\/wp-json\/wp\/v2\/product"}],"about":[{"href":"https:\/\/www.quelagrow.com\/mx\/wp-json\/wp\/v2\/types\/product"}],"replies":[{"embeddable":true,"href":"https:\/\/www.quelagrow.com\/mx\/wp-json\/wp\/v2\/comments?post=8029"}],"version-history":[{"count":0,"href":"https:\/\/www.quelagrow.com\/mx\/wp-json\/wp\/v2\/product\/8029\/revisions"}],"wp:featuredmedia":[{"embeddable":true,"href":"https:\/\/www.quelagrow.com\/mx\/wp-json\/wp\/v2\/media\/6877"}],"wp:attachment":[{"href":"https:\/\/www.quelagrow.com\/mx\/wp-json\/wp\/v2\/media?parent=8029"}],"wp:term":[{"taxonomy":"product_brand","embeddable":true,"href":"https:\/\/www.quelagrow.com\/mx\/wp-json\/wp\/v2\/product_brand?post=8029"},{"taxonomy":"product_cat","embeddable":true,"href":"https:\/\/www.quelagrow.com\/mx\/wp-json\/wp\/v2\/product_cat?post=8029"},{"taxonomy":"product_tag","embeddable":true,"href":"https:\/\/www.quelagrow.com\/mx\/wp-json\/wp\/v2\/product_tag?post=8029"}],"curies":[{"name":"wp","href":"https:\/\/api.w.org\/{rel}","templated":true}]}}