{"id":5432,"date":"2024-10-22T22:50:48","date_gmt":"2024-10-22T20:50:48","guid":{"rendered":"https:\/\/webmuestra.com\/quelagrow\/blog\/"},"modified":"2025-01-22T10:54:51","modified_gmt":"2025-01-22T09:54:51","slug":"blog","status":"publish","type":"page","link":"https:\/\/www.quelagrow.com\/pt\/blog\/","title":{"rendered":"Blog"},"content":{"rendered":"\t\t<div data-elementor-type=\"wp-page\" data-elementor-id=\"5432\" class=\"elementor elementor-5432 elementor-3375\" data-elementor-post-type=\"page\">\n\t\t\t\t<div class=\"elementor-element elementor-element-6b2e3be e-flex e-con-boxed e-con e-parent\" data-id=\"6b2e3be\" data-element_type=\"container\" data-e-type=\"container\" data-settings=\"{&quot;background_background&quot;:&quot;classic&quot;}\">\n\t\t\t\t\t<div class=\"e-con-inner\">\n\t\t\t\t<div class=\"elementor-element elementor-element-bee698e elementor-widget elementor-widget-heading\" data-id=\"bee698e\" data-element_type=\"widget\" data-e-type=\"widget\" data-widget_type=\"heading.default\">\n\t\t\t\t<div class=\"elementor-widget-container\">\n\t\t\t\t\t<h1 class=\"elementor-heading-title elementor-size-default\">Blogue da Quelagrow: Inova\u00e7\u00e3o, sustentabilidade e agricultura moderna<\/h1>\t\t\t\t<\/div>\n\t\t\t\t<\/div>\n\t\t\t\t\t<\/div>\n\t\t\t\t<\/div>\n\t\t<div class=\"elementor-element elementor-element-b70ecec e-flex e-con-boxed e-con e-parent\" data-id=\"b70ecec\" data-element_type=\"container\" data-e-type=\"container\">\n\t\t\t\t\t<div class=\"e-con-inner\">\n\t\t\t\t<div class=\"elementor-element elementor-element-a78b8a9 elementor-widget elementor-widget-heading\" data-id=\"a78b8a9\" data-element_type=\"widget\" data-e-type=\"widget\" data-widget_type=\"heading.default\">\n\t\t\t\t<div class=\"elementor-widget-container\">\n\t\t\t\t\t<h2 class=\"elementor-heading-title elementor-size-default\">Categorias<\/h2>\t\t\t\t<\/div>\n\t\t\t\t<\/div>\n\t\t\t\t<div class=\"elementor-element elementor-element-03bb04b elementor-widget elementor-widget-text-editor\" data-id=\"03bb04b\" data-element_type=\"widget\" data-e-type=\"widget\" data-widget_type=\"text-editor.default\">\n\t\t\t\t<div class=\"elementor-widget-container\">\n\t\t\t\t\t\t\t\t\t<a href=\"https:\/\/www.quelagrow.com\/pt\/blog\/category\/bioproteccion-pt\/\">Bioprotecci\u00f3n<\/a> | <a href=\"https:\/\/www.quelagrow.com\/pt\/blog\/category\/fertilizantes\/\">Fertilizantes<\/a> | <a href=\"https:\/\/www.quelagrow.com\/pt\/blog\/category\/sin-categorizar\/\">Sin categorizar<\/a>\n\t\t\t\t\t\t\t\t<\/div>\n\t\t\t\t<\/div>\n\t\t\t\t\t<\/div>\n\t\t\t\t<\/div>\n\t\t<div class=\"elementor-element elementor-element-8759594 e-flex e-con-boxed e-con e-parent\" data-id=\"8759594\" data-element_type=\"container\" data-e-type=\"container\">\n\t\t\t\t\t<div class=\"e-con-inner\">\n\t\t\t\t<div class=\"elementor-element elementor-element-10f4596 elementor-grid-3 elementor-grid-tablet-2 elementor-grid-mobile-1 elementor-posts--thumbnail-top elementor-widget elementor-widget-posts\" data-id=\"10f4596\" data-element_type=\"widget\" data-e-type=\"widget\" data-settings=\"{&quot;pagination_type&quot;:&quot;numbers_and_prev_next&quot;,&quot;classic_columns&quot;:&quot;3&quot;,&quot;classic_columns_tablet&quot;:&quot;2&quot;,&quot;classic_columns_mobile&quot;:&quot;1&quot;,&quot;classic_row_gap&quot;:{&quot;unit&quot;:&quot;px&quot;,&quot;size&quot;:35,&quot;sizes&quot;:[]},&quot;classic_row_gap_tablet&quot;:{&quot;unit&quot;:&quot;px&quot;,&quot;size&quot;:&quot;&quot;,&quot;sizes&quot;:[]},&quot;classic_row_gap_mobile&quot;:{&quot;unit&quot;:&quot;px&quot;,&quot;size&quot;:&quot;&quot;,&quot;sizes&quot;:[]}}\" data-widget_type=\"posts.classic\">\n\t\t\t\t<div class=\"elementor-widget-container\">\n\t\t\t\t\t\t\t<div class=\"elementor-posts-container elementor-posts elementor-posts--skin-classic elementor-grid\" role=\"list\">\n\t\t\t\t<article class=\"elementor-post elementor-grid-item post-8143 post type-post status-publish format-standard has-post-thumbnail hentry category-bioproteccion-pt\" role=\"listitem\">\n\t\t\t\t<a class=\"elementor-post__thumbnail__link\" href=\"https:\/\/www.quelagrow.com\/pt\/blog\/melhor-inseticida-para-pulgoes-controlo-ecologico\/\" tabindex=\"-1\" >\n\t\t\t<div class=\"elementor-post__thumbnail\"><img fetchpriority=\"high\" decoding=\"async\" width=\"1376\" height=\"768\" src=\"https:\/\/www.quelagrow.com\/wp-content\/uploads\/mejor-insecticida-contra-pulgones-1.jpg\" class=\"attachment-full size-full wp-image-8133\" alt=\"mejor insecticida combatir pulgones\" srcset=\"https:\/\/www.quelagrow.com\/wp-content\/uploads\/mejor-insecticida-contra-pulgones-1.jpg 1376w, https:\/\/www.quelagrow.com\/wp-content\/uploads\/mejor-insecticida-contra-pulgones-1-300x167.jpg 300w, https:\/\/www.quelagrow.com\/wp-content\/uploads\/mejor-insecticida-contra-pulgones-1-1024x572.jpg 1024w, https:\/\/www.quelagrow.com\/wp-content\/uploads\/mejor-insecticida-contra-pulgones-1-768x429.jpg 768w, https:\/\/www.quelagrow.com\/wp-content\/uploads\/mejor-insecticida-contra-pulgones-1-1000x558.jpg 1000w\" sizes=\"(max-width: 1376px) 100vw, 1376px\" \/><\/div>\n\t\t<\/a>\n\t\t\t\t<div class=\"elementor-post__text\">\n\t\t\t\t<h3 class=\"elementor-post__title\">\n\t\t\t<a href=\"https:\/\/www.quelagrow.com\/pt\/blog\/melhor-inseticida-para-pulgoes-controlo-ecologico\/\" >\n\t\t\t\tO melhor inseticida para pulg\u00f5es: controlo ecol\u00f3gico e eficaz\t\t\t<\/a>\n\t\t<\/h3>\n\t\t\t\t<div class=\"elementor-post__meta-data\">\n\t\t\t\t\t<span class=\"elementor-post-date\">\n\t\t\t18 de Abril, 2026\t\t<\/span>\n\t\t\t\t<\/div>\n\t\t\t\t\t<div class=\"elementor-post__read-more-wrapper\">\n\t\t\n\t\t<a class=\"elementor-post__read-more\" href=\"https:\/\/www.quelagrow.com\/pt\/blog\/melhor-inseticida-para-pulgoes-controlo-ecologico\/\" aria-label=\"Read more about O melhor inseticida para pulg\u00f5es: controlo ecol\u00f3gico e eficaz\" tabindex=\"-1\" >\n\t\t\tLer mais \u00bb\t\t<\/a>\n\n\t\t\t\t\t<\/div>\n\t\t\t\t<\/div>\n\t\t\t\t<\/article>\n\t\t\t\t<article class=\"elementor-post elementor-grid-item post-8107 post type-post status-publish format-standard has-post-thumbnail hentry category-bioproteccion-pt\" role=\"listitem\">\n\t\t\t\t<a class=\"elementor-post__thumbnail__link\" href=\"https:\/\/www.quelagrow.com\/pt\/blog\/desinfeccao-do-solo-agricola-sem-prejudicar-a-microbiota\/\" tabindex=\"-1\" >\n\t\t\t<div class=\"elementor-post__thumbnail\"><img decoding=\"async\" width=\"1376\" height=\"768\" src=\"https:\/\/www.quelagrow.com\/wp-content\/uploads\/desinfeccion-suelo-agricola-1.jpg\" class=\"attachment-full size-full wp-image-8114\" alt=\"agricultor regenerando la microbiota de un cultivo con desinfectantes de suelo\" srcset=\"https:\/\/www.quelagrow.com\/wp-content\/uploads\/desinfeccion-suelo-agricola-1.jpg 1376w, https:\/\/www.quelagrow.com\/wp-content\/uploads\/desinfeccion-suelo-agricola-1-300x167.jpg 300w, https:\/\/www.quelagrow.com\/wp-content\/uploads\/desinfeccion-suelo-agricola-1-1024x572.jpg 1024w, https:\/\/www.quelagrow.com\/wp-content\/uploads\/desinfeccion-suelo-agricola-1-768x429.jpg 768w, https:\/\/www.quelagrow.com\/wp-content\/uploads\/desinfeccion-suelo-agricola-1-1000x558.jpg 1000w\" sizes=\"(max-width: 1376px) 100vw, 1376px\" \/><\/div>\n\t\t<\/a>\n\t\t\t\t<div class=\"elementor-post__text\">\n\t\t\t\t<h3 class=\"elementor-post__title\">\n\t\t\t<a href=\"https:\/\/www.quelagrow.com\/pt\/blog\/desinfeccao-do-solo-agricola-sem-prejudicar-a-microbiota\/\" >\n\t\t\t\tDesinfec\u00e7\u00e3o do solo agr\u00edcola sem prejudicar a microbiota: m\u00e9todos sustent\u00e1veis e regenera\u00e7\u00e3o\t\t\t<\/a>\n\t\t<\/h3>\n\t\t\t\t<div class=\"elementor-post__meta-data\">\n\t\t\t\t\t<span class=\"elementor-post-date\">\n\t\t\t17 de Abril, 2026\t\t<\/span>\n\t\t\t\t<\/div>\n\t\t\t\t\t<div class=\"elementor-post__read-more-wrapper\">\n\t\t\n\t\t<a class=\"elementor-post__read-more\" href=\"https:\/\/www.quelagrow.com\/pt\/blog\/desinfeccao-do-solo-agricola-sem-prejudicar-a-microbiota\/\" aria-label=\"Read more about Desinfec\u00e7\u00e3o do solo agr\u00edcola sem prejudicar a microbiota: m\u00e9todos sustent\u00e1veis e regenera\u00e7\u00e3o\" tabindex=\"-1\" >\n\t\t\tLer mais \u00bb\t\t<\/a>\n\n\t\t\t\t\t<\/div>\n\t\t\t\t<\/div>\n\t\t\t\t<\/article>\n\t\t\t\t<article class=\"elementor-post elementor-grid-item post-8156 post type-post status-publish format-standard has-post-thumbnail hentry category-fertilizantes\" role=\"listitem\">\n\t\t\t\t<a class=\"elementor-post__thumbnail__link\" href=\"https:\/\/www.quelagrow.com\/pt\/blog\/fertilizantes-de-alta-eficiencia-maximizam-o-rendimento-das-culturas\/\" tabindex=\"-1\" >\n\t\t\t<div class=\"elementor-post__thumbnail\"><img decoding=\"async\" width=\"1376\" height=\"768\" src=\"https:\/\/www.quelagrow.com\/wp-content\/uploads\/fertilizacion-alta-eficacia-1.jpg\" class=\"attachment-full size-full wp-image-7958\" alt=\"fertilizacion\" srcset=\"https:\/\/www.quelagrow.com\/wp-content\/uploads\/fertilizacion-alta-eficacia-1.jpg 1376w, https:\/\/www.quelagrow.com\/wp-content\/uploads\/fertilizacion-alta-eficacia-1-300x167.jpg 300w, https:\/\/www.quelagrow.com\/wp-content\/uploads\/fertilizacion-alta-eficacia-1-1024x572.jpg 1024w, https:\/\/www.quelagrow.com\/wp-content\/uploads\/fertilizacion-alta-eficacia-1-768x429.jpg 768w, https:\/\/www.quelagrow.com\/wp-content\/uploads\/fertilizacion-alta-eficacia-1-1000x558.jpg 1000w\" sizes=\"(max-width: 1376px) 100vw, 1376px\" \/><\/div>\n\t\t<\/a>\n\t\t\t\t<div class=\"elementor-post__text\">\n\t\t\t\t<h3 class=\"elementor-post__title\">\n\t\t\t<a href=\"https:\/\/www.quelagrow.com\/pt\/blog\/fertilizantes-de-alta-eficiencia-maximizam-o-rendimento-das-culturas\/\" >\n\t\t\t\tFertilizantes de alta efici\u00eancia: guia t\u00e9cnico para maximizar o rendimento das suas culturas\t\t\t<\/a>\n\t\t<\/h3>\n\t\t\t\t<div class=\"elementor-post__meta-data\">\n\t\t\t\t\t<span class=\"elementor-post-date\">\n\t\t\t16 de Fevereiro, 2026\t\t<\/span>\n\t\t\t\t<\/div>\n\t\t\t\t\t<div class=\"elementor-post__read-more-wrapper\">\n\t\t\n\t\t<a class=\"elementor-post__read-more\" href=\"https:\/\/www.quelagrow.com\/pt\/blog\/fertilizantes-de-alta-eficiencia-maximizam-o-rendimento-das-culturas\/\" aria-label=\"Read more about Fertilizantes de alta efici\u00eancia: guia t\u00e9cnico para maximizar o rendimento das suas culturas\" tabindex=\"-1\" >\n\t\t\tLer mais \u00bb\t\t<\/a>\n\n\t\t\t\t\t<\/div>\n\t\t\t\t<\/div>\n\t\t\t\t<\/article>\n\t\t\t\t<article class=\"elementor-post elementor-grid-item post-8151 post type-post status-publish format-standard has-post-thumbnail hentry category-fertilizantes\" role=\"listitem\">\n\t\t\t\t<a class=\"elementor-post__thumbnail__link\" href=\"https:\/\/www.quelagrow.com\/pt\/blog\/fertilizacao-ecologica-agricultura-sustentavel\/\" tabindex=\"-1\" >\n\t\t\t<div class=\"elementor-post__thumbnail\"><img loading=\"lazy\" decoding=\"async\" width=\"1376\" height=\"768\" src=\"https:\/\/www.quelagrow.com\/wp-content\/uploads\/fertilizacion-ecologica-1.jpg\" class=\"attachment-full size-full wp-image-7927\" alt=\"fertilizacion ecologica\" srcset=\"https:\/\/www.quelagrow.com\/wp-content\/uploads\/fertilizacion-ecologica-1.jpg 1376w, https:\/\/www.quelagrow.com\/wp-content\/uploads\/fertilizacion-ecologica-1-300x167.jpg 300w, https:\/\/www.quelagrow.com\/wp-content\/uploads\/fertilizacion-ecologica-1-1024x572.jpg 1024w, https:\/\/www.quelagrow.com\/wp-content\/uploads\/fertilizacion-ecologica-1-768x429.jpg 768w, https:\/\/www.quelagrow.com\/wp-content\/uploads\/fertilizacion-ecologica-1-1000x558.jpg 1000w\" sizes=\"(max-width: 1376px) 100vw, 1376px\" \/><\/div>\n\t\t<\/a>\n\t\t\t\t<div class=\"elementor-post__text\">\n\t\t\t\t<h3 class=\"elementor-post__title\">\n\t\t\t<a href=\"https:\/\/www.quelagrow.com\/pt\/blog\/fertilizacao-ecologica-agricultura-sustentavel\/\" >\n\t\t\t\tFertiliza\u00e7\u00e3o ecol\u00f3gica: guia completo para uma agricultura sustent\u00e1vel e produtiva\t\t\t<\/a>\n\t\t<\/h3>\n\t\t\t\t<div class=\"elementor-post__meta-data\">\n\t\t\t\t\t<span class=\"elementor-post-date\">\n\t\t\t16 de Fevereiro, 2026\t\t<\/span>\n\t\t\t\t<\/div>\n\t\t\t\t\t<div class=\"elementor-post__read-more-wrapper\">\n\t\t\n\t\t<a class=\"elementor-post__read-more\" href=\"https:\/\/www.quelagrow.com\/pt\/blog\/fertilizacao-ecologica-agricultura-sustentavel\/\" aria-label=\"Read more about Fertiliza\u00e7\u00e3o ecol\u00f3gica: guia completo para uma agricultura sustent\u00e1vel e produtiva\" tabindex=\"-1\" >\n\t\t\tLer mais \u00bb\t\t<\/a>\n\n\t\t\t\t\t<\/div>\n\t\t\t\t<\/div>\n\t\t\t\t<\/article>\n\t\t\t\t<article class=\"elementor-post elementor-grid-item post-8147 post type-post status-publish format-standard has-post-thumbnail hentry category-bioproteccion-pt\" role=\"listitem\">\n\t\t\t\t<a class=\"elementor-post__thumbnail__link\" href=\"https:\/\/www.quelagrow.com\/pt\/blog\/o-melhor-inseticida-para-tomate-guia-completo-protecao-multifuncional\/\" tabindex=\"-1\" >\n\t\t\t<div class=\"elementor-post__thumbnail\"><img loading=\"lazy\" decoding=\"async\" width=\"1376\" height=\"768\" src=\"https:\/\/www.quelagrow.com\/wp-content\/uploads\/plaga-en-planta-tomatera-1.jpg\" class=\"attachment-full size-full wp-image-7871\" alt=\"az3000 mejor insecticida para tomate\" srcset=\"https:\/\/www.quelagrow.com\/wp-content\/uploads\/plaga-en-planta-tomatera-1.jpg 1376w, https:\/\/www.quelagrow.com\/wp-content\/uploads\/plaga-en-planta-tomatera-1-300x167.jpg 300w, https:\/\/www.quelagrow.com\/wp-content\/uploads\/plaga-en-planta-tomatera-1-1024x572.jpg 1024w, https:\/\/www.quelagrow.com\/wp-content\/uploads\/plaga-en-planta-tomatera-1-768x429.jpg 768w, https:\/\/www.quelagrow.com\/wp-content\/uploads\/plaga-en-planta-tomatera-1-1000x558.jpg 1000w\" sizes=\"(max-width: 1376px) 100vw, 1376px\" \/><\/div>\n\t\t<\/a>\n\t\t\t\t<div class=\"elementor-post__text\">\n\t\t\t\t<h3 class=\"elementor-post__title\">\n\t\t\t<a href=\"https:\/\/www.quelagrow.com\/pt\/blog\/o-melhor-inseticida-para-tomate-guia-completo-protecao-multifuncional\/\" >\n\t\t\t\tQual \u00e9 o melhor inseticida para o tomate? Guia completo de prote\u00e7\u00e3o multifuncional\t\t\t<\/a>\n\t\t<\/h3>\n\t\t\t\t<div class=\"elementor-post__meta-data\">\n\t\t\t\t\t<span class=\"elementor-post-date\">\n\t\t\t20 de Janeiro, 2026\t\t<\/span>\n\t\t\t\t<\/div>\n\t\t\t\t\t<div class=\"elementor-post__read-more-wrapper\">\n\t\t\n\t\t<a class=\"elementor-post__read-more\" href=\"https:\/\/www.quelagrow.com\/pt\/blog\/o-melhor-inseticida-para-tomate-guia-completo-protecao-multifuncional\/\" aria-label=\"Read more about Qual \u00e9 o melhor inseticida para o tomate? Guia completo de prote\u00e7\u00e3o multifuncional\" tabindex=\"-1\" >\n\t\t\tLer mais \u00bb\t\t<\/a>\n\n\t\t\t\t\t<\/div>\n\t\t\t\t<\/div>\n\t\t\t\t<\/article>\n\t\t\t\t<article class=\"elementor-post elementor-grid-item post-7995 post type-post status-publish format-standard has-post-thumbnail hentry category-bioproteccion-pt\" role=\"listitem\">\n\t\t\t\t<a class=\"elementor-post__thumbnail__link\" href=\"https:\/\/www.quelagrow.com\/pt\/blog\/melhor-inseticida-para-tripes\/\" tabindex=\"-1\" >\n\t\t\t<div class=\"elementor-post__thumbnail\"><img loading=\"lazy\" decoding=\"async\" width=\"1376\" height=\"768\" src=\"https:\/\/www.quelagrow.com\/wp-content\/uploads\/trip-1.jpg\" class=\"attachment-full size-full wp-image-7848\" alt=\"trip en planta\" srcset=\"https:\/\/www.quelagrow.com\/wp-content\/uploads\/trip-1.jpg 1376w, https:\/\/www.quelagrow.com\/wp-content\/uploads\/trip-1-300x167.jpg 300w, https:\/\/www.quelagrow.com\/wp-content\/uploads\/trip-1-1024x572.jpg 1024w, https:\/\/www.quelagrow.com\/wp-content\/uploads\/trip-1-768x429.jpg 768w, https:\/\/www.quelagrow.com\/wp-content\/uploads\/trip-1-1000x558.jpg 1000w\" sizes=\"(max-width: 1376px) 100vw, 1376px\" \/><\/div>\n\t\t<\/a>\n\t\t\t\t<div class=\"elementor-post__text\">\n\t\t\t\t<h3 class=\"elementor-post__title\">\n\t\t\t<a href=\"https:\/\/www.quelagrow.com\/pt\/blog\/melhor-inseticida-para-tripes\/\" >\n\t\t\t\tQual \u00e9 o melhor inseticida para tripes? Guia completo\t\t\t<\/a>\n\t\t<\/h3>\n\t\t\t\t<div class=\"elementor-post__meta-data\">\n\t\t\t\t\t<span class=\"elementor-post-date\">\n\t\t\t19 de Janeiro, 2026\t\t<\/span>\n\t\t\t\t<\/div>\n\t\t\t\t\t<div class=\"elementor-post__read-more-wrapper\">\n\t\t\n\t\t<a class=\"elementor-post__read-more\" href=\"https:\/\/www.quelagrow.com\/pt\/blog\/melhor-inseticida-para-tripes\/\" aria-label=\"Read more about Qual \u00e9 o melhor inseticida para tripes? Guia completo\" tabindex=\"-1\" >\n\t\t\tLer mais \u00bb\t\t<\/a>\n\n\t\t\t\t\t<\/div>\n\t\t\t\t<\/div>\n\t\t\t\t<\/article>\n\t\t\t\t<article class=\"elementor-post elementor-grid-item post-8006 post type-post status-publish format-standard has-post-thumbnail hentry category-bioproteccion-pt\" role=\"listitem\">\n\t\t\t\t<a class=\"elementor-post__thumbnail__link\" href=\"https:\/\/www.quelagrow.com\/pt\/blog\/melhor-inseticida-para-mosca-branca\/\" tabindex=\"-1\" >\n\t\t\t<div class=\"elementor-post__thumbnail\"><img loading=\"lazy\" decoding=\"async\" width=\"1376\" height=\"768\" src=\"https:\/\/www.quelagrow.com\/wp-content\/uploads\/mosca-blanca-1.jpg\" class=\"attachment-full size-full wp-image-7792\" alt=\"mejor insecticida combatir mosca blanca\" srcset=\"https:\/\/www.quelagrow.com\/wp-content\/uploads\/mosca-blanca-1.jpg 1376w, https:\/\/www.quelagrow.com\/wp-content\/uploads\/mosca-blanca-1-300x167.jpg 300w, https:\/\/www.quelagrow.com\/wp-content\/uploads\/mosca-blanca-1-1024x572.jpg 1024w, https:\/\/www.quelagrow.com\/wp-content\/uploads\/mosca-blanca-1-768x429.jpg 768w, https:\/\/www.quelagrow.com\/wp-content\/uploads\/mosca-blanca-1-1000x558.jpg 1000w\" sizes=\"(max-width: 1376px) 100vw, 1376px\" \/><\/div>\n\t\t<\/a>\n\t\t\t\t<div class=\"elementor-post__text\">\n\t\t\t\t<h3 class=\"elementor-post__title\">\n\t\t\t<a href=\"https:\/\/www.quelagrow.com\/pt\/blog\/melhor-inseticida-para-mosca-branca\/\" >\n\t\t\t\tGuia definitivo: O melhor inseticida contra a mosca branca nas suas culturas\t\t\t<\/a>\n\t\t<\/h3>\n\t\t\t\t<div class=\"elementor-post__meta-data\">\n\t\t\t\t\t<span class=\"elementor-post-date\">\n\t\t\t26 de Dezembro, 2025\t\t<\/span>\n\t\t\t\t<\/div>\n\t\t\t\t\t<div class=\"elementor-post__read-more-wrapper\">\n\t\t\n\t\t<a class=\"elementor-post__read-more\" href=\"https:\/\/www.quelagrow.com\/pt\/blog\/melhor-inseticida-para-mosca-branca\/\" aria-label=\"Read more about Guia definitivo: O melhor inseticida contra a mosca branca nas suas culturas\" tabindex=\"-1\" >\n\t\t\tLer mais \u00bb\t\t<\/a>\n\n\t\t\t\t\t<\/div>\n\t\t\t\t<\/div>\n\t\t\t\t<\/article>\n\t\t\t\t<article class=\"elementor-post elementor-grid-item post-8000 post type-post status-publish format-standard has-post-thumbnail hentry category-bioproteccion-pt\" role=\"listitem\">\n\t\t\t\t<a class=\"elementor-post__thumbnail__link\" href=\"https:\/\/www.quelagrow.com\/pt\/blog\/o-melhor-inseticida-contra-a-tuta-absoluta-guia-completo\/\" tabindex=\"-1\" >\n\t\t\t<div class=\"elementor-post__thumbnail\"><img loading=\"lazy\" decoding=\"async\" width=\"575\" height=\"400\" src=\"https:\/\/www.quelagrow.com\/wp-content\/uploads\/insecticida-contra-tuta.jpg\" class=\"attachment-full size-full wp-image-7759\" alt=\"insecticida para tuta tomate\" srcset=\"https:\/\/www.quelagrow.com\/wp-content\/uploads\/insecticida-contra-tuta.jpg 575w, https:\/\/www.quelagrow.com\/wp-content\/uploads\/insecticida-contra-tuta-300x209.jpg 300w\" sizes=\"(max-width: 575px) 100vw, 575px\" \/><\/div>\n\t\t<\/a>\n\t\t\t\t<div class=\"elementor-post__text\">\n\t\t\t\t<h3 class=\"elementor-post__title\">\n\t\t\t<a href=\"https:\/\/www.quelagrow.com\/pt\/blog\/o-melhor-inseticida-contra-a-tuta-absoluta-guia-completo\/\" >\n\t\t\t\tGuia definitivo: O melhor inseticida para a tuta absoluta\t\t\t<\/a>\n\t\t<\/h3>\n\t\t\t\t<div class=\"elementor-post__meta-data\">\n\t\t\t\t\t<span class=\"elementor-post-date\">\n\t\t\t22 de Novembro, 2025\t\t<\/span>\n\t\t\t\t<\/div>\n\t\t\t\t\t<div class=\"elementor-post__read-more-wrapper\">\n\t\t\n\t\t<a class=\"elementor-post__read-more\" href=\"https:\/\/www.quelagrow.com\/pt\/blog\/o-melhor-inseticida-contra-a-tuta-absoluta-guia-completo\/\" aria-label=\"Read more about Guia definitivo: O melhor inseticida para a tuta absoluta\" tabindex=\"-1\" >\n\t\t\tLer mais \u00bb\t\t<\/a>\n\n\t\t\t\t\t<\/div>\n\t\t\t\t<\/div>\n\t\t\t\t<\/article>\n\t\t\t\t<article class=\"elementor-post elementor-grid-item post-7990 post type-post status-publish format-standard has-post-thumbnail hentry category-bioproteccion-pt\" role=\"listitem\">\n\t\t\t\t<a class=\"elementor-post__thumbnail__link\" href=\"https:\/\/www.quelagrow.com\/pt\/blog\/melhor-inseticida-para-aranha-vermelha\/\" tabindex=\"-1\" >\n\t\t\t<div class=\"elementor-post__thumbnail\"><img loading=\"lazy\" decoding=\"async\" width=\"575\" height=\"400\" src=\"https:\/\/www.quelagrow.com\/wp-content\/uploads\/arana-roja.jpg\" class=\"attachment-full size-full wp-image-7729\" alt=\"eliminar ara\u00f1a roja\" srcset=\"https:\/\/www.quelagrow.com\/wp-content\/uploads\/arana-roja.jpg 575w, https:\/\/www.quelagrow.com\/wp-content\/uploads\/arana-roja-300x209.jpg 300w\" sizes=\"(max-width: 575px) 100vw, 575px\" \/><\/div>\n\t\t<\/a>\n\t\t\t\t<div class=\"elementor-post__text\">\n\t\t\t\t<h3 class=\"elementor-post__title\">\n\t\t\t<a href=\"https:\/\/www.quelagrow.com\/pt\/blog\/melhor-inseticida-para-aranha-vermelha\/\" >\n\t\t\t\tComo escolher o melhor inseticida para a teia-de-aranha\t\t\t<\/a>\n\t\t<\/h3>\n\t\t\t\t<div class=\"elementor-post__meta-data\">\n\t\t\t\t\t<span class=\"elementor-post-date\">\n\t\t\t2 de Novembro, 2025\t\t<\/span>\n\t\t\t\t<\/div>\n\t\t\t\t\t<div class=\"elementor-post__read-more-wrapper\">\n\t\t\n\t\t<a class=\"elementor-post__read-more\" href=\"https:\/\/www.quelagrow.com\/pt\/blog\/melhor-inseticida-para-aranha-vermelha\/\" aria-label=\"Read more about Como escolher o melhor inseticida para a teia-de-aranha\" tabindex=\"-1\" >\n\t\t\tLer mais \u00bb\t\t<\/a>\n\n\t\t\t\t\t<\/div>\n\t\t\t\t<\/div>\n\t\t\t\t<\/article>\n\t\t\t\t<\/div>\n\t\t\n\t\t\t\t\t\t<\/div>\n\t\t\t\t<\/div>\n\t\t\t\t\t<\/div>\n\t\t\t\t<\/div>\n\t\t\t\t<\/div>\n\t\t","protected":false},"excerpt":{"rendered":"<p>Blogue da Quelagrow: Inova\u00e7\u00e3o, sustentabilidade e agricultura moderna Categorias<\/p>\n","protected":false},"author":1,"featured_media":0,"parent":0,"menu_order":0,"comment_status":"closed","ping_status":"closed","template":"","meta":{"_acf_changed":false,"footnotes":""},"class_list":["post-5432","page","type-page","status-publish","hentry"],"acf":[],"_links":{"self":[{"href":"https:\/\/www.quelagrow.com\/pt\/wp-json\/wp\/v2\/pages\/5432","targetHints":{"allow":["GET"]}}],"collection":[{"href":"https:\/\/www.quelagrow.com\/pt\/wp-json\/wp\/v2\/pages"}],"about":[{"href":"https:\/\/www.quelagrow.com\/pt\/wp-json\/wp\/v2\/types\/page"}],"author":[{"embeddable":true,"href":"https:\/\/www.quelagrow.com\/pt\/wp-json\/wp\/v2\/users\/1"}],"replies":[{"embeddable":true,"href":"https:\/\/www.quelagrow.com\/pt\/wp-json\/wp\/v2\/comments?post=5432"}],"version-history":[{"count":2,"href":"https:\/\/www.quelagrow.com\/pt\/wp-json\/wp\/v2\/pages\/5432\/revisions"}],"predecessor-version":[{"id":6219,"href":"https:\/\/www.quelagrow.com\/pt\/wp-json\/wp\/v2\/pages\/5432\/revisions\/6219"}],"wp:attachment":[{"href":"https:\/\/www.quelagrow.com\/pt\/wp-json\/wp\/v2\/media?parent=5432"}],"curies":[{"name":"wp","href":"https:\/\/api.w.org\/{rel}","templated":true}]}}