{"id":5437,"date":"2024-11-16T13:25:17","date_gmt":"2024-11-16T12:25:17","guid":{"rendered":"https:\/\/webmuestra.com\/quelagrow\/quelagrow-iberica\/"},"modified":"2024-12-27T20:58:07","modified_gmt":"2024-12-27T19:58:07","slug":"quelagrow-iberica","status":"publish","type":"page","link":"https:\/\/www.quelagrow.com\/pt\/quelagrow-iberica\/","title":{"rendered":"Empresa"},"content":{"rendered":"\t\t<div data-elementor-type=\"wp-page\" data-elementor-id=\"5437\" class=\"elementor elementor-5437 elementor-4579\" data-elementor-post-type=\"page\">\n\t\t\t\t<div class=\"elementor-element elementor-element-e0ef8f3 e-flex e-con-boxed e-con e-parent\" data-id=\"e0ef8f3\" data-element_type=\"container\" data-e-type=\"container\" data-settings=\"{&quot;background_background&quot;:&quot;classic&quot;}\">\n\t\t\t\t\t<div class=\"e-con-inner\">\n\t\t\t\t<div class=\"elementor-element elementor-element-746030f elementor-widget elementor-widget-heading\" data-id=\"746030f\" data-element_type=\"widget\" data-e-type=\"widget\" data-widget_type=\"heading.default\">\n\t\t\t\t<div class=\"elementor-widget-container\">\n\t\t\t\t\t<h1 class=\"elementor-heading-title elementor-size-default\">Quelagrow Ib\u00e9rica<\/h1>\t\t\t\t<\/div>\n\t\t\t\t<\/div>\n\t\t\t\t\t<\/div>\n\t\t\t\t<\/div>\n\t\t<div class=\"elementor-element elementor-element-d42cdf2 e-flex e-con-boxed e-con e-parent\" data-id=\"d42cdf2\" data-element_type=\"container\" data-e-type=\"container\">\n\t\t\t\t\t<div class=\"e-con-inner\">\n\t\t\t\t<div class=\"elementor-element elementor-element-c9f9bba elementor-widget elementor-widget-text-editor\" data-id=\"c9f9bba\" data-element_type=\"widget\" data-e-type=\"widget\" data-widget_type=\"text-editor.default\">\n\t\t\t\t<div class=\"elementor-widget-container\">\n\t\t\t\t\t\t\t\t\t<p><span style=\"font-weight: 400;\">A QUELAGROW IB\u00c9RICA \u00e9 uma empresa dedicada ao <strong>fabrico e desenvolvimento de produtos agroqu\u00edmicos para a agricultura<\/strong>. Trabalhamos com fertilizantes tradicionais e ecol\u00f3gicos e dispomos tamb\u00e9m de uma linha de produtos fitossanit\u00e1rios com zero res\u00edduo. <\/span><\/p>\n\t\t\t\t\t\t\t\t<\/div>\n\t\t\t\t<\/div>\n\t\t\t\t\t<\/div>\n\t\t\t\t<\/div>\n\t\t<div class=\"elementor-element elementor-element-0d685d2 e-flex e-con-boxed e-con e-parent\" data-id=\"0d685d2\" data-element_type=\"container\" data-e-type=\"container\">\n\t\t\t\t\t<div class=\"e-con-inner\">\n\t\t<div class=\"elementor-element elementor-element-e976529 e-con-full e-flex e-con e-child\" data-id=\"e976529\" data-element_type=\"container\" data-e-type=\"container\">\n\t\t\t\t<div class=\"elementor-element elementor-element-3b8abbb elementor-widget elementor-widget-image\" data-id=\"3b8abbb\" data-element_type=\"widget\" data-e-type=\"widget\" data-widget_type=\"image.default\">\n\t\t\t\t<div class=\"elementor-widget-container\">\n\t\t\t\t\t\t\t\t\t\t\t\t\t\t\t<img fetchpriority=\"high\" decoding=\"async\" width=\"680\" height=\"382\" src=\"https:\/\/www.quelagrow.com\/wp-content\/uploads\/2020-11-14-5.jpg\" class=\"attachment-full size-full wp-image-5441\" alt=\"\" srcset=\"https:\/\/www.quelagrow.com\/wp-content\/uploads\/2020-11-14-5.jpg 680w, https:\/\/www.quelagrow.com\/wp-content\/uploads\/2020-11-14-5-300x169.jpg 300w\" sizes=\"(max-width: 680px) 100vw, 680px\" \/>\t\t\t\t\t\t\t\t\t\t\t\t\t\t\t<\/div>\n\t\t\t\t<\/div>\n\t\t\t\t<\/div>\n\t\t<div class=\"elementor-element elementor-element-313b57a e-con-full e-flex e-con e-child\" data-id=\"313b57a\" data-element_type=\"container\" data-e-type=\"container\">\n\t\t\t\t<div class=\"elementor-element elementor-element-1388ea4 elementor-widget elementor-widget-text-editor\" data-id=\"1388ea4\" data-element_type=\"widget\" data-e-type=\"widget\" data-widget_type=\"text-editor.default\">\n\t\t\t\t<div class=\"elementor-widget-container\">\n\t\t\t\t\t\t\t\t\t<p><span style=\"font-weight: 400;\">O nosso objetivo \u00e9 a m\u00e1xima satisfa\u00e7\u00e3o do cliente a todos os n\u00edveis (desenvolvimento do produto, fabrico, embalagem, rotulagem, transporte e distribui\u00e7\u00e3o). <\/span><\/p>\n<p><span style=\"font-weight: 400;\">Para o efeito, trabalhamos com os clientes em v\u00e1rias vertentes: <strong>distribui\u00e7\u00e3o exclusiva, marca pr\u00f3pria, etc. <\/strong><\/span><\/p>\n<p><span style=\"font-weight: 400;\">Os nossos produtos foram criados para facilitar o trabalho dos agricultores na obten\u00e7\u00e3o de culturas mais saud\u00e1veis e mais produtivas. <\/span><\/p>\n<p><span style=\"font-weight: 400;\">Oferecemos uma vasta gama de produtos, adaptados \u00e0s necessidades do mercado e dos seus clientes.<\/span><\/p>\n\t\t\t\t\t\t\t\t<\/div>\n\t\t\t\t<\/div>\n\t\t\t\t<\/div>\n\t\t\t\t\t<\/div>\n\t\t\t\t<\/div>\n\t\t<div class=\"elementor-element elementor-element-6f85c50 e-flex e-con-boxed e-con e-parent\" data-id=\"6f85c50\" data-element_type=\"container\" data-e-type=\"container\">\n\t\t\t\t\t<div class=\"e-con-inner\">\n\t\t<div class=\"elementor-element elementor-element-299df05 e-con-full e-flex e-con e-child\" data-id=\"299df05\" data-element_type=\"container\" data-e-type=\"container\">\n\t\t\t\t<div class=\"elementor-element elementor-element-aee3b6f elementor-widget elementor-widget-heading\" data-id=\"aee3b6f\" data-element_type=\"widget\" data-e-type=\"widget\" data-widget_type=\"heading.default\">\n\t\t\t\t<div class=\"elementor-widget-container\">\n\t\t\t\t\t<h2 class=\"elementor-heading-title elementor-size-default\">Fabricantes e distribuidores internacionais<\/h2>\t\t\t\t<\/div>\n\t\t\t\t<\/div>\n\t\t\t\t<div class=\"elementor-element elementor-element-2d1bdda elementor-widget elementor-widget-text-editor\" data-id=\"2d1bdda\" data-element_type=\"widget\" data-e-type=\"widget\" data-widget_type=\"text-editor.default\">\n\t\t\t\t<div class=\"elementor-widget-container\">\n\t\t\t\t\t\t\t\t\t<p><span style=\"font-weight: 400;\">O nosso objetivo \u00e9 a m\u00e1xima satisfa\u00e7\u00e3o do cliente a todos os n\u00edveis (desenvolvimento do produto, fabrico, embalagem, rotulagem, transporte e distribui\u00e7\u00e3o). <\/span><\/p>\n<p><span style=\"font-weight: 400;\">Para o efeito, trabalhamos com os clientes em v\u00e1rias vertentes: <strong>distribui\u00e7\u00e3o exclusiva, marca pr\u00f3pria, etc. <\/strong><\/span><\/p>\n<p><span style=\"font-weight: 400;\">Os nossos produtos foram criados para facilitar o trabalho dos agricultores na obten\u00e7\u00e3o de culturas mais saud\u00e1veis e mais produtivas. <\/span><\/p>\n<p><span style=\"font-weight: 400;\">Oferecemos uma vasta gama de produtos, adaptados \u00e0s necessidades do mercado e dos seus clientes.<\/span><\/p>\n<p><span style=\"font-weight: 400;\">A QUELAGROW IBERICA est\u00e1 presente em v\u00e1rios pa\u00edses da Europa, \u00c1frica e Am\u00e9rica sob diversas formas de representa\u00e7\u00e3o:<\/span><\/p>\n<ul>\n<li><span style=\"font-weight: 400;\">Distribui\u00e7\u00e3o exclusiva<\/span><\/li>\n<li><span style=\"font-weight: 400;\">Joint venture<\/span><span style=\"font-weight: 400;\"><br \/><\/span><\/li>\n<li><span style=\"font-weight: 400;\">Subsidi\u00e1ria<\/span><\/li>\n<\/ul>\n\t\t\t\t\t\t\t\t<\/div>\n\t\t\t\t<\/div>\n\t\t\t\t<\/div>\n\t\t<div class=\"elementor-element elementor-element-1f37e2b e-con-full e-flex e-con e-child\" data-id=\"1f37e2b\" data-element_type=\"container\" data-e-type=\"container\">\n\t\t\t\t<div class=\"elementor-element elementor-element-518b7a1 elementor-widget elementor-widget-image\" data-id=\"518b7a1\" data-element_type=\"widget\" data-e-type=\"widget\" data-widget_type=\"image.default\">\n\t\t\t\t<div class=\"elementor-widget-container\">\n\t\t\t\t\t\t\t\t\t\t\t\t\t\t\t<img decoding=\"async\" width=\"767\" height=\"767\" src=\"https:\/\/www.quelagrow.com\/wp-content\/uploads\/internacional2.jpg\" class=\"attachment-large size-large wp-image-5445\" alt=\"\" srcset=\"https:\/\/www.quelagrow.com\/wp-content\/uploads\/internacional2.jpg 767w, https:\/\/www.quelagrow.com\/wp-content\/uploads\/internacional2-300x300.jpg 300w, https:\/\/www.quelagrow.com\/wp-content\/uploads\/internacional2-150x150.jpg 150w, https:\/\/www.quelagrow.com\/wp-content\/uploads\/internacional2-100x100.jpg 100w\" sizes=\"(max-width: 767px) 100vw, 767px\" \/>\t\t\t\t\t\t\t\t\t\t\t\t\t\t\t<\/div>\n\t\t\t\t<\/div>\n\t\t\t\t<\/div>\n\t\t\t\t\t<\/div>\n\t\t\t\t<\/div>\n\t\t<div class=\"elementor-element elementor-element-d8d6aab e-con-full e-flex e-con e-parent\" data-id=\"d8d6aab\" data-element_type=\"container\" data-e-type=\"container\">\n\t\t\t\t<div class=\"elementor-element elementor-element-6f0fdcf elementor-widget elementor-widget-gallery\" data-id=\"6f0fdcf\" data-element_type=\"widget\" data-e-type=\"widget\" data-settings=\"{&quot;columns&quot;:6,&quot;columns_mobile&quot;:2,&quot;gap&quot;:{&quot;unit&quot;:&quot;px&quot;,&quot;size&quot;:0,&quot;sizes&quot;:[]},&quot;gap_mobile&quot;:{&quot;unit&quot;:&quot;px&quot;,&quot;size&quot;:0,&quot;sizes&quot;:[]},&quot;lazyload&quot;:&quot;yes&quot;,&quot;gallery_layout&quot;:&quot;grid&quot;,&quot;columns_tablet&quot;:2,&quot;gap_tablet&quot;:{&quot;unit&quot;:&quot;px&quot;,&quot;size&quot;:10,&quot;sizes&quot;:[]},&quot;link_to&quot;:&quot;file&quot;,&quot;aspect_ratio&quot;:&quot;3:2&quot;,&quot;overlay_background&quot;:&quot;yes&quot;,&quot;content_hover_animation&quot;:&quot;fade-in&quot;}\" data-widget_type=\"gallery.default\">\n\t\t\t\t<div class=\"elementor-widget-container\">\n\t\t\t\t\t\t\t<div class=\"elementor-gallery__container\">\n\t\t\t\t\t\t\t<a class=\"e-gallery-item elementor-gallery-item elementor-animated-content\" href=\"https:\/\/www.quelagrow.com\/wp-content\/uploads\/2020-11-14-2.jpg\" data-elementor-open-lightbox=\"yes\" data-elementor-lightbox-slideshow=\"6f0fdcf\" data-elementor-lightbox-title=\"2020-11-14-2\" data-e-action-hash=\"#elementor-action%3Aaction%3Dlightbox%26settings%3DeyJpZCI6NDYzNiwidXJsIjoiaHR0cHM6XC9cL3d3dy5xdWVsYWdyb3cuY29tXC93cC1jb250ZW50XC91cGxvYWRzXC8yMDIwLTExLTE0LTIuanBnIiwic2xpZGVzaG93IjoiNmYwZmRjZiJ9\">\n\t\t\t\t\t<div class=\"e-gallery-image elementor-gallery-item__image\" data-thumbnail=\"https:\/\/www.quelagrow.com\/wp-content\/uploads\/2020-11-14-2-300x169.jpg\" data-width=\"300\" data-height=\"169\" aria-label=\"\" role=\"img\" ><\/div>\n\t\t\t\t\t\t\t\t\t\t\t<div class=\"elementor-gallery-item__overlay\"><\/div>\n\t\t\t\t\t\t\t\t\t\t\t\t\t\t<\/a>\n\t\t\t\t\t\t\t<a class=\"e-gallery-item elementor-gallery-item elementor-animated-content\" href=\"https:\/\/www.quelagrow.com\/wp-content\/uploads\/2020-11-14-4.jpg\" data-elementor-open-lightbox=\"yes\" data-elementor-lightbox-slideshow=\"6f0fdcf\" data-elementor-lightbox-title=\"2020-11-14-4\" data-e-action-hash=\"#elementor-action%3Aaction%3Dlightbox%26settings%3DeyJpZCI6NDYzMSwidXJsIjoiaHR0cHM6XC9cL3d3dy5xdWVsYWdyb3cuY29tXC93cC1jb250ZW50XC91cGxvYWRzXC8yMDIwLTExLTE0LTQuanBnIiwic2xpZGVzaG93IjoiNmYwZmRjZiJ9\">\n\t\t\t\t\t<div class=\"e-gallery-image elementor-gallery-item__image\" data-thumbnail=\"https:\/\/www.quelagrow.com\/wp-content\/uploads\/2020-11-14-4-300x169.jpg\" data-width=\"300\" data-height=\"169\" aria-label=\"\" role=\"img\" ><\/div>\n\t\t\t\t\t\t\t\t\t\t\t<div class=\"elementor-gallery-item__overlay\"><\/div>\n\t\t\t\t\t\t\t\t\t\t\t\t\t\t<\/a>\n\t\t\t\t\t\t\t<a class=\"e-gallery-item elementor-gallery-item elementor-animated-content\" href=\"https:\/\/www.quelagrow.com\/wp-content\/uploads\/2020-11-14-3.jpg\" data-elementor-open-lightbox=\"yes\" data-elementor-lightbox-slideshow=\"6f0fdcf\" data-elementor-lightbox-title=\"2020-11-14-3\" data-e-action-hash=\"#elementor-action%3Aaction%3Dlightbox%26settings%3DeyJpZCI6NDYxNSwidXJsIjoiaHR0cHM6XC9cL3d3dy5xdWVsYWdyb3cuY29tXC93cC1jb250ZW50XC91cGxvYWRzXC8yMDIwLTExLTE0LTMuanBnIiwic2xpZGVzaG93IjoiNmYwZmRjZiJ9\">\n\t\t\t\t\t<div class=\"e-gallery-image elementor-gallery-item__image\" data-thumbnail=\"https:\/\/www.quelagrow.com\/wp-content\/uploads\/2020-11-14-3-169x300.jpg\" data-width=\"169\" data-height=\"300\" aria-label=\"\" role=\"img\" ><\/div>\n\t\t\t\t\t\t\t\t\t\t\t<div class=\"elementor-gallery-item__overlay\"><\/div>\n\t\t\t\t\t\t\t\t\t\t\t\t\t\t<\/a>\n\t\t\t\t\t\t\t<a class=\"e-gallery-item elementor-gallery-item elementor-animated-content\" href=\"https:\/\/www.quelagrow.com\/wp-content\/uploads\/2020-11-14.jpg\" data-elementor-open-lightbox=\"yes\" data-elementor-lightbox-slideshow=\"6f0fdcf\" data-elementor-lightbox-title=\"2020-11-14\" data-e-action-hash=\"#elementor-action%3Aaction%3Dlightbox%26settings%3DeyJpZCI6NDU4OSwidXJsIjoiaHR0cHM6XC9cL3d3dy5xdWVsYWdyb3cuY29tXC93cC1jb250ZW50XC91cGxvYWRzXC8yMDIwLTExLTE0LmpwZyIsInNsaWRlc2hvdyI6IjZmMGZkY2YifQ%3D%3D\">\n\t\t\t\t\t<div class=\"e-gallery-image elementor-gallery-item__image\" data-thumbnail=\"https:\/\/www.quelagrow.com\/wp-content\/uploads\/2020-11-14-300x144.jpg\" data-width=\"300\" data-height=\"144\" aria-label=\"\" role=\"img\" ><\/div>\n\t\t\t\t\t\t\t\t\t\t\t<div class=\"elementor-gallery-item__overlay\"><\/div>\n\t\t\t\t\t\t\t\t\t\t\t\t\t\t<\/a>\n\t\t\t\t\t\t\t<a class=\"e-gallery-item elementor-gallery-item elementor-animated-content\" href=\"https:\/\/www.quelagrow.com\/wp-content\/uploads\/IMG-20170925-WA0001.jpg\" data-elementor-open-lightbox=\"yes\" data-elementor-lightbox-slideshow=\"6f0fdcf\" data-elementor-lightbox-title=\"IMG-20170925-WA0001\" data-e-action-hash=\"#elementor-action%3Aaction%3Dlightbox%26settings%3DeyJpZCI6NDU4NCwidXJsIjoiaHR0cHM6XC9cL3d3dy5xdWVsYWdyb3cuY29tXC93cC1jb250ZW50XC91cGxvYWRzXC9JTUctMjAxNzA5MjUtV0EwMDAxLmpwZyIsInNsaWRlc2hvdyI6IjZmMGZkY2YifQ%3D%3D\">\n\t\t\t\t\t<div class=\"e-gallery-image elementor-gallery-item__image\" data-thumbnail=\"https:\/\/www.quelagrow.com\/wp-content\/uploads\/IMG-20170925-WA0001-300x169.jpg\" data-width=\"300\" data-height=\"169\" aria-label=\"\" role=\"img\" ><\/div>\n\t\t\t\t\t\t\t\t\t\t\t<div class=\"elementor-gallery-item__overlay\"><\/div>\n\t\t\t\t\t\t\t\t\t\t\t\t\t\t<\/a>\n\t\t\t\t\t\t\t<a class=\"e-gallery-item elementor-gallery-item elementor-animated-content\" href=\"https:\/\/www.quelagrow.com\/wp-content\/uploads\/2020-11-14-1.jpg\" data-elementor-open-lightbox=\"yes\" data-elementor-lightbox-slideshow=\"6f0fdcf\" data-elementor-lightbox-title=\"2020-11-14-1\" data-e-action-hash=\"#elementor-action%3Aaction%3Dlightbox%26settings%3DeyJpZCI6NDY0MSwidXJsIjoiaHR0cHM6XC9cL3d3dy5xdWVsYWdyb3cuY29tXC93cC1jb250ZW50XC91cGxvYWRzXC8yMDIwLTExLTE0LTEuanBnIiwic2xpZGVzaG93IjoiNmYwZmRjZiJ9\">\n\t\t\t\t\t<div class=\"e-gallery-image elementor-gallery-item__image\" data-thumbnail=\"https:\/\/www.quelagrow.com\/wp-content\/uploads\/2020-11-14-1-300x225.jpg\" data-width=\"300\" data-height=\"225\" aria-label=\"\" role=\"img\" ><\/div>\n\t\t\t\t\t\t\t\t\t\t\t<div class=\"elementor-gallery-item__overlay\"><\/div>\n\t\t\t\t\t\t\t\t\t\t\t\t\t\t<\/a>\n\t\t\t\t\t<\/div>\n\t\t\t\t\t<\/div>\n\t\t\t\t<\/div>\n\t\t\t\t<\/div>\n\t\t<div class=\"elementor-element elementor-element-2a173e7 e-flex e-con-boxed e-con e-parent\" data-id=\"2a173e7\" data-element_type=\"container\" data-e-type=\"container\" data-settings=\"{&quot;background_background&quot;:&quot;classic&quot;}\">\n\t\t\t\t\t<div class=\"e-con-inner\">\n\t\t\t\t<div class=\"elementor-element elementor-element-a9647ff elementor-widget elementor-widget-text-editor\" data-id=\"a9647ff\" data-element_type=\"widget\" data-e-type=\"widget\" data-widget_type=\"text-editor.default\">\n\t\t\t\t<div class=\"elementor-widget-container\">\n\t\t\t\t\t\t\t\t\t<p>Se procura uma empresa europeia com uma vasta gama de produtos, que se adapta \u00e0s necessidades do mercado e dos seus clientes, a QUELAGROW IBERICA \u00e9 a sua empresa.<\/p>\n<p>Colocamos \u00e0 disposi\u00e7\u00e3o das empresas que desenvolvem a sua atividade no dom\u00ednio da agricultura intensiva e extensiva, seja em horticultura, \u00e1rvores de fruto, cereais, oleaginosas ou leguminosas, uma grande experi\u00eancia na gest\u00e3o da agricultura mais tecnificada, colaborando na introdu\u00e7\u00e3o e desenvolvimento de produtos nos mercados alvo.<\/p>\n\t\t\t\t\t\t\t\t<\/div>\n\t\t\t\t<\/div>\n\t\t\t\t\t<\/div>\n\t\t\t\t<\/div>\n\t\t<div class=\"elementor-element elementor-element-39a7fc7 e-flex e-con-boxed e-con e-parent\" data-id=\"39a7fc7\" data-element_type=\"container\" data-e-type=\"container\">\n\t\t\t\t\t<div class=\"e-con-inner\">\n\t\t\t\t<div class=\"elementor-element elementor-element-2c026c9 elementor-widget elementor-widget-image\" data-id=\"2c026c9\" data-element_type=\"widget\" data-e-type=\"widget\" data-widget_type=\"image.default\">\n\t\t\t\t<div class=\"elementor-widget-container\">\n\t\t\t\t\t\t\t\t\t\t\t\t\t\t\t<img decoding=\"async\" width=\"157\" height=\"157\" src=\"https:\/\/www.quelagrow.com\/wp-content\/uploads\/contacta-1.jpg\" class=\"attachment-large size-large wp-image-5446\" alt=\"\" srcset=\"https:\/\/www.quelagrow.com\/wp-content\/uploads\/contacta-1.jpg 157w, https:\/\/www.quelagrow.com\/wp-content\/uploads\/contacta-1-150x150.jpg 150w, https:\/\/www.quelagrow.com\/wp-content\/uploads\/contacta-1-100x100.jpg 100w\" sizes=\"(max-width: 157px) 100vw, 157px\" \/>\t\t\t\t\t\t\t\t\t\t\t\t\t\t\t<\/div>\n\t\t\t\t<\/div>\n\t\t\t\t<div class=\"elementor-element elementor-element-a0ded77 elementor-widget elementor-widget-text-editor\" data-id=\"a0ded77\" data-element_type=\"widget\" data-e-type=\"widget\" data-widget_type=\"text-editor.default\">\n\t\t\t\t<div class=\"elementor-widget-container\">\n\t\t\t\t\t\t\t\t\t<p><strong>Quer saber o que mais podemos fazer por si?<\/strong><\/p>\n\t\t\t\t\t\t\t\t<\/div>\n\t\t\t\t<\/div>\n\t\t\t\t<div class=\"elementor-element elementor-element-bf46d96 elementor-align-center elementor-widget elementor-widget-button\" data-id=\"bf46d96\" data-element_type=\"widget\" data-e-type=\"widget\" data-widget_type=\"button.default\">\n\t\t\t\t<div class=\"elementor-widget-container\">\n\t\t\t\t\t\t\t\t\t<div class=\"elementor-button-wrapper\">\n\t\t\t\t\t<a class=\"elementor-button elementor-button-link elementor-size-sm elementor-animation-float\" href=\"https:\/\/www.quelagrow.com\/pt\/contato\/\">\n\t\t\t\t\t\t<span class=\"elementor-button-content-wrapper\">\n\t\t\t\t\t\t\t\t\t<span class=\"elementor-button-text\">Contactar-nos<\/span>\n\t\t\t\t\t<\/span>\n\t\t\t\t\t<\/a>\n\t\t\t\t<\/div>\n\t\t\t\t\t\t\t\t<\/div>\n\t\t\t\t<\/div>\n\t\t\t\t\t<\/div>\n\t\t\t\t<\/div>\n\t\t\t\t<\/div>\n\t\t","protected":false},"excerpt":{"rendered":"<p>Quelagrow Ib\u00e9rica A QUELAGROW IB\u00c9RICA \u00e9 uma empresa dedicada ao fabrico e desenvolvimento de produtos agroqu\u00edmicos para a agricultura. Trabalhamos com fertilizantes tradicionais e ecol\u00f3gicos e dispomos tamb\u00e9m de uma linha de produtos fitossanit\u00e1rios com zero res\u00edduo. O nosso objetivo \u00e9 a m\u00e1xima satisfa\u00e7\u00e3o do cliente a todos os n\u00edveis (desenvolvimento do produto, fabrico, embalagem, [&hellip;]<\/p>\n","protected":false},"author":1,"featured_media":0,"parent":0,"menu_order":0,"comment_status":"closed","ping_status":"closed","template":"","meta":{"_acf_changed":false,"footnotes":""},"class_list":["post-5437","page","type-page","status-publish","hentry"],"acf":[],"_links":{"self":[{"href":"https:\/\/www.quelagrow.com\/pt\/wp-json\/wp\/v2\/pages\/5437","targetHints":{"allow":["GET"]}}],"collection":[{"href":"https:\/\/www.quelagrow.com\/pt\/wp-json\/wp\/v2\/pages"}],"about":[{"href":"https:\/\/www.quelagrow.com\/pt\/wp-json\/wp\/v2\/types\/page"}],"author":[{"embeddable":true,"href":"https:\/\/www.quelagrow.com\/pt\/wp-json\/wp\/v2\/users\/1"}],"replies":[{"embeddable":true,"href":"https:\/\/www.quelagrow.com\/pt\/wp-json\/wp\/v2\/comments?post=5437"}],"version-history":[{"count":3,"href":"https:\/\/www.quelagrow.com\/pt\/wp-json\/wp\/v2\/pages\/5437\/revisions"}],"predecessor-version":[{"id":6060,"href":"https:\/\/www.quelagrow.com\/pt\/wp-json\/wp\/v2\/pages\/5437\/revisions\/6060"}],"wp:attachment":[{"href":"https:\/\/www.quelagrow.com\/pt\/wp-json\/wp\/v2\/media?parent=5437"}],"curies":[{"name":"wp","href":"https:\/\/api.w.org\/{rel}","templated":true}]}}