{"id":5480,"date":"2024-10-23T11:16:21","date_gmt":"2024-10-23T09:16:21","guid":{"rendered":"https:\/\/webmuestra.com\/quelagrow\/sem%20categoria\/tuta-absoluta\/"},"modified":"2024-12-09T19:28:46","modified_gmt":"2024-12-09T18:28:46","slug":"tuta-absoluta","status":"publish","type":"product","link":"https:\/\/www.quelagrow.com\/pt\/bioprotectores-agricolas\/insecticidas-agricolas\/tuta-absoluta\/","title":{"rendered":"QUELAFERT\u00ae AzTOTAL"},"content":{"rendered":"<p>QUELAFERT\u00ae AzTOTAL \u00e9 um produto especialmente desenvolvido para o controlo da Tuta absoluta \u00e0 base de \u00f3leos vegetais. Res\u00edduo 0. <\/p>\n","protected":false},"excerpt":{"rendered":"<p>QUELAFERT\u00ae AzTOTAL \u00e9 um produto especialmente desenvolvido para o controlo da Tuta absoluta \u00e0 base de \u00f3leos vegetais. Res\u00edduo 0.<\/p>\n","protected":false},"featured_media":6304,"comment_status":"closed","ping_status":"closed","template":"","meta":{"_acf_changed":false},"product_brand":[],"product_cat":[195,198],"product_tag":[],"class_list":{"0":"post-5480","1":"product","2":"type-product","3":"status-publish","4":"has-post-thumbnail","6":"product_cat-bioprotectores-agricolas","7":"product_cat-insecticidas-agricolas","9":"first","10":"instock","11":"taxable","12":"shipping-taxable","13":"product-type-simple"},"acf":[],"_links":{"self":[{"href":"https:\/\/www.quelagrow.com\/pt\/wp-json\/wp\/v2\/product\/5480","targetHints":{"allow":["GET"]}}],"collection":[{"href":"https:\/\/www.quelagrow.com\/pt\/wp-json\/wp\/v2\/product"}],"about":[{"href":"https:\/\/www.quelagrow.com\/pt\/wp-json\/wp\/v2\/types\/product"}],"replies":[{"embeddable":true,"href":"https:\/\/www.quelagrow.com\/pt\/wp-json\/wp\/v2\/comments?post=5480"}],"version-history":[{"count":1,"href":"https:\/\/www.quelagrow.com\/pt\/wp-json\/wp\/v2\/product\/5480\/revisions"}],"predecessor-version":[{"id":5877,"href":"https:\/\/www.quelagrow.com\/pt\/wp-json\/wp\/v2\/product\/5480\/revisions\/5877"}],"wp:featuredmedia":[{"embeddable":true,"href":"https:\/\/www.quelagrow.com\/pt\/wp-json\/wp\/v2\/media\/6304"}],"wp:attachment":[{"href":"https:\/\/www.quelagrow.com\/pt\/wp-json\/wp\/v2\/media?parent=5480"}],"wp:term":[{"taxonomy":"product_brand","embeddable":true,"href":"https:\/\/www.quelagrow.com\/pt\/wp-json\/wp\/v2\/product_brand?post=5480"},{"taxonomy":"product_cat","embeddable":true,"href":"https:\/\/www.quelagrow.com\/pt\/wp-json\/wp\/v2\/product_cat?post=5480"},{"taxonomy":"product_tag","embeddable":true,"href":"https:\/\/www.quelagrow.com\/pt\/wp-json\/wp\/v2\/product_tag?post=5480"}],"curies":[{"name":"wp","href":"https:\/\/api.w.org\/{rel}","templated":true}]}}