{"id":5565,"date":"2024-10-24T14:14:41","date_gmt":"2024-10-24T12:14:41","guid":{"rendered":"https:\/\/webmuestra.com\/quelagrow\/sem%20categoria\/quelafert-renem\/"},"modified":"2024-12-09T19:22:37","modified_gmt":"2024-12-09T18:22:37","slug":"quelafert-renem","status":"publish","type":"product","link":"https:\/\/www.quelagrow.com\/pt\/bioprotectores-agricolas\/fungicidas-agricolas\/quelafert-renem\/","title":{"rendered":"QUELAFERT\u00ae RENEM"},"content":{"rendered":"<p><strong>RENEM<\/strong> pertence \u00e0 linha <strong>RE<\/strong> da QUELAGROW, que inclui produtos \u00e0 base de microrganismos ben\u00e9ficos para a cultura. \u00c9 um produto \u00e0 base de microrganismos com efeitos polivalentes: <\/p>\n<ul>\n<li>Aumento da flora microbiana do solo<\/li>\n<li>Regenerador do solo e aumento da fertilidade das culturas<\/li>\n<li>Aumenta a absor\u00e7\u00e3o de nutrientes pela planta<\/li>\n<li>Aumenta o crescimento e o vigor<\/li>\n<li>Aumento da toler\u00e2ncia a condi\u00e7\u00f5es abi\u00f3ticas adversas<\/li>\n<li>Estimula\u00e7\u00e3o de elicitores que previnem o ataque de nem\u00e1todos.<\/li>\n<\/ul>\n<p><strong>O RENEM<\/strong> \u00e9 um bioestimulante polivalente \u00e0 base de rizobact\u00e9rias promotoras do crescimento vegetativo pertencentes aos g\u00e9neros Bacillus e Pseudomonas, altamente adapt\u00e1veis a diferentes solos e plantas, com m\u00faltiplos efeitos positivos para a cultura e uma sinergia total entre os diferentes microrganismos que o comp\u00f5em.<\/p>\n","protected":false},"excerpt":{"rendered":"<p>RENEM pertence \u00e0 linha RE da QUELAGROW, que inclui produtos \u00e0 base de microrganismos ben\u00e9ficos para a cultura. \u00c9 um produto \u00e0 base de microrganismos com efeitos polivalentes: Aumento da flora microbiana do solo Regenerador do solo e aumento da fertilidade das culturas Aumenta a absor\u00e7\u00e3o de nutrientes pela planta Aumenta o crescimento e o [&hellip;]<\/p>\n","protected":false},"featured_media":7691,"comment_status":"closed","ping_status":"closed","template":"","meta":{"_acf_changed":false},"product_brand":[],"product_cat":[195,197],"product_tag":[],"class_list":{"0":"post-5565","1":"product","2":"type-product","3":"status-publish","4":"has-post-thumbnail","6":"product_cat-bioprotectores-agricolas","7":"product_cat-fungicidas-agricolas","9":"first","10":"instock","11":"taxable","12":"shipping-taxable","13":"product-type-simple"},"acf":[],"_links":{"self":[{"href":"https:\/\/www.quelagrow.com\/pt\/wp-json\/wp\/v2\/product\/5565","targetHints":{"allow":["GET"]}}],"collection":[{"href":"https:\/\/www.quelagrow.com\/pt\/wp-json\/wp\/v2\/product"}],"about":[{"href":"https:\/\/www.quelagrow.com\/pt\/wp-json\/wp\/v2\/types\/product"}],"replies":[{"embeddable":true,"href":"https:\/\/www.quelagrow.com\/pt\/wp-json\/wp\/v2\/comments?post=5565"}],"version-history":[{"count":1,"href":"https:\/\/www.quelagrow.com\/pt\/wp-json\/wp\/v2\/product\/5565\/revisions"}],"predecessor-version":[{"id":5859,"href":"https:\/\/www.quelagrow.com\/pt\/wp-json\/wp\/v2\/product\/5565\/revisions\/5859"}],"wp:featuredmedia":[{"embeddable":true,"href":"https:\/\/www.quelagrow.com\/pt\/wp-json\/wp\/v2\/media\/7691"}],"wp:attachment":[{"href":"https:\/\/www.quelagrow.com\/pt\/wp-json\/wp\/v2\/media?parent=5565"}],"wp:term":[{"taxonomy":"product_brand","embeddable":true,"href":"https:\/\/www.quelagrow.com\/pt\/wp-json\/wp\/v2\/product_brand?post=5565"},{"taxonomy":"product_cat","embeddable":true,"href":"https:\/\/www.quelagrow.com\/pt\/wp-json\/wp\/v2\/product_cat?post=5565"},{"taxonomy":"product_tag","embeddable":true,"href":"https:\/\/www.quelagrow.com\/pt\/wp-json\/wp\/v2\/product_tag?post=5565"}],"curies":[{"name":"wp","href":"https:\/\/api.w.org\/{rel}","templated":true}]}}