{"id":5568,"date":"2024-10-24T14:09:05","date_gmt":"2024-10-24T12:09:05","guid":{"rendered":"https:\/\/webmuestra.com\/quelagrow\/sem%20categoria\/quelafert-nemax\/"},"modified":"2026-03-16T14:12:47","modified_gmt":"2026-03-16T13:12:47","slug":"quelafert-nemax","status":"publish","type":"product","link":"https:\/\/www.quelagrow.com\/pt\/bioprotectores-agricolas\/nematicidas-agricolas\/quelafert-nemax\/","title":{"rendered":"QUELAFERT\u00ae NEMAX"},"content":{"rendered":"<p><strong>QUELAFERT\u00ae NEMAX<\/strong> \u00e9 uma formula\u00e7\u00e3o biol\u00f3gica de fungos mitosp\u00f3ricos que actua como <strong>nematicida<\/strong> contra nem\u00e1todos como meloidogyne sp., radopholus sp., helicotilenchus sp., pratylenchus sp. e globodera sp. que infectam especialmente as ra\u00edzes das culturas hort\u00edcolas. Estes fungos actuam nas 3 fases da praga: parasitam os nem\u00e1todes formadores de br\u00e2nquias, formando apress\u00f3rios, desenvolvidos a partir das hifas indiferenciadas que permitem a coloniza\u00e7\u00e3o da superf\u00edcie dos ovos, larvas e adultos dos nem\u00e1todes. Com <strong>QUELAFERT\u00ae NEMAX<\/strong> conseguimos:<\/p>\n<ul>\n<li>Reduz r\u00e1pida e eficazmente a infesta\u00e7\u00e3o de nem\u00e1todos, pois actua nas 3 fases do parasita.<\/li>\n<li>Melhoria do condicionamento do solo para o crescimento das ra\u00edzes, favorecendo o desenvolvimento de novas ra\u00edzes para substituir as atacadas pelo nem\u00e1todo.<\/li>\n<\/ul>\n<p><strong>QUELAFERT\u00ae NEMAX<\/strong> \u00e9 um nematicida biol\u00f3gico \u00e0 base de microrganismos n\u00e3o geneticamente modificados, que n\u00e3o cont\u00e9m produtos qu\u00edmicos e cujo per\u00edodo de seguran\u00e7a \u00e9 nulo, podendo ser aplicado em qualquer fase da cultura, embora os melhores resultados sejam obtidos quando \u00e9 aplicado preventivamente.<\/p>\n","protected":false},"excerpt":{"rendered":"<p>QUELAFERT\u00ae NEMAX \u00e9 uma formula\u00e7\u00e3o biol\u00f3gica de fungos mitosp\u00f3ricos que actua como nematicida contra nem\u00e1todos como meloidogyne sp., radopholus sp., helicotilenchus sp., pratylenchus sp. e globodera sp. que infectam especialmente as ra\u00edzes das culturas hort\u00edcolas. Estes fungos actuam nas 3 fases da praga: parasitam os nem\u00e1todes formadores de br\u00e2nquias, formando apress\u00f3rios, desenvolvidos a partir das [&hellip;]<\/p>\n","protected":false},"featured_media":6451,"comment_status":"closed","ping_status":"closed","template":"","meta":{"_acf_changed":false},"product_brand":[],"product_cat":[195,199],"product_tag":[],"class_list":{"0":"post-5568","1":"product","2":"type-product","3":"status-publish","4":"has-post-thumbnail","6":"product_cat-bioprotectores-agricolas","7":"product_cat-nematicidas-agricolas","9":"first","10":"instock","11":"taxable","12":"shipping-taxable","13":"product-type-simple"},"acf":[],"_links":{"self":[{"href":"https:\/\/www.quelagrow.com\/pt\/wp-json\/wp\/v2\/product\/5568","targetHints":{"allow":["GET"]}}],"collection":[{"href":"https:\/\/www.quelagrow.com\/pt\/wp-json\/wp\/v2\/product"}],"about":[{"href":"https:\/\/www.quelagrow.com\/pt\/wp-json\/wp\/v2\/types\/product"}],"replies":[{"embeddable":true,"href":"https:\/\/www.quelagrow.com\/pt\/wp-json\/wp\/v2\/comments?post=5568"}],"version-history":[{"count":1,"href":"https:\/\/www.quelagrow.com\/pt\/wp-json\/wp\/v2\/product\/5568\/revisions"}],"predecessor-version":[{"id":5860,"href":"https:\/\/www.quelagrow.com\/pt\/wp-json\/wp\/v2\/product\/5568\/revisions\/5860"}],"wp:featuredmedia":[{"embeddable":true,"href":"https:\/\/www.quelagrow.com\/pt\/wp-json\/wp\/v2\/media\/6451"}],"wp:attachment":[{"href":"https:\/\/www.quelagrow.com\/pt\/wp-json\/wp\/v2\/media?parent=5568"}],"wp:term":[{"taxonomy":"product_brand","embeddable":true,"href":"https:\/\/www.quelagrow.com\/pt\/wp-json\/wp\/v2\/product_brand?post=5568"},{"taxonomy":"product_cat","embeddable":true,"href":"https:\/\/www.quelagrow.com\/pt\/wp-json\/wp\/v2\/product_cat?post=5568"},{"taxonomy":"product_tag","embeddable":true,"href":"https:\/\/www.quelagrow.com\/pt\/wp-json\/wp\/v2\/product_tag?post=5568"}],"curies":[{"name":"wp","href":"https:\/\/api.w.org\/{rel}","templated":true}]}}