{"id":5570,"date":"2024-10-23T11:51:09","date_gmt":"2024-10-23T09:51:09","guid":{"rendered":"https:\/\/webmuestra.com\/quelagrow\/sem%20categoria\/coadyuvante\/"},"modified":"2025-04-06T16:43:15","modified_gmt":"2025-04-06T14:43:15","slug":"coadjuvante","status":"publish","type":"product","link":"https:\/\/www.quelagrow.com\/pt\/bioprotectores-agricolas\/insecticidas-agricolas\/coadjuvante\/","title":{"rendered":"QUELAFERT\u00ae RpH-PLUS"},"content":{"rendered":"<p>Adjuvante sob a forma de um concentrado sol\u00favel com as seguintes fun\u00e7\u00f5es:<\/p>\n<ul>\n<li>Tensioativo n\u00e3o i\u00f3nico que aumenta o poder molhante dos caldos.<\/li>\n<li>Melhora a penetrabilidade da subst\u00e2ncia ativa do agente de prote\u00e7\u00e3o das culturas.<\/li>\n<li>Regula o pH da solu\u00e7\u00e3o, acidificando o caldo.<\/li>\n<li>Efeito anti-espuma.<\/li>\n<\/ul>\n","protected":false},"excerpt":{"rendered":"<p>Adjuvante sob a forma de um concentrado sol\u00favel com as seguintes fun\u00e7\u00f5es: Tensioativo n\u00e3o i\u00f3nico que aumenta o poder molhante dos caldos. Melhora a penetrabilidade da subst\u00e2ncia ativa do agente de prote\u00e7\u00e3o das culturas. Regula o pH da solu\u00e7\u00e3o, acidificando o caldo. Efeito anti-espuma.<\/p>\n","protected":false},"featured_media":6929,"comment_status":"closed","ping_status":"closed","template":"","meta":{"_acf_changed":false},"product_brand":[],"product_cat":[195,198],"product_tag":[],"class_list":{"0":"post-5570","1":"product","2":"type-product","3":"status-publish","4":"has-post-thumbnail","6":"product_cat-bioprotectores-agricolas","7":"product_cat-insecticidas-agricolas","9":"first","10":"instock","11":"taxable","12":"shipping-taxable","13":"product-type-simple"},"acf":[],"_links":{"self":[{"href":"https:\/\/www.quelagrow.com\/pt\/wp-json\/wp\/v2\/product\/5570","targetHints":{"allow":["GET"]}}],"collection":[{"href":"https:\/\/www.quelagrow.com\/pt\/wp-json\/wp\/v2\/product"}],"about":[{"href":"https:\/\/www.quelagrow.com\/pt\/wp-json\/wp\/v2\/types\/product"}],"replies":[{"embeddable":true,"href":"https:\/\/www.quelagrow.com\/pt\/wp-json\/wp\/v2\/comments?post=5570"}],"version-history":[{"count":1,"href":"https:\/\/www.quelagrow.com\/pt\/wp-json\/wp\/v2\/product\/5570\/revisions"}],"predecessor-version":[{"id":5873,"href":"https:\/\/www.quelagrow.com\/pt\/wp-json\/wp\/v2\/product\/5570\/revisions\/5873"}],"wp:featuredmedia":[{"embeddable":true,"href":"https:\/\/www.quelagrow.com\/pt\/wp-json\/wp\/v2\/media\/6929"}],"wp:attachment":[{"href":"https:\/\/www.quelagrow.com\/pt\/wp-json\/wp\/v2\/media?parent=5570"}],"wp:term":[{"taxonomy":"product_brand","embeddable":true,"href":"https:\/\/www.quelagrow.com\/pt\/wp-json\/wp\/v2\/product_brand?post=5570"},{"taxonomy":"product_cat","embeddable":true,"href":"https:\/\/www.quelagrow.com\/pt\/wp-json\/wp\/v2\/product_cat?post=5570"},{"taxonomy":"product_tag","embeddable":true,"href":"https:\/\/www.quelagrow.com\/pt\/wp-json\/wp\/v2\/product_tag?post=5570"}],"curies":[{"name":"wp","href":"https:\/\/api.w.org\/{rel}","templated":true}]}}