{"id":5572,"date":"2024-10-23T11:47:18","date_gmt":"2024-10-23T09:47:18","guid":{"rendered":"https:\/\/webmuestra.com\/quelagrow\/sem%20categoria\/acaricida\/"},"modified":"2025-04-06T16:19:08","modified_gmt":"2025-04-06T14:19:08","slug":"acaricida","status":"publish","type":"product","link":"https:\/\/www.quelagrow.com\/pt\/bioprotectores-agricolas\/insecticidas-agricolas\/acaricida\/","title":{"rendered":"QUELAFERT\u00ae HACKER"},"content":{"rendered":"<p>Produto \u00e0 base de sab\u00e3o especialmente concebido para o controlo dos \u00e1caros e aranhi\u00e7os em geral. Controla estes parasitas sem deixar res\u00edduos. Actua por ingest\u00e3o e contacto. <\/p>\n","protected":false},"excerpt":{"rendered":"<p>Produto \u00e0 base de sab\u00e3o especialmente concebido para o controlo dos \u00e1caros e aranhi\u00e7os em geral. Controla estes parasitas sem deixar res\u00edduos. Actua por ingest\u00e3o e contacto.<\/p>\n","protected":false},"featured_media":8049,"comment_status":"closed","ping_status":"closed","template":"","meta":{"_acf_changed":false},"product_brand":[],"product_cat":[195,198],"product_tag":[],"class_list":{"0":"post-5572","1":"product","2":"type-product","3":"status-publish","4":"has-post-thumbnail","6":"product_cat-bioprotectores-agricolas","7":"product_cat-insecticidas-agricolas","9":"first","10":"instock","11":"taxable","12":"shipping-taxable","13":"product-type-simple"},"acf":[],"_links":{"self":[{"href":"https:\/\/www.quelagrow.com\/pt\/wp-json\/wp\/v2\/product\/5572","targetHints":{"allow":["GET"]}}],"collection":[{"href":"https:\/\/www.quelagrow.com\/pt\/wp-json\/wp\/v2\/product"}],"about":[{"href":"https:\/\/www.quelagrow.com\/pt\/wp-json\/wp\/v2\/types\/product"}],"replies":[{"embeddable":true,"href":"https:\/\/www.quelagrow.com\/pt\/wp-json\/wp\/v2\/comments?post=5572"}],"version-history":[{"count":1,"href":"https:\/\/www.quelagrow.com\/pt\/wp-json\/wp\/v2\/product\/5572\/revisions"}],"predecessor-version":[{"id":5874,"href":"https:\/\/www.quelagrow.com\/pt\/wp-json\/wp\/v2\/product\/5572\/revisions\/5874"}],"wp:featuredmedia":[{"embeddable":true,"href":"https:\/\/www.quelagrow.com\/pt\/wp-json\/wp\/v2\/media\/8049"}],"wp:attachment":[{"href":"https:\/\/www.quelagrow.com\/pt\/wp-json\/wp\/v2\/media?parent=5572"}],"wp:term":[{"taxonomy":"product_brand","embeddable":true,"href":"https:\/\/www.quelagrow.com\/pt\/wp-json\/wp\/v2\/product_brand?post=5572"},{"taxonomy":"product_cat","embeddable":true,"href":"https:\/\/www.quelagrow.com\/pt\/wp-json\/wp\/v2\/product_cat?post=5572"},{"taxonomy":"product_tag","embeddable":true,"href":"https:\/\/www.quelagrow.com\/pt\/wp-json\/wp\/v2\/product_tag?post=5572"}],"curies":[{"name":"wp","href":"https:\/\/api.w.org\/{rel}","templated":true}]}}