{"id":5574,"date":"2024-10-23T11:42:10","date_gmt":"2024-10-23T09:42:10","guid":{"rendered":"https:\/\/webmuestra.com\/quelagrow\/sem%20categoria\/trips\/"},"modified":"2025-04-02T19:26:04","modified_gmt":"2025-04-02T17:26:04","slug":"trips","status":"publish","type":"product","link":"https:\/\/www.quelagrow.com\/pt\/bioprotectores-agricolas\/insecticidas-agricolas\/trips\/","title":{"rendered":"QUELAFERT\u00ae AZOR"},"content":{"rendered":"<p>Produto \u00e0 base de sab\u00e3o especialmente concebido para o controlo da mosca branca e dos tripes. Controla estes parasitas sem deixar res\u00edduos. Actua por ingest\u00e3o e contacto.<\/p>\n","protected":false},"excerpt":{"rendered":"<p>Produto \u00e0 base de sab\u00e3o especialmente concebido para o controlo da mosca branca e dos tripes. Controla estes parasitas sem deixar res\u00edduos. Actua por ingest\u00e3o e contacto.<\/p>\n","protected":false},"featured_media":6924,"comment_status":"closed","ping_status":"closed","template":"","meta":{"_acf_changed":false},"product_brand":[],"product_cat":[195,198],"product_tag":[],"class_list":{"0":"post-5574","1":"product","2":"type-product","3":"status-publish","4":"has-post-thumbnail","6":"product_cat-bioprotectores-agricolas","7":"product_cat-insecticidas-agricolas","9":"first","10":"instock","11":"taxable","12":"shipping-taxable","13":"product-type-simple"},"acf":[],"_links":{"self":[{"href":"https:\/\/www.quelagrow.com\/pt\/wp-json\/wp\/v2\/product\/5574","targetHints":{"allow":["GET"]}}],"collection":[{"href":"https:\/\/www.quelagrow.com\/pt\/wp-json\/wp\/v2\/product"}],"about":[{"href":"https:\/\/www.quelagrow.com\/pt\/wp-json\/wp\/v2\/types\/product"}],"replies":[{"embeddable":true,"href":"https:\/\/www.quelagrow.com\/pt\/wp-json\/wp\/v2\/comments?post=5574"}],"version-history":[{"count":1,"href":"https:\/\/www.quelagrow.com\/pt\/wp-json\/wp\/v2\/product\/5574\/revisions"}],"predecessor-version":[{"id":5875,"href":"https:\/\/www.quelagrow.com\/pt\/wp-json\/wp\/v2\/product\/5574\/revisions\/5875"}],"wp:featuredmedia":[{"embeddable":true,"href":"https:\/\/www.quelagrow.com\/pt\/wp-json\/wp\/v2\/media\/6924"}],"wp:attachment":[{"href":"https:\/\/www.quelagrow.com\/pt\/wp-json\/wp\/v2\/media?parent=5574"}],"wp:term":[{"taxonomy":"product_brand","embeddable":true,"href":"https:\/\/www.quelagrow.com\/pt\/wp-json\/wp\/v2\/product_brand?post=5574"},{"taxonomy":"product_cat","embeddable":true,"href":"https:\/\/www.quelagrow.com\/pt\/wp-json\/wp\/v2\/product_cat?post=5574"},{"taxonomy":"product_tag","embeddable":true,"href":"https:\/\/www.quelagrow.com\/pt\/wp-json\/wp\/v2\/product_tag?post=5574"}],"curies":[{"name":"wp","href":"https:\/\/api.w.org\/{rel}","templated":true}]}}