{"id":5580,"date":"2024-10-23T11:09:36","date_gmt":"2024-10-23T09:09:36","guid":{"rendered":"https:\/\/webmuestra.com\/quelagrow\/sem%20categoria\/sabon-fosforico\/"},"modified":"2025-04-06T16:27:50","modified_gmt":"2025-04-06T14:27:50","slug":"sabon-fosforico","status":"publish","type":"product","link":"https:\/\/www.quelagrow.com\/pt\/bioprotectores-agricolas\/insecticidas-agricolas\/sabon-fosforico\/","title":{"rendered":"QUELAFERT\u00ae OLEO-P"},"content":{"rendered":"<p>Produto \u00e0 base de sais de \u00f3leos vegetais com elevado teor de azoto e f\u00f3sforo (<strong>sab\u00e3o fosf\u00f3rico<\/strong>). Indicado como inseticida e como limpador das partes a\u00e9reas das culturas de mela\u00e7o e das manchas produzidas por insectos e \u00e1caros como moscas brancas, pulg\u00f5es e cochonilhas. O produto \u00e9 um <strong>sab\u00e3o fosf\u00f3rico<\/strong> n\u00e3o resistente que actua por contacto, destruindo a membrana celular dos insectos, \u00e1caros e ninfas, bem como dissolvendo a quitina do exoesqueleto do inseto. Devido \u00e0 sua capacidade de dissolver a melada, aumenta a sensibilidade dos insectos a qualquer outro agroqu\u00edmico e pode chegar a desidrat\u00e1-los, provocando a sua morte. Por este motivo, recomenda-se a sua utiliza\u00e7\u00e3o como agente molhante, pois quando misturado com outros produtos, actua como potenciador do efeito inseticida. <\/p>\n","protected":false},"excerpt":{"rendered":"<p>Produto \u00e0 base de sais de \u00f3leos vegetais com elevado teor de azoto e f\u00f3sforo (sab\u00e3o fosf\u00f3rico). Indicado como inseticida e como limpador das partes a\u00e9reas das culturas de mela\u00e7o e das manchas produzidas por insectos e \u00e1caros como moscas brancas, pulg\u00f5es e cochonilhas. O produto \u00e9 um sab\u00e3o fosf\u00f3rico n\u00e3o resistente que actua por [&hellip;]<\/p>\n","protected":false},"featured_media":7119,"comment_status":"closed","ping_status":"closed","template":"","meta":{"_acf_changed":false},"product_brand":[],"product_cat":[195,198],"product_tag":[],"class_list":{"0":"post-5580","1":"product","2":"type-product","3":"status-publish","4":"has-post-thumbnail","6":"product_cat-bioprotectores-agricolas","7":"product_cat-insecticidas-agricolas","9":"first","10":"instock","11":"taxable","12":"shipping-taxable","13":"product-type-simple"},"acf":[],"_links":{"self":[{"href":"https:\/\/www.quelagrow.com\/pt\/wp-json\/wp\/v2\/product\/5580","targetHints":{"allow":["GET"]}}],"collection":[{"href":"https:\/\/www.quelagrow.com\/pt\/wp-json\/wp\/v2\/product"}],"about":[{"href":"https:\/\/www.quelagrow.com\/pt\/wp-json\/wp\/v2\/types\/product"}],"replies":[{"embeddable":true,"href":"https:\/\/www.quelagrow.com\/pt\/wp-json\/wp\/v2\/comments?post=5580"}],"version-history":[{"count":1,"href":"https:\/\/www.quelagrow.com\/pt\/wp-json\/wp\/v2\/product\/5580\/revisions"}],"predecessor-version":[{"id":7240,"href":"https:\/\/www.quelagrow.com\/pt\/wp-json\/wp\/v2\/product\/5580\/revisions\/7240"}],"wp:featuredmedia":[{"embeddable":true,"href":"https:\/\/www.quelagrow.com\/pt\/wp-json\/wp\/v2\/media\/7119"}],"wp:attachment":[{"href":"https:\/\/www.quelagrow.com\/pt\/wp-json\/wp\/v2\/media?parent=5580"}],"wp:term":[{"taxonomy":"product_brand","embeddable":true,"href":"https:\/\/www.quelagrow.com\/pt\/wp-json\/wp\/v2\/product_brand?post=5580"},{"taxonomy":"product_cat","embeddable":true,"href":"https:\/\/www.quelagrow.com\/pt\/wp-json\/wp\/v2\/product_cat?post=5580"},{"taxonomy":"product_tag","embeddable":true,"href":"https:\/\/www.quelagrow.com\/pt\/wp-json\/wp\/v2\/product_tag?post=5580"}],"curies":[{"name":"wp","href":"https:\/\/api.w.org\/{rel}","templated":true}]}}