{"id":5582,"date":"2024-10-23T10:59:29","date_gmt":"2024-10-23T08:59:29","guid":{"rendered":"https:\/\/webmuestra.com\/quelagrow\/sem%20categoria\/sabon-potassico\/"},"modified":"2025-08-26T22:04:31","modified_gmt":"2025-08-26T20:04:31","slug":"sabon-potassico","status":"publish","type":"product","link":"https:\/\/www.quelagrow.com\/pt\/bioprotectores-agricolas\/insecticidas-agricolas\/sabon-potassico\/","title":{"rendered":"QUELAFERT\u00ae OLEO-K"},"content":{"rendered":"<p>Sab\u00e3o pot\u00e1ssico de origem natural, indicado como inseticida e como limpador das partes a\u00e9reas das culturas de mela\u00e7o e manchas produzidas por insectos e \u00e1caros como moscas brancas, pulg\u00f5es, cochonilhas. O produto \u00e9 um inseticida n\u00e3o resistente que actua por contacto, destruindo a membrana celular dos insectos, \u00e1caros e ninfas, bem como dissolvendo a quitina do exoesqueleto do inseto. Devido \u00e0 sua capacidade de dissolver a melada, aumenta a sensibilidade dos insectos a qualquer outro agroqu\u00edmico e pode mesmo desidrat\u00e1-los, provocando a sua morte. Por este motivo, recomenda-se a sua utiliza\u00e7\u00e3o como agente molhante, j\u00e1 que, misturado com outros produtos, actua como potenciador do efeito inseticida.<\/p>\n","protected":false},"excerpt":{"rendered":"<p>Sab\u00e3o pot\u00e1ssico de origem natural, indicado como inseticida e como limpador das partes a\u00e9reas das culturas de mela\u00e7o e manchas produzidas por insectos e \u00e1caros como moscas brancas, pulg\u00f5es, cochonilhas. O produto \u00e9 um inseticida n\u00e3o resistente que actua por contacto, destruindo a membrana celular dos insectos, \u00e1caros e ninfas, bem como dissolvendo a quitina [&hellip;]<\/p>\n","protected":false},"featured_media":6656,"comment_status":"closed","ping_status":"closed","template":"","meta":{"_acf_changed":false},"product_brand":[],"product_cat":[195,198],"product_tag":[],"class_list":{"0":"post-5582","1":"product","2":"type-product","3":"status-publish","4":"has-post-thumbnail","6":"product_cat-bioprotectores-agricolas","7":"product_cat-insecticidas-agricolas","9":"first","10":"instock","11":"taxable","12":"shipping-taxable","13":"product-type-simple"},"acf":[],"_links":{"self":[{"href":"https:\/\/www.quelagrow.com\/pt\/wp-json\/wp\/v2\/product\/5582","targetHints":{"allow":["GET"]}}],"collection":[{"href":"https:\/\/www.quelagrow.com\/pt\/wp-json\/wp\/v2\/product"}],"about":[{"href":"https:\/\/www.quelagrow.com\/pt\/wp-json\/wp\/v2\/types\/product"}],"replies":[{"embeddable":true,"href":"https:\/\/www.quelagrow.com\/pt\/wp-json\/wp\/v2\/comments?post=5582"}],"version-history":[{"count":1,"href":"https:\/\/www.quelagrow.com\/pt\/wp-json\/wp\/v2\/product\/5582\/revisions"}],"predecessor-version":[{"id":7236,"href":"https:\/\/www.quelagrow.com\/pt\/wp-json\/wp\/v2\/product\/5582\/revisions\/7236"}],"wp:featuredmedia":[{"embeddable":true,"href":"https:\/\/www.quelagrow.com\/pt\/wp-json\/wp\/v2\/media\/6656"}],"wp:attachment":[{"href":"https:\/\/www.quelagrow.com\/pt\/wp-json\/wp\/v2\/media?parent=5582"}],"wp:term":[{"taxonomy":"product_brand","embeddable":true,"href":"https:\/\/www.quelagrow.com\/pt\/wp-json\/wp\/v2\/product_brand?post=5582"},{"taxonomy":"product_cat","embeddable":true,"href":"https:\/\/www.quelagrow.com\/pt\/wp-json\/wp\/v2\/product_cat?post=5582"},{"taxonomy":"product_tag","embeddable":true,"href":"https:\/\/www.quelagrow.com\/pt\/wp-json\/wp\/v2\/product_tag?post=5582"}],"curies":[{"name":"wp","href":"https:\/\/api.w.org\/{rel}","templated":true}]}}