{"id":5584,"date":"2024-10-24T12:49:35","date_gmt":"2024-10-24T10:49:35","guid":{"rendered":"https:\/\/webmuestra.com\/quelagrow\/sem%20categoria\/bioprotector-hongos-suelo\/"},"modified":"2024-12-09T19:23:12","modified_gmt":"2024-12-09T18:23:12","slug":"bioprotetor-fungos-solo","status":"publish","type":"product","link":"https:\/\/www.quelagrow.com\/pt\/bioprotectores-agricolas\/fungicidas-agricolas\/bioprotetor-fungos-solo\/","title":{"rendered":"QUELAFERT\u00ae REFUN"},"content":{"rendered":"<p>QUELAFERT\u00ae REFUN<\/p>\n<div>\n<p><strong>REFUN<\/strong> (produto pertencente \u00e0 linha <strong>RE<\/strong> de QUELAGROW) \u00e9 um produto \u00e0 base de microrganismos que controla os agentes patog\u00e9nicos como fusarium, verticylium, openicilum, phytophtora c. nicotinae e citrus que atacam a raiz da planta, al\u00e9m de ter um efeito bioestimulante sobre o sistema radicular, o que se traduz num maior vigor no crescimento e desenvolvimento da planta. Os benef\u00edcios que REFUN traz para as culturas s\u00e3o:<\/p>\n<ul>\n<li>Aumento da flora microbiana do solo<\/li>\n<li>Regenerador do solo e aumento da fertilidade das culturas<\/li>\n<li>Aumenta a absor\u00e7\u00e3o de nutrientes pela planta<\/li>\n<li>Aumenta o crescimento e o vigor<\/li>\n<li>Aumento da toler\u00e2ncia a condi\u00e7\u00f5es abi\u00f3ticas adversas<\/li>\n<\/ul>\n<p>Indutor das defesas da planta contra diferentes fungos patog\u00e9nicos. Rhizoctonia, Phythophtora, Fusarium, Verticilium, Pitium, Macrophomina f. Biofungicida de largo espetro.  <\/p>\n<\/div>\n","protected":false},"excerpt":{"rendered":"<p>QUELAFERT\u00ae REFUN REFUN (produto pertencente \u00e0 linha RE de QUELAGROW) \u00e9 um produto \u00e0 base de microrganismos que controla os agentes patog\u00e9nicos como fusarium, verticylium, openicilum, phytophtora c. nicotinae e citrus que atacam a raiz da planta, al\u00e9m de ter um efeito bioestimulante sobre o sistema radicular, o que se traduz num maior vigor no [&hellip;]<\/p>\n","protected":false},"featured_media":6344,"comment_status":"closed","ping_status":"closed","template":"","meta":{"_acf_changed":false},"product_brand":[],"product_cat":[195,197],"product_tag":[],"class_list":{"0":"post-5584","1":"product","2":"type-product","3":"status-publish","4":"has-post-thumbnail","6":"product_cat-bioprotectores-agricolas","7":"product_cat-fungicidas-agricolas","9":"first","10":"instock","11":"taxable","12":"shipping-taxable","13":"product-type-simple"},"acf":[],"_links":{"self":[{"href":"https:\/\/www.quelagrow.com\/pt\/wp-json\/wp\/v2\/product\/5584","targetHints":{"allow":["GET"]}}],"collection":[{"href":"https:\/\/www.quelagrow.com\/pt\/wp-json\/wp\/v2\/product"}],"about":[{"href":"https:\/\/www.quelagrow.com\/pt\/wp-json\/wp\/v2\/types\/product"}],"replies":[{"embeddable":true,"href":"https:\/\/www.quelagrow.com\/pt\/wp-json\/wp\/v2\/comments?post=5584"}],"version-history":[{"count":1,"href":"https:\/\/www.quelagrow.com\/pt\/wp-json\/wp\/v2\/product\/5584\/revisions"}],"predecessor-version":[{"id":5861,"href":"https:\/\/www.quelagrow.com\/pt\/wp-json\/wp\/v2\/product\/5584\/revisions\/5861"}],"wp:featuredmedia":[{"embeddable":true,"href":"https:\/\/www.quelagrow.com\/pt\/wp-json\/wp\/v2\/media\/6344"}],"wp:attachment":[{"href":"https:\/\/www.quelagrow.com\/pt\/wp-json\/wp\/v2\/media?parent=5584"}],"wp:term":[{"taxonomy":"product_brand","embeddable":true,"href":"https:\/\/www.quelagrow.com\/pt\/wp-json\/wp\/v2\/product_brand?post=5584"},{"taxonomy":"product_cat","embeddable":true,"href":"https:\/\/www.quelagrow.com\/pt\/wp-json\/wp\/v2\/product_cat?post=5584"},{"taxonomy":"product_tag","embeddable":true,"href":"https:\/\/www.quelagrow.com\/pt\/wp-json\/wp\/v2\/product_tag?post=5584"}],"curies":[{"name":"wp","href":"https:\/\/api.w.org\/{rel}","templated":true}]}}