{"id":5588,"date":"2024-10-24T12:37:41","date_gmt":"2024-10-24T10:37:41","guid":{"rendered":"https:\/\/webmuestra.com\/quelagrow\/sem%20categoria\/quelafert-rekord\/"},"modified":"2024-12-09T19:23:37","modified_gmt":"2024-12-09T18:23:37","slug":"quelafert-rekord","status":"publish","type":"product","link":"https:\/\/www.quelagrow.com\/pt\/bioprotectores-agricolas\/fungicidas-agricolas\/quelafert-rekord\/","title":{"rendered":"QUELAFERT\u00ae REKORD"},"content":{"rendered":"<p>REKORD \u00e9 um produto da linha <b>RE<\/b> da QUELAGROW, um produto que refor\u00e7a as defesas contra as doen\u00e7as foliares causadas por Phytopbthora, Pythium, Rhizoctonia e Thielaviopsis, bem como fungos dos g\u00e9neros Sclerotinia e Fusarium e nem\u00e1todos do g\u00e9nero Meloydogyne spp.<\/p>\n","protected":false},"excerpt":{"rendered":"<p>REKORD \u00e9 um produto da linha RE da QUELAGROW, um produto que refor\u00e7a as defesas contra as doen\u00e7as foliares causadas por Phytopbthora, Pythium, Rhizoctonia e Thielaviopsis, bem como fungos dos g\u00e9neros Sclerotinia e Fusarium e nem\u00e1todos do g\u00e9nero Meloydogyne spp.<\/p>\n","protected":false},"featured_media":6382,"comment_status":"closed","ping_status":"closed","template":"","meta":{"_acf_changed":false},"product_brand":[],"product_cat":[195,197],"product_tag":[],"class_list":{"0":"post-5588","1":"product","2":"type-product","3":"status-publish","4":"has-post-thumbnail","6":"product_cat-bioprotectores-agricolas","7":"product_cat-fungicidas-agricolas","9":"first","10":"instock","11":"taxable","12":"shipping-taxable","13":"product-type-simple"},"acf":[],"_links":{"self":[{"href":"https:\/\/www.quelagrow.com\/pt\/wp-json\/wp\/v2\/product\/5588","targetHints":{"allow":["GET"]}}],"collection":[{"href":"https:\/\/www.quelagrow.com\/pt\/wp-json\/wp\/v2\/product"}],"about":[{"href":"https:\/\/www.quelagrow.com\/pt\/wp-json\/wp\/v2\/types\/product"}],"replies":[{"embeddable":true,"href":"https:\/\/www.quelagrow.com\/pt\/wp-json\/wp\/v2\/comments?post=5588"}],"version-history":[{"count":1,"href":"https:\/\/www.quelagrow.com\/pt\/wp-json\/wp\/v2\/product\/5588\/revisions"}],"predecessor-version":[{"id":5863,"href":"https:\/\/www.quelagrow.com\/pt\/wp-json\/wp\/v2\/product\/5588\/revisions\/5863"}],"wp:featuredmedia":[{"embeddable":true,"href":"https:\/\/www.quelagrow.com\/pt\/wp-json\/wp\/v2\/media\/6382"}],"wp:attachment":[{"href":"https:\/\/www.quelagrow.com\/pt\/wp-json\/wp\/v2\/media?parent=5588"}],"wp:term":[{"taxonomy":"product_brand","embeddable":true,"href":"https:\/\/www.quelagrow.com\/pt\/wp-json\/wp\/v2\/product_brand?post=5588"},{"taxonomy":"product_cat","embeddable":true,"href":"https:\/\/www.quelagrow.com\/pt\/wp-json\/wp\/v2\/product_cat?post=5588"},{"taxonomy":"product_tag","embeddable":true,"href":"https:\/\/www.quelagrow.com\/pt\/wp-json\/wp\/v2\/product_tag?post=5588"}],"curies":[{"name":"wp","href":"https:\/\/api.w.org\/{rel}","templated":true}]}}