{"id":5634,"date":"2024-10-03T11:12:31","date_gmt":"2024-10-03T09:12:31","guid":{"rendered":"https:\/\/www.quelagrow.com\/sem%20categoria\/abono-con-acido\/"},"modified":"2024-12-09T19:49:31","modified_gmt":"2024-12-09T18:49:31","slug":"fertilizante-com-acido","status":"publish","type":"product","link":"https:\/\/www.quelagrow.com\/pt\/fertilizantes-agricolas\/corretores-de-solos\/fertilizante-com-acido\/","title":{"rendered":"QUELAFERT\u00ae ORGANIC40"},"content":{"rendered":"<p><strong>QUELAFERT\u00ae ORGANIC<\/strong> \u00e9 um corretivo org\u00e2nico feito de subprodutos vegetais com alto teor de mat\u00e9ria org\u00e2nica. A sua utiliza\u00e7\u00e3o melhora a estrutura do solo, aumenta a absor\u00e7\u00e3o de macro e micronutrientes, promove e ativa o metabolismo da planta e desenvolve as ra\u00edzes. <strong>QUELAFERT\u00ae ORGANIC<\/strong>, gra\u00e7as ao processo de microfiltra\u00e7\u00e3o, n\u00e3o obstrui os filtros e pode ser misturado com microelementos, c\u00e1lcio, amino\u00e1cidos e a maioria dos fertilizantes. <\/p>\n","protected":false},"excerpt":{"rendered":"<p>QUELAFERT\u00ae ORGANIC \u00e9 um corretivo org\u00e2nico feito de subprodutos vegetais com alto teor de mat\u00e9ria org\u00e2nica. A sua utiliza\u00e7\u00e3o melhora a estrutura do solo, aumenta a absor\u00e7\u00e3o de macro e micronutrientes, promove e ativa o metabolismo da planta e desenvolve as ra\u00edzes. QUELAFERT\u00ae ORGANIC, gra\u00e7as ao processo de microfiltra\u00e7\u00e3o, n\u00e3o obstrui os filtros e pode [&hellip;]<\/p>\n","protected":false},"featured_media":6733,"comment_status":"closed","ping_status":"closed","template":"","meta":{"_acf_changed":false},"product_brand":[],"product_cat":[206,200],"product_tag":[207,211],"class_list":{"0":"post-5634","1":"product","2":"type-product","3":"status-publish","4":"has-post-thumbnail","6":"product_cat-corretores-de-solos","7":"product_cat-fertilizantes-agricolas","8":"product_tag-acidos-humicos-organicos-e-materia-organica-pt","9":"product_tag-organico","11":"first","12":"instock","13":"taxable","14":"shipping-taxable","15":"product-type-simple"},"acf":[],"_links":{"self":[{"href":"https:\/\/www.quelagrow.com\/pt\/wp-json\/wp\/v2\/product\/5634","targetHints":{"allow":["GET"]}}],"collection":[{"href":"https:\/\/www.quelagrow.com\/pt\/wp-json\/wp\/v2\/product"}],"about":[{"href":"https:\/\/www.quelagrow.com\/pt\/wp-json\/wp\/v2\/types\/product"}],"replies":[{"embeddable":true,"href":"https:\/\/www.quelagrow.com\/pt\/wp-json\/wp\/v2\/comments?post=5634"}],"version-history":[{"count":1,"href":"https:\/\/www.quelagrow.com\/pt\/wp-json\/wp\/v2\/product\/5634\/revisions"}],"predecessor-version":[{"id":5913,"href":"https:\/\/www.quelagrow.com\/pt\/wp-json\/wp\/v2\/product\/5634\/revisions\/5913"}],"wp:featuredmedia":[{"embeddable":true,"href":"https:\/\/www.quelagrow.com\/pt\/wp-json\/wp\/v2\/media\/6733"}],"wp:attachment":[{"href":"https:\/\/www.quelagrow.com\/pt\/wp-json\/wp\/v2\/media?parent=5634"}],"wp:term":[{"taxonomy":"product_brand","embeddable":true,"href":"https:\/\/www.quelagrow.com\/pt\/wp-json\/wp\/v2\/product_brand?post=5634"},{"taxonomy":"product_cat","embeddable":true,"href":"https:\/\/www.quelagrow.com\/pt\/wp-json\/wp\/v2\/product_cat?post=5634"},{"taxonomy":"product_tag","embeddable":true,"href":"https:\/\/www.quelagrow.com\/pt\/wp-json\/wp\/v2\/product_tag?post=5634"}],"curies":[{"name":"wp","href":"https:\/\/api.w.org\/{rel}","templated":true}]}}