{"id":5691,"date":"2024-10-24T12:22:34","date_gmt":"2024-10-24T10:22:34","guid":{"rendered":"https:\/\/www.quelagrow.com\/sem%20categoria\/complejo-microbiano\/"},"modified":"2024-12-09T19:24:19","modified_gmt":"2024-12-09T18:24:19","slug":"complexo-microbiano","status":"publish","type":"product","link":"https:\/\/www.quelagrow.com\/pt\/bioprotectores-agricolas\/fungicidas-agricolas\/complexo-microbiano\/","title":{"rendered":"QUELAFERT\u00ae RIZOBIUM"},"content":{"rendered":"<p><strong>QUELAFERT\u00ae RIZOBIUM<\/strong> \u00e9 um complexo microbiano composto por tricodermas, acidobact\u00e9rias, leveduras e fungos sic\u00f3ticos selecionados para favorecer o desenvolvimento das plantas, proporcionando:<\/p>\n<p>Competi\u00e7\u00e3o com fungos parasitas por nutrientes e espa\u00e7o (amarelos, botrytis, colletotrichum, fusarium, macrophomina, phytophthora, pythium, rhizoctonia), reduzindo a sua capacidade de infesta\u00e7\u00e3o. <\/p>\n<p>Melhor acondicionamento do solo para que a planta possa aproveitar melhor os nutrientes fornecidos, produzindo mais e melhores colheitas.<\/p>\n<p>Desagrega\u00e7\u00e3o da mat\u00e9ria org\u00e2nica do solo, disponibilizando nutrientes \u00e0 planta e reduzindo a quantidade de fertilizantes necess\u00e1rios. Traduzido com a vers\u00e3o gratuita do tradutor &#8211; DeepL.com<\/p>\n","protected":false},"excerpt":{"rendered":"<p>QUELAFERT\u00ae RIZOBIUM \u00e9 um complexo microbiano composto por tricodermas, acidobact\u00e9rias, leveduras e fungos sic\u00f3ticos selecionados para favorecer o desenvolvimento das plantas, proporcionando: Competi\u00e7\u00e3o com fungos parasitas por nutrientes e espa\u00e7o (amarelos, botrytis, colletotrichum, fusarium, macrophomina, phytophthora, pythium, rhizoctonia), reduzindo a sua capacidade de infesta\u00e7\u00e3o. Melhor acondicionamento do solo para que a planta possa aproveitar melhor [&hellip;]<\/p>\n","protected":false},"featured_media":6934,"comment_status":"closed","ping_status":"closed","template":"","meta":{"_acf_changed":false},"product_brand":[],"product_cat":[195,197],"product_tag":[],"class_list":{"0":"post-5691","1":"product","2":"type-product","3":"status-publish","4":"has-post-thumbnail","6":"product_cat-bioprotectores-agricolas","7":"product_cat-fungicidas-agricolas","9":"first","10":"instock","11":"taxable","12":"shipping-taxable","13":"product-type-simple"},"acf":[],"_links":{"self":[{"href":"https:\/\/www.quelagrow.com\/pt\/wp-json\/wp\/v2\/product\/5691","targetHints":{"allow":["GET"]}}],"collection":[{"href":"https:\/\/www.quelagrow.com\/pt\/wp-json\/wp\/v2\/product"}],"about":[{"href":"https:\/\/www.quelagrow.com\/pt\/wp-json\/wp\/v2\/types\/product"}],"replies":[{"embeddable":true,"href":"https:\/\/www.quelagrow.com\/pt\/wp-json\/wp\/v2\/comments?post=5691"}],"version-history":[{"count":1,"href":"https:\/\/www.quelagrow.com\/pt\/wp-json\/wp\/v2\/product\/5691\/revisions"}],"predecessor-version":[{"id":5866,"href":"https:\/\/www.quelagrow.com\/pt\/wp-json\/wp\/v2\/product\/5691\/revisions\/5866"}],"wp:featuredmedia":[{"embeddable":true,"href":"https:\/\/www.quelagrow.com\/pt\/wp-json\/wp\/v2\/media\/6934"}],"wp:attachment":[{"href":"https:\/\/www.quelagrow.com\/pt\/wp-json\/wp\/v2\/media?parent=5691"}],"wp:term":[{"taxonomy":"product_brand","embeddable":true,"href":"https:\/\/www.quelagrow.com\/pt\/wp-json\/wp\/v2\/product_brand?post=5691"},{"taxonomy":"product_cat","embeddable":true,"href":"https:\/\/www.quelagrow.com\/pt\/wp-json\/wp\/v2\/product_cat?post=5691"},{"taxonomy":"product_tag","embeddable":true,"href":"https:\/\/www.quelagrow.com\/pt\/wp-json\/wp\/v2\/product_tag?post=5691"}],"curies":[{"name":"wp","href":"https:\/\/api.w.org\/{rel}","templated":true}]}}