{"id":5697,"date":"2024-10-24T11:26:48","date_gmt":"2024-10-24T09:26:48","guid":{"rendered":"https:\/\/www.quelagrow.com\/sem%20categoria\/fosfito-magnesio\/"},"modified":"2024-12-09T19:25:34","modified_gmt":"2024-12-09T18:25:34","slug":"fosfito-magnesio","status":"publish","type":"product","link":"https:\/\/www.quelagrow.com\/pt\/bioprotectores-agricolas\/fungicidas-agricolas\/fosfito-magnesio\/","title":{"rendered":"QUELAFERT\u00ae FOS-Mg"},"content":{"rendered":"<p>O i\u00e3o de pot\u00e1ssio, juntamente com o i\u00e3o de magn\u00e9sio, s\u00e3o amplamente reconhecidos pelo seu poder fungist\u00e1tico. Produto isento de cloretos. <strong>QUELAFERT\u00ae FOS-Mg<\/strong> aumenta as defesas contra os ataques de fungos, especialmente Oomycetes (m\u00edldio) e tamb\u00e9m tem um efeito sobre Phytophthora e Ph parasitismo, que s\u00e3o respons\u00e1veis pela podrid\u00e3o do pesco\u00e7o, podrid\u00e3o aquosa, gomose, etc. <\/p>\n","protected":false},"excerpt":{"rendered":"<p>O i\u00e3o de pot\u00e1ssio, juntamente com o i\u00e3o de magn\u00e9sio, s\u00e3o amplamente reconhecidos pelo seu poder fungist\u00e1tico. Produto isento de cloretos. QUELAFERT\u00ae FOS-Mg aumenta as defesas contra os ataques de fungos, especialmente Oomycetes (m\u00edldio) e tamb\u00e9m tem um efeito sobre Phytophthora e Ph parasitismo, que s\u00e3o respons\u00e1veis pela podrid\u00e3o do pesco\u00e7o, podrid\u00e3o aquosa, gomose, etc.<\/p>\n","protected":false},"featured_media":5698,"comment_status":"closed","ping_status":"closed","template":"","meta":{"_acf_changed":false},"product_brand":[],"product_cat":[195,197],"product_tag":[],"class_list":{"0":"post-5697","1":"product","2":"type-product","3":"status-publish","4":"has-post-thumbnail","6":"product_cat-bioprotectores-agricolas","7":"product_cat-fungicidas-agricolas","9":"first","10":"instock","11":"taxable","12":"shipping-taxable","13":"product-type-simple"},"acf":[],"_links":{"self":[{"href":"https:\/\/www.quelagrow.com\/pt\/wp-json\/wp\/v2\/product\/5697","targetHints":{"allow":["GET"]}}],"collection":[{"href":"https:\/\/www.quelagrow.com\/pt\/wp-json\/wp\/v2\/product"}],"about":[{"href":"https:\/\/www.quelagrow.com\/pt\/wp-json\/wp\/v2\/types\/product"}],"replies":[{"embeddable":true,"href":"https:\/\/www.quelagrow.com\/pt\/wp-json\/wp\/v2\/comments?post=5697"}],"version-history":[{"count":1,"href":"https:\/\/www.quelagrow.com\/pt\/wp-json\/wp\/v2\/product\/5697\/revisions"}],"predecessor-version":[{"id":5868,"href":"https:\/\/www.quelagrow.com\/pt\/wp-json\/wp\/v2\/product\/5697\/revisions\/5868"}],"wp:featuredmedia":[{"embeddable":true,"href":"https:\/\/www.quelagrow.com\/pt\/wp-json\/wp\/v2\/media\/5698"}],"wp:attachment":[{"href":"https:\/\/www.quelagrow.com\/pt\/wp-json\/wp\/v2\/media?parent=5697"}],"wp:term":[{"taxonomy":"product_brand","embeddable":true,"href":"https:\/\/www.quelagrow.com\/pt\/wp-json\/wp\/v2\/product_brand?post=5697"},{"taxonomy":"product_cat","embeddable":true,"href":"https:\/\/www.quelagrow.com\/pt\/wp-json\/wp\/v2\/product_cat?post=5697"},{"taxonomy":"product_tag","embeddable":true,"href":"https:\/\/www.quelagrow.com\/pt\/wp-json\/wp\/v2\/product_tag?post=5697"}],"curies":[{"name":"wp","href":"https:\/\/api.w.org\/{rel}","templated":true}]}}