{"id":5699,"date":"2024-10-24T11:23:53","date_gmt":"2024-10-24T09:23:53","guid":{"rendered":"https:\/\/www.quelagrow.com\/sem%20categoria\/fosfito-cobre\/"},"modified":"2024-12-09T19:25:48","modified_gmt":"2024-12-09T18:25:48","slug":"fosfito-cuivre","status":"publish","type":"product","link":"https:\/\/www.quelagrow.com\/pt\/bioprotectores-agricolas\/fungicidas-agricolas\/fosfito-cuivre\/","title":{"rendered":"QUELAFERT\u00ae FOS-Cu"},"content":{"rendered":"<p>O f\u00f3sforo do fosfito juntamente com o i\u00e3o de cobre s\u00e3o amplamente reconhecidos pelo seu poder fungist\u00e1tico.<\/p>\n<p><strong>QUELAFERT\u00ae FOS- Cu<\/strong> aumenta as defesas contra ataques de fungos, especialmente Oomycetes (m\u00edldio) e tamb\u00e9m tem um efeito sobre Phytophthora e Ph parasitismo, que s\u00e3o respons\u00e1veis pela podrid\u00e3o do colarinho, podrid\u00e3o aquosa, gomose, etc.<\/p>\n","protected":false},"excerpt":{"rendered":"<p>O f\u00f3sforo do fosfito juntamente com o i\u00e3o de cobre s\u00e3o amplamente reconhecidos pelo seu poder fungist\u00e1tico. QUELAFERT\u00ae FOS- Cu aumenta as defesas contra ataques de fungos, especialmente Oomycetes (m\u00edldio) e tamb\u00e9m tem um efeito sobre Phytophthora e Ph parasitismo, que s\u00e3o respons\u00e1veis pela podrid\u00e3o do colarinho, podrid\u00e3o aquosa, gomose, etc.<\/p>\n","protected":false},"featured_media":5700,"comment_status":"closed","ping_status":"closed","template":"","meta":{"_acf_changed":false},"product_brand":[],"product_cat":[195,197],"product_tag":[],"class_list":{"0":"post-5699","1":"product","2":"type-product","3":"status-publish","4":"has-post-thumbnail","6":"product_cat-bioprotectores-agricolas","7":"product_cat-fungicidas-agricolas","9":"first","10":"instock","11":"taxable","12":"shipping-taxable","13":"product-type-simple"},"acf":[],"_links":{"self":[{"href":"https:\/\/www.quelagrow.com\/pt\/wp-json\/wp\/v2\/product\/5699","targetHints":{"allow":["GET"]}}],"collection":[{"href":"https:\/\/www.quelagrow.com\/pt\/wp-json\/wp\/v2\/product"}],"about":[{"href":"https:\/\/www.quelagrow.com\/pt\/wp-json\/wp\/v2\/types\/product"}],"replies":[{"embeddable":true,"href":"https:\/\/www.quelagrow.com\/pt\/wp-json\/wp\/v2\/comments?post=5699"}],"version-history":[{"count":1,"href":"https:\/\/www.quelagrow.com\/pt\/wp-json\/wp\/v2\/product\/5699\/revisions"}],"predecessor-version":[{"id":5870,"href":"https:\/\/www.quelagrow.com\/pt\/wp-json\/wp\/v2\/product\/5699\/revisions\/5870"}],"wp:featuredmedia":[{"embeddable":true,"href":"https:\/\/www.quelagrow.com\/pt\/wp-json\/wp\/v2\/media\/5700"}],"wp:attachment":[{"href":"https:\/\/www.quelagrow.com\/pt\/wp-json\/wp\/v2\/media?parent=5699"}],"wp:term":[{"taxonomy":"product_brand","embeddable":true,"href":"https:\/\/www.quelagrow.com\/pt\/wp-json\/wp\/v2\/product_brand?post=5699"},{"taxonomy":"product_cat","embeddable":true,"href":"https:\/\/www.quelagrow.com\/pt\/wp-json\/wp\/v2\/product_cat?post=5699"},{"taxonomy":"product_tag","embeddable":true,"href":"https:\/\/www.quelagrow.com\/pt\/wp-json\/wp\/v2\/product_tag?post=5699"}],"curies":[{"name":"wp","href":"https:\/\/api.w.org\/{rel}","templated":true}]}}