{"id":5701,"date":"2024-10-24T11:19:20","date_gmt":"2024-10-24T09:19:20","guid":{"rendered":"https:\/\/www.quelagrow.com\/sem%20categoria\/fosfito-potasico\/"},"modified":"2024-12-09T19:26:04","modified_gmt":"2024-12-09T18:26:04","slug":"fosfito-potassico","status":"publish","type":"product","link":"https:\/\/www.quelagrow.com\/pt\/bioprotectores-agricolas\/fungicidas-agricolas\/fosfito-potassico\/","title":{"rendered":"QUELAFERT\u00ae FOS-K"},"content":{"rendered":"<p><strong>QUELAFERT\u00ae FOS-K<\/strong> \u00e9 muito rico em f\u00f3sforo e pot\u00e1ssio, estando o f\u00f3sforo sob a forma de fosfito.<\/p>\n<p><strong>QUELAFERT\u00ae FOS-K<\/strong> aumenta as defesas contra os ataques de fungos, especialmente Oomycetes (m\u00edldio) e tamb\u00e9m tem um efeito sobre Phytophthora e Ph parasitismo, respons\u00e1veis pela podrid\u00e3o do colo, podrid\u00e3o aquosa, gomose, etc.<\/p>\n","protected":false},"excerpt":{"rendered":"<p>QUELAFERT\u00ae FOS-K \u00e9 muito rico em f\u00f3sforo e pot\u00e1ssio, estando o f\u00f3sforo sob a forma de fosfito. QUELAFERT\u00ae FOS-K aumenta as defesas contra os ataques de fungos, especialmente Oomycetes (m\u00edldio) e tamb\u00e9m tem um efeito sobre Phytophthora e Ph parasitismo, respons\u00e1veis pela podrid\u00e3o do colo, podrid\u00e3o aquosa, gomose, etc.<\/p>\n","protected":false},"featured_media":5702,"comment_status":"closed","ping_status":"closed","template":"","meta":{"_acf_changed":false},"product_brand":[],"product_cat":[195,197],"product_tag":[],"class_list":{"0":"post-5701","1":"product","2":"type-product","3":"status-publish","4":"has-post-thumbnail","6":"product_cat-bioprotectores-agricolas","7":"product_cat-fungicidas-agricolas","9":"first","10":"instock","11":"taxable","12":"shipping-taxable","13":"product-type-simple"},"acf":[],"_links":{"self":[{"href":"https:\/\/www.quelagrow.com\/pt\/wp-json\/wp\/v2\/product\/5701","targetHints":{"allow":["GET"]}}],"collection":[{"href":"https:\/\/www.quelagrow.com\/pt\/wp-json\/wp\/v2\/product"}],"about":[{"href":"https:\/\/www.quelagrow.com\/pt\/wp-json\/wp\/v2\/types\/product"}],"replies":[{"embeddable":true,"href":"https:\/\/www.quelagrow.com\/pt\/wp-json\/wp\/v2\/comments?post=5701"}],"version-history":[{"count":1,"href":"https:\/\/www.quelagrow.com\/pt\/wp-json\/wp\/v2\/product\/5701\/revisions"}],"predecessor-version":[{"id":5871,"href":"https:\/\/www.quelagrow.com\/pt\/wp-json\/wp\/v2\/product\/5701\/revisions\/5871"}],"wp:featuredmedia":[{"embeddable":true,"href":"https:\/\/www.quelagrow.com\/pt\/wp-json\/wp\/v2\/media\/5702"}],"wp:attachment":[{"href":"https:\/\/www.quelagrow.com\/pt\/wp-json\/wp\/v2\/media?parent=5701"}],"wp:term":[{"taxonomy":"product_brand","embeddable":true,"href":"https:\/\/www.quelagrow.com\/pt\/wp-json\/wp\/v2\/product_brand?post=5701"},{"taxonomy":"product_cat","embeddable":true,"href":"https:\/\/www.quelagrow.com\/pt\/wp-json\/wp\/v2\/product_cat?post=5701"},{"taxonomy":"product_tag","embeddable":true,"href":"https:\/\/www.quelagrow.com\/pt\/wp-json\/wp\/v2\/product_tag?post=5701"}],"curies":[{"name":"wp","href":"https:\/\/api.w.org\/{rel}","templated":true}]}}