{"id":5772,"date":"2024-10-22T22:39:33","date_gmt":"2024-10-22T20:39:33","guid":{"rendered":"https:\/\/www.quelagrow.com\/sem%20categoria\/quelafert-biomin\/"},"modified":"2024-12-09T19:29:52","modified_gmt":"2024-12-09T18:29:52","slug":"quelafert-biomin","status":"publish","type":"product","link":"https:\/\/www.quelagrow.com\/pt\/fertilizantes-agricolas\/bioestimulantes-agricolas\/quelafert-biomin\/","title":{"rendered":"QUELAFERT\u00ae BIOMIN"},"content":{"rendered":"<p>BIOMIN \u00e9 um p\u00f3 sol\u00favel para aplica\u00e7\u00e3o foliar com um elevado teor de azoto org\u00e2nico. BIOMIN \u00e9 um osmoregulador que protege as plantas contra condi\u00e7\u00f5es extremas como a seca, varia\u00e7\u00f5es acentuadas de temperatura, salinidade excessiva e melhora a conserva\u00e7\u00e3o dos frutos. BIOMIN \u00e9 armazenado nas c\u00e9lulas das plantas, onde proporciona uma melhor regula\u00e7\u00e3o do fluxo de \u00e1gua e nutrientes, evitando a absor\u00e7\u00e3o excessiva ou a fuga maci\u00e7a de \u00e1gua. Resumo dos benef\u00edcios do BIOMIN:    <\/p>\n<ul>\n<li>Aumento da resist\u00eancia ao stress, \u00e0 seca, \u00e0 salinidade excessiva e ao stress h\u00eddrico.<\/li>\n<li>Aumento do desempenho<\/li>\n<li>Prolongamento da dura\u00e7\u00e3o de conserva\u00e7\u00e3o dos frutos.<\/li>\n<li>Prote\u00e7\u00e3o contra a \u201cqueima das pontas\u201d e a deteriora\u00e7\u00e3o<\/li>\n<li>F\u00e1cil de utilizar, aplica\u00e7\u00e3o por pulveriza\u00e7\u00e3o foliar.<\/li>\n<\/ul>\n","protected":false},"excerpt":{"rendered":"<p>BIOMIN \u00e9 um p\u00f3 sol\u00favel para aplica\u00e7\u00e3o foliar com um elevado teor de azoto org\u00e2nico. BIOMIN \u00e9 um osmoregulador que protege as plantas contra condi\u00e7\u00f5es extremas como a seca, varia\u00e7\u00f5es acentuadas de temperatura, salinidade excessiva e melhora a conserva\u00e7\u00e3o dos frutos. BIOMIN \u00e9 armazenado nas c\u00e9lulas das plantas, onde proporciona uma melhor regula\u00e7\u00e3o do fluxo [&hellip;]<\/p>\n","protected":false},"featured_media":6285,"comment_status":"closed","ping_status":"closed","template":"","meta":{"_acf_changed":false},"product_brand":[],"product_cat":[203,200],"product_tag":[],"class_list":{"0":"post-5772","1":"product","2":"type-product","3":"status-publish","4":"has-post-thumbnail","6":"product_cat-bioestimulantes-agricolas","7":"product_cat-fertilizantes-agricolas","9":"first","10":"instock","11":"taxable","12":"shipping-taxable","13":"product-type-simple"},"acf":[],"_links":{"self":[{"href":"https:\/\/www.quelagrow.com\/pt\/wp-json\/wp\/v2\/product\/5772","targetHints":{"allow":["GET"]}}],"collection":[{"href":"https:\/\/www.quelagrow.com\/pt\/wp-json\/wp\/v2\/product"}],"about":[{"href":"https:\/\/www.quelagrow.com\/pt\/wp-json\/wp\/v2\/types\/product"}],"replies":[{"embeddable":true,"href":"https:\/\/www.quelagrow.com\/pt\/wp-json\/wp\/v2\/comments?post=5772"}],"version-history":[{"count":1,"href":"https:\/\/www.quelagrow.com\/pt\/wp-json\/wp\/v2\/product\/5772\/revisions"}],"predecessor-version":[{"id":5879,"href":"https:\/\/www.quelagrow.com\/pt\/wp-json\/wp\/v2\/product\/5772\/revisions\/5879"}],"wp:featuredmedia":[{"embeddable":true,"href":"https:\/\/www.quelagrow.com\/pt\/wp-json\/wp\/v2\/media\/6285"}],"wp:attachment":[{"href":"https:\/\/www.quelagrow.com\/pt\/wp-json\/wp\/v2\/media?parent=5772"}],"wp:term":[{"taxonomy":"product_brand","embeddable":true,"href":"https:\/\/www.quelagrow.com\/pt\/wp-json\/wp\/v2\/product_brand?post=5772"},{"taxonomy":"product_cat","embeddable":true,"href":"https:\/\/www.quelagrow.com\/pt\/wp-json\/wp\/v2\/product_cat?post=5772"},{"taxonomy":"product_tag","embeddable":true,"href":"https:\/\/www.quelagrow.com\/pt\/wp-json\/wp\/v2\/product_tag?post=5772"}],"curies":[{"name":"wp","href":"https:\/\/api.w.org\/{rel}","templated":true}]}}