{"id":5774,"date":"2024-10-22T22:33:55","date_gmt":"2024-10-22T20:33:55","guid":{"rendered":"https:\/\/www.quelagrow.com\/sem%20categoria\/organico\/"},"modified":"2025-08-26T21:48:34","modified_gmt":"2025-08-26T19:48:34","slug":"organico","status":"publish","type":"product","link":"https:\/\/www.quelagrow.com\/pt\/fertilizantes-agricolas\/bioestimulantes-agricolas\/organico\/","title":{"rendered":"QUELAFERT\u00ae VITALIM FORTE"},"content":{"rendered":"<p><strong>VITALIM FORTE<\/strong> \u00e9 um bioestimulante org\u00e2nico \u00e0 base de amino\u00e1cidos hidrolisados de baixo peso molecular, polissacar\u00eddeos e microelementos.<\/p>\n<p>Possui um elevado teor de extractos h\u00famicos e mat\u00e9ria org\u00e2nica, estimulando a cultura em momentos cr\u00edticos de crescimento (enraizamento, germina\u00e7\u00e3o, flora\u00e7\u00e3o (horticultura) ou engorda de frutos), ou quando se verificam situa\u00e7\u00f5es de stress devido a condi\u00e7\u00f5es agron\u00f3micas ou ambientais.<\/p>\n","protected":false},"excerpt":{"rendered":"<p>VITALIM FORTE \u00e9 um bioestimulante org\u00e2nico \u00e0 base de amino\u00e1cidos hidrolisados de baixo peso molecular, polissacar\u00eddeos e microelementos. Possui um elevado teor de extractos h\u00famicos e mat\u00e9ria org\u00e2nica, estimulando a cultura em momentos cr\u00edticos de crescimento (enraizamento, germina\u00e7\u00e3o, flora\u00e7\u00e3o (horticultura) ou engorda de frutos), ou quando se verificam situa\u00e7\u00f5es de stress devido a condi\u00e7\u00f5es agron\u00f3micas [&hellip;]<\/p>\n","protected":false},"featured_media":6919,"comment_status":"closed","ping_status":"closed","template":"","meta":{"_acf_changed":false},"product_brand":[],"product_cat":[203,200],"product_tag":[209,211],"class_list":{"0":"post-5774","1":"product","2":"type-product","3":"status-publish","4":"has-post-thumbnail","6":"product_cat-bioestimulantes-agricolas","7":"product_cat-fertilizantes-agricolas","8":"product_tag-bioestimulantes-organicos","9":"product_tag-organico","11":"first","12":"instock","13":"taxable","14":"shipping-taxable","15":"product-type-simple"},"acf":[],"_links":{"self":[{"href":"https:\/\/www.quelagrow.com\/pt\/wp-json\/wp\/v2\/product\/5774","targetHints":{"allow":["GET"]}}],"collection":[{"href":"https:\/\/www.quelagrow.com\/pt\/wp-json\/wp\/v2\/product"}],"about":[{"href":"https:\/\/www.quelagrow.com\/pt\/wp-json\/wp\/v2\/types\/product"}],"replies":[{"embeddable":true,"href":"https:\/\/www.quelagrow.com\/pt\/wp-json\/wp\/v2\/comments?post=5774"}],"version-history":[{"count":2,"href":"https:\/\/www.quelagrow.com\/pt\/wp-json\/wp\/v2\/product\/5774\/revisions"}],"predecessor-version":[{"id":7636,"href":"https:\/\/www.quelagrow.com\/pt\/wp-json\/wp\/v2\/product\/5774\/revisions\/7636"}],"wp:featuredmedia":[{"embeddable":true,"href":"https:\/\/www.quelagrow.com\/pt\/wp-json\/wp\/v2\/media\/6919"}],"wp:attachment":[{"href":"https:\/\/www.quelagrow.com\/pt\/wp-json\/wp\/v2\/media?parent=5774"}],"wp:term":[{"taxonomy":"product_brand","embeddable":true,"href":"https:\/\/www.quelagrow.com\/pt\/wp-json\/wp\/v2\/product_brand?post=5774"},{"taxonomy":"product_cat","embeddable":true,"href":"https:\/\/www.quelagrow.com\/pt\/wp-json\/wp\/v2\/product_cat?post=5774"},{"taxonomy":"product_tag","embeddable":true,"href":"https:\/\/www.quelagrow.com\/pt\/wp-json\/wp\/v2\/product_tag?post=5774"}],"curies":[{"name":"wp","href":"https:\/\/api.w.org\/{rel}","templated":true}]}}